{"id":17973,"date":"2025-08-01T15:27:54","date_gmt":"2025-08-01T12:27:54","guid":{"rendered":"https:\/\/ceoparts.com\/?post_type=product&#038;p=17973"},"modified":"2026-05-16T10:53:11","modified_gmt":"2026-05-16T07:53:11","slug":"hyundai-on-somun-81fy-20240da","status":"publish","type":"product","link":"https:\/\/ceoparts.com\/fr\/urun\/hyundai-on-somun-81fy-20240da\/","title":{"rendered":"\u00c9crou de roue avant HYUNDAI \u2013 81FY-20240DA"},"content":{"rendered":"<p>\u00c9crou de roue avant HYUNDAI \u2013 81FY-20240DA<\/p>","protected":false},"excerpt":{"rendered":"<p data-start=\"2318\" data-end=\"2595\">L\u2019\u00c9crou Avant HYUNDAI 81FY-20240DA est une pi\u00e8ce fiable utilis\u00e9e pour la fixation des roues avant des chariots \u00e9l\u00e9vateurs et engins de chantier. Sa construction en acier robuste emp\u00eache le desserrage sous couple \u00e9lev\u00e9 et garantit une utilisation durable et s\u00e9curis\u00e9e.<\/p>\n<p data-start=\"2597\" data-end=\"2619\"><strong data-start=\"2597\" data-end=\"2617\">Caract\u00e9ristiques<\/strong><\/p>\n<ul data-start=\"2620\" data-end=\"2913\">\n<li data-start=\"2620\" data-end=\"2663\">\n<p data-start=\"2622\" data-end=\"2663\"><strong data-start=\"2622\" data-end=\"2641\">Nom du produit:<\/strong> HYUNDAI \u00c9crou Avant<\/p>\n<\/li>\n<li data-start=\"2664\" data-end=\"2702\">\n<p data-start=\"2666\" data-end=\"2702\"><strong data-start=\"2666\" data-end=\"2687\">Code de la pi\u00e8ce:<\/strong> 81FY-20240DA<\/p>\n<\/li>\n<li data-start=\"2703\" data-end=\"2743\">\n<p data-start=\"2705\" data-end=\"2743\"><strong data-start=\"2705\" data-end=\"2718\">Mat\u00e9riau:<\/strong> Acier haute r\u00e9sistance<\/p>\n<\/li>\n<li data-start=\"2744\" data-end=\"2830\">\n<p data-start=\"2746\" data-end=\"2830\"><strong data-start=\"2746\" data-end=\"2762\">Application:<\/strong> Roues avant des chariots \u00e9l\u00e9vateurs et engins de chantier HYUNDAI<\/p>\n<\/li>\n<li data-start=\"2831\" data-end=\"2913\">\n<p data-start=\"2833\" data-end=\"2913\"><strong data-start=\"2833\" data-end=\"2846\">Avantage:<\/strong> Fixation solide, r\u00e9sistance au desserrage et longue dur\u00e9e de vie<\/p>\n<\/li>\n<\/ul>\n","protected":false},"featured_media":17976,"template":"","meta":[],"product_brand":[],"product_cat":[467],"product_tag":[],"class_list":{"0":"post-17973","1":"product","2":"type-product","3":"status-publish","4":"has-post-thumbnail","6":"product_cat-mil-grubu","8":"first","9":"instock","10":"taxable","11":"shipping-taxable","12":"purchasable","13":"product-type-simple"},"_links":{"self":[{"href":"https:\/\/ceoparts.com\/fr\/wp-json\/wp\/v2\/product\/17973","targetHints":{"allow":["GET"]}}],"collection":[{"href":"https:\/\/ceoparts.com\/fr\/wp-json\/wp\/v2\/product"}],"about":[{"href":"https:\/\/ceoparts.com\/fr\/wp-json\/wp\/v2\/types\/product"}],"wp:featuredmedia":[{"embeddable":true,"href":"https:\/\/ceoparts.com\/fr\/wp-json\/wp\/v2\/media\/17976"}],"wp:attachment":[{"href":"https:\/\/ceoparts.com\/fr\/wp-json\/wp\/v2\/media?parent=17973"}],"wp:term":[{"taxonomy":"product_brand","embeddable":true,"href":"https:\/\/ceoparts.com\/fr\/wp-json\/wp\/v2\/product_brand?post=17973"},{"taxonomy":"product_cat","embeddable":true,"href":"https:\/\/ceoparts.com\/fr\/wp-json\/wp\/v2\/product_cat?post=17973"},{"taxonomy":"product_tag","embeddable":true,"href":"https:\/\/ceoparts.com\/fr\/wp-json\/wp\/v2\/product_tag?post=17973"}],"curies":[{"name":"wp","href":"https:\/\/api.w.org\/{rel}","templated":true}]}}