{"id":17986,"date":"2025-08-04T15:49:48","date_gmt":"2025-08-04T12:49:48","guid":{"rendered":"https:\/\/ceoparts.com\/?post_type=product&#038;p=17986"},"modified":"2026-05-16T13:24:42","modified_gmt":"2026-05-16T10:24:42","slug":"kursun-aku-kutup-basi","status":"publish","type":"product","link":"https:\/\/ceoparts.com\/fr\/urun\/kursun-aku-kutup-basi\/","title":{"rendered":"Borne positive pour batterie au plomb (+)"},"content":{"rendered":"<p>Borne positive pour batterie au plomb (+)<\/p>","protected":false},"excerpt":{"rendered":"<p data-start=\"2365\" data-end=\"2662\">La Borne Positive de Batterie au Plomb (+) est un \u00e9l\u00e9ment essentiel qui assure une connexion s\u00fbre avec le p\u00f4le positif de la batterie et garantit le bon fonctionnement du circuit \u00e9lectrique. Fabriqu\u00e9e en alliage de plomb pur, elle offre une haute conductivit\u00e9 et une longue dur\u00e9e de vie.<\/p>\n<p data-start=\"2664\" data-end=\"2686\"><strong data-start=\"2664\" data-end=\"2684\">Caract\u00e9ristiques<\/strong><\/p>\n<ul data-start=\"2687\" data-end=\"2997\">\n<li data-start=\"2687\" data-end=\"2750\">\n<p data-start=\"2689\" data-end=\"2750\"><strong data-start=\"2689\" data-end=\"2708\">Nom du produit:<\/strong> Borne Positive de Batterie au Plomb (+)<\/p>\n<\/li>\n<li data-start=\"2751\" data-end=\"2785\">\n<p data-start=\"2753\" data-end=\"2785\"><strong data-start=\"2753\" data-end=\"2774\">Code de la pi\u00e8ce:<\/strong> KB-POS01<\/p>\n<\/li>\n<li data-start=\"2786\" data-end=\"2824\">\n<p data-start=\"2788\" data-end=\"2824\"><strong data-start=\"2788\" data-end=\"2801\">Mat\u00e9riau:<\/strong> Alliage de plomb pur<\/p>\n<\/li>\n<li data-start=\"2825\" data-end=\"2910\">\n<p data-start=\"2827\" data-end=\"2910\"><strong data-start=\"2827\" data-end=\"2843\">Application:<\/strong> Chariots \u00e9l\u00e9vateurs, engins de chantier et batteries automobiles<\/p>\n<\/li>\n<li data-start=\"2911\" data-end=\"2997\">\n<p data-start=\"2913\" data-end=\"2997\"><strong data-start=\"2913\" data-end=\"2926\">Avantage:<\/strong> Forte conductivit\u00e9, r\u00e9sistance \u00e0 la corrosion et longue dur\u00e9e de vie<\/p>\n<\/li>\n<\/ul>\n","protected":false},"featured_media":17997,"template":"","meta":[],"product_brand":[],"product_cat":[443],"product_tag":[],"class_list":{"0":"post-17986","1":"product","2":"type-product","3":"status-publish","4":"has-post-thumbnail","6":"product_cat-aku-parcalari","8":"first","9":"instock","10":"taxable","11":"shipping-taxable","12":"purchasable","13":"product-type-simple"},"_links":{"self":[{"href":"https:\/\/ceoparts.com\/fr\/wp-json\/wp\/v2\/product\/17986","targetHints":{"allow":["GET"]}}],"collection":[{"href":"https:\/\/ceoparts.com\/fr\/wp-json\/wp\/v2\/product"}],"about":[{"href":"https:\/\/ceoparts.com\/fr\/wp-json\/wp\/v2\/types\/product"}],"wp:featuredmedia":[{"embeddable":true,"href":"https:\/\/ceoparts.com\/fr\/wp-json\/wp\/v2\/media\/17997"}],"wp:attachment":[{"href":"https:\/\/ceoparts.com\/fr\/wp-json\/wp\/v2\/media?parent=17986"}],"wp:term":[{"taxonomy":"product_brand","embeddable":true,"href":"https:\/\/ceoparts.com\/fr\/wp-json\/wp\/v2\/product_brand?post=17986"},{"taxonomy":"product_cat","embeddable":true,"href":"https:\/\/ceoparts.com\/fr\/wp-json\/wp\/v2\/product_cat?post=17986"},{"taxonomy":"product_tag","embeddable":true,"href":"https:\/\/ceoparts.com\/fr\/wp-json\/wp\/v2\/product_tag?post=17986"}],"curies":[{"name":"wp","href":"https:\/\/api.w.org\/{rel}","templated":true}]}}