{"id":18005,"date":"2025-08-05T10:40:24","date_gmt":"2025-08-05T07:40:24","guid":{"rendered":"https:\/\/ceoparts.com\/?post_type=product&#038;p=18005"},"modified":"2026-05-16T23:07:32","modified_gmt":"2026-05-16T20:07:32","slug":"albright-kontaktor-sw180-48v","status":"publish","type":"product","link":"https:\/\/ceoparts.com\/fr\/urun\/albright-kontaktor-sw180-48v\/","title":{"rendered":"Contacteur Albright SW180 48V"},"content":{"rendered":"<p>Contacteur Albright SW180 48V<\/p>","protected":false},"excerpt":{"rendered":"<p data-start=\"2327\" data-end=\"2595\">Le Contacteur Albright SW180 48V est un composant fiable utilis\u00e9 pour la commutation de courants \u00e9lev\u00e9s dans les chariots \u00e9l\u00e9vateurs et les machines industrielles. Sa structure robuste assure une utilisation durable et de meilleures performances \u00e9lectriques.<\/p>\n<p data-start=\"2597\" data-end=\"2619\"><strong data-start=\"2597\" data-end=\"2617\">Caract\u00e9ristiques<\/strong><\/p>\n<ul data-start=\"2620\" data-end=\"2925\">\n<li data-start=\"2620\" data-end=\"2673\">\n<p data-start=\"2622\" data-end=\"2673\"><strong data-start=\"2622\" data-end=\"2641\">Nom du produit:<\/strong> Contacteur Albright SW180 48V<\/p>\n<\/li>\n<li data-start=\"2674\" data-end=\"2707\">\n<p data-start=\"2676\" data-end=\"2707\"><strong data-start=\"2676\" data-end=\"2697\">Code de la pi\u00e8ce:<\/strong> 180-48V<\/p>\n<\/li>\n<li data-start=\"2708\" data-end=\"2770\">\n<p data-start=\"2710\" data-end=\"2770\"><strong data-start=\"2710\" data-end=\"2723\">Mat\u00e9riau:<\/strong> Cuivre haute conductivit\u00e9 et alliage durable<\/p>\n<\/li>\n<li data-start=\"2771\" data-end=\"2837\">\n<p data-start=\"2773\" data-end=\"2837\"><strong data-start=\"2773\" data-end=\"2789\">Application:<\/strong> Chariots \u00e9l\u00e9vateurs et machines industrielles<\/p>\n<\/li>\n<li data-start=\"2838\" data-end=\"2925\">\n<p data-start=\"2840\" data-end=\"2925\"><strong data-start=\"2840\" data-end=\"2853\">Avantage:<\/strong> Grande capacit\u00e9 de courant, longue dur\u00e9e de vie et fonctionnement s\u00fbr<\/p>\n<\/li>\n<\/ul>\n","protected":false},"featured_media":18006,"template":"","meta":[],"product_brand":[],"product_cat":[462],"product_tag":[],"class_list":{"0":"post-18005","1":"product","2":"type-product","3":"status-publish","4":"has-post-thumbnail","6":"product_cat-kontaktorler","8":"first","9":"instock","10":"taxable","11":"shipping-taxable","12":"purchasable","13":"product-type-simple"},"_links":{"self":[{"href":"https:\/\/ceoparts.com\/fr\/wp-json\/wp\/v2\/product\/18005","targetHints":{"allow":["GET"]}}],"collection":[{"href":"https:\/\/ceoparts.com\/fr\/wp-json\/wp\/v2\/product"}],"about":[{"href":"https:\/\/ceoparts.com\/fr\/wp-json\/wp\/v2\/types\/product"}],"wp:featuredmedia":[{"embeddable":true,"href":"https:\/\/ceoparts.com\/fr\/wp-json\/wp\/v2\/media\/18006"}],"wp:attachment":[{"href":"https:\/\/ceoparts.com\/fr\/wp-json\/wp\/v2\/media?parent=18005"}],"wp:term":[{"taxonomy":"product_brand","embeddable":true,"href":"https:\/\/ceoparts.com\/fr\/wp-json\/wp\/v2\/product_brand?post=18005"},{"taxonomy":"product_cat","embeddable":true,"href":"https:\/\/ceoparts.com\/fr\/wp-json\/wp\/v2\/product_cat?post=18005"},{"taxonomy":"product_tag","embeddable":true,"href":"https:\/\/ceoparts.com\/fr\/wp-json\/wp\/v2\/product_tag?post=18005"}],"curies":[{"name":"wp","href":"https:\/\/api.w.org\/{rel}","templated":true}]}}