{"id":18018,"date":"2025-08-05T13:38:31","date_gmt":"2025-08-05T10:38:31","guid":{"rendered":"https:\/\/ceoparts.com\/?post_type=product&#038;p=18018"},"modified":"2026-05-16T18:47:33","modified_gmt":"2026-05-16T15:47:33","slug":"linde-kaldirma-pistonu-l16-1804902847","status":"publish","type":"product","link":"https:\/\/ceoparts.com\/fr\/urun\/linde-kaldirma-pistonu-l16-1804902847\/","title":{"rendered":"V\u00e9rin de levage Linde L16 \u2013 1804902847"},"content":{"rendered":"<p>V\u00e9rin de levage Linde L16 \u2013 1804902847<\/p>","protected":false},"excerpt":{"rendered":"<p data-start=\"2292\" data-end=\"2725\"><strong data-start=\"2292\" data-end=\"2333\">Piston de Levage Linde L16-1804902847<\/strong> est une pi\u00e8ce de rechange d\u2019origine qui assure le fonctionnement s\u00fbr et efficace du m\u00e9canisme de levage des chariots \u00e9l\u00e9vateurs Linde. Gr\u00e2ce \u00e0 sa conception r\u00e9sistante \u00e0 haute pression, il permet de soulever des charges lourdes en toute s\u00e9curit\u00e9 tout en garantissant une longue dur\u00e9e de vie. Id\u00e9al pour am\u00e9liorer les performances des chariots dans les environnements logistiques intensifs.<\/p>\n<p data-start=\"2727\" data-end=\"2751\"><strong data-start=\"2727\" data-end=\"2749\">Caract\u00e9ristiques :<\/strong><\/p>\n<ul data-start=\"2752\" data-end=\"3095\">\n<li data-start=\"2752\" data-end=\"2799\">\n<p data-start=\"2754\" data-end=\"2799\"><strong data-start=\"2754\" data-end=\"2774\">Nom du produit :<\/strong> Piston de Levage Linde<\/p>\n<\/li>\n<li data-start=\"2800\" data-end=\"2835\">\n<p data-start=\"2802\" data-end=\"2835\"><strong data-start=\"2802\" data-end=\"2818\">Code pi\u00e8ce :<\/strong> L16-1804902847<\/p>\n<\/li>\n<li data-start=\"2836\" data-end=\"2921\">\n<p data-start=\"2838\" data-end=\"2921\"><strong data-start=\"2838\" data-end=\"2852\">Mat\u00e9riau :<\/strong> Corps en acier r\u00e9sistant \u00e0 haute pression et \u00e9l\u00e9ments d\u2019\u00e9tanch\u00e9it\u00e9<\/p>\n<\/li>\n<li data-start=\"2922\" data-end=\"3001\">\n<p data-start=\"2924\" data-end=\"3001\"><strong data-start=\"2924\" data-end=\"2949\">Champ d\u2019application :<\/strong> M\u00e9canisme de levage des chariots \u00e9l\u00e9vateurs Linde<\/p>\n<\/li>\n<li data-start=\"3002\" data-end=\"3095\">\n<p data-start=\"3004\" data-end=\"3095\"><strong data-start=\"3004\" data-end=\"3018\">Avantage :<\/strong> Puissance de levage fiable, longue dur\u00e9e de vie, faible besoin d\u2019entretien<\/p>\n<\/li>\n<\/ul>\n","protected":false},"featured_media":18019,"template":"","meta":[],"product_brand":[],"product_cat":[246,251,470,518,523],"product_tag":[],"class_list":{"0":"post-18018","1":"product","2":"type-product","3":"status-publish","4":"has-post-thumbnail","6":"product_cat-linde","7":"product_cat-bt","8":"product_cat-diger-yedek-parcalar","9":"product_cat-yedek-parca-bt","10":"product_cat-yedek-parca-linde","12":"first","13":"instock","14":"taxable","15":"shipping-taxable","16":"purchasable","17":"product-type-simple"},"_links":{"self":[{"href":"https:\/\/ceoparts.com\/fr\/wp-json\/wp\/v2\/product\/18018","targetHints":{"allow":["GET"]}}],"collection":[{"href":"https:\/\/ceoparts.com\/fr\/wp-json\/wp\/v2\/product"}],"about":[{"href":"https:\/\/ceoparts.com\/fr\/wp-json\/wp\/v2\/types\/product"}],"wp:featuredmedia":[{"embeddable":true,"href":"https:\/\/ceoparts.com\/fr\/wp-json\/wp\/v2\/media\/18019"}],"wp:attachment":[{"href":"https:\/\/ceoparts.com\/fr\/wp-json\/wp\/v2\/media?parent=18018"}],"wp:term":[{"taxonomy":"product_brand","embeddable":true,"href":"https:\/\/ceoparts.com\/fr\/wp-json\/wp\/v2\/product_brand?post=18018"},{"taxonomy":"product_cat","embeddable":true,"href":"https:\/\/ceoparts.com\/fr\/wp-json\/wp\/v2\/product_cat?post=18018"},{"taxonomy":"product_tag","embeddable":true,"href":"https:\/\/ceoparts.com\/fr\/wp-json\/wp\/v2\/product_tag?post=18018"}],"curies":[{"name":"wp","href":"https:\/\/api.w.org\/{rel}","templated":true}]}}