{"id":18035,"date":"2025-08-05T15:16:58","date_gmt":"2025-08-05T12:16:58","guid":{"rendered":"https:\/\/ceoparts.com\/?post_type=product&#038;p=18035"},"modified":"2026-05-16T15:27:19","modified_gmt":"2026-05-16T12:27:19","slug":"crown-forklift-amortisor-kolu","status":"publish","type":"product","link":"https:\/\/ceoparts.com\/fr\/urun\/crown-forklift-amortisor-kolu\/","title":{"rendered":"Bras d\u2019amortisseur pour chariot \u00e9l\u00e9vateur Crown &#8211; 129719"},"content":{"rendered":"<p>Bras d\u2019amortisseur pour chariot \u00e9l\u00e9vateur Crown &#8211; 129719<\/p>","protected":false},"excerpt":{"rendered":"<p data-start=\"2541\" data-end=\"3021\"><strong data-start=\"2541\" data-end=\"2592\">Bras d\u2019Amortisseur pour Chariot \u00c9l\u00e9vateur Crown<\/strong> est une pi\u00e8ce de rechange durable et r\u00e9sistante, con\u00e7ue pour r\u00e9duire les vibrations et les chocs dans les chariots \u00e9l\u00e9vateurs. Cet \u00e9l\u00e9ment assure un fonctionnement plus stable, s\u00fbr et confortable, en particulier dans les entrep\u00f4ts et zones logistiques \u00e0 usage intensif. En minimisant les secousses lors du transport de charges, il prot\u00e8ge \u00e0 la fois la s\u00e9curit\u00e9 de l\u2019op\u00e9rateur et les composants m\u00e9caniques du chariot \u00e9l\u00e9vateur.<\/p>\n<p data-start=\"3023\" data-end=\"3047\"><strong data-start=\"3023\" data-end=\"3045\">Caract\u00e9ristiques :<\/strong><\/p>\n<ul data-start=\"3048\" data-end=\"3460\">\n<li data-start=\"3048\" data-end=\"3120\">\n<p data-start=\"3050\" data-end=\"3120\"><strong data-start=\"3050\" data-end=\"3070\">Nom du produit :<\/strong> Bras d\u2019Amortisseur pour Chariot \u00c9l\u00e9vateur Crown<\/p>\n<\/li>\n<li data-start=\"3121\" data-end=\"3154\">\n<p data-start=\"3123\" data-end=\"3154\"><strong data-start=\"3123\" data-end=\"3139\">Code pi\u00e8ce :<\/strong> Non sp\u00e9cifi\u00e9<\/p>\n<\/li>\n<li data-start=\"3155\" data-end=\"3224\">\n<p data-start=\"3157\" data-end=\"3224\"><strong data-start=\"3157\" data-end=\"3171\">Mat\u00e9riau :<\/strong> M\u00e9tal haute r\u00e9sistance et composants en caoutchouc<\/p>\n<\/li>\n<li data-start=\"3225\" data-end=\"3328\">\n<p data-start=\"3227\" data-end=\"3328\"><strong data-start=\"3227\" data-end=\"3252\">Champ d\u2019application :<\/strong> Bras amortisseur de vibrations et de chocs pour chariots \u00e9l\u00e9vateurs Crown<\/p>\n<\/li>\n<li data-start=\"3329\" data-end=\"3460\">\n<p data-start=\"3331\" data-end=\"3460\"><strong data-start=\"3331\" data-end=\"3345\">Avantage :<\/strong> R\u00e9duit les vibrations, assure une utilisation s\u00fbre et confortable, prolonge la dur\u00e9e de vie du chariot \u00e9l\u00e9vateur<\/p>\n<\/li>\n<\/ul>\n","protected":false},"featured_media":18037,"template":"","meta":[],"product_brand":[],"product_cat":[272,470,519],"product_tag":[],"class_list":{"0":"post-18035","1":"product","2":"type-product","3":"status-publish","4":"has-post-thumbnail","6":"product_cat-crown","7":"product_cat-diger-yedek-parcalar","8":"product_cat-yedek-parca-crown","10":"first","11":"instock","12":"taxable","13":"shipping-taxable","14":"purchasable","15":"product-type-simple"},"_links":{"self":[{"href":"https:\/\/ceoparts.com\/fr\/wp-json\/wp\/v2\/product\/18035","targetHints":{"allow":["GET"]}}],"collection":[{"href":"https:\/\/ceoparts.com\/fr\/wp-json\/wp\/v2\/product"}],"about":[{"href":"https:\/\/ceoparts.com\/fr\/wp-json\/wp\/v2\/types\/product"}],"wp:featuredmedia":[{"embeddable":true,"href":"https:\/\/ceoparts.com\/fr\/wp-json\/wp\/v2\/media\/18037"}],"wp:attachment":[{"href":"https:\/\/ceoparts.com\/fr\/wp-json\/wp\/v2\/media?parent=18035"}],"wp:term":[{"taxonomy":"product_brand","embeddable":true,"href":"https:\/\/ceoparts.com\/fr\/wp-json\/wp\/v2\/product_brand?post=18035"},{"taxonomy":"product_cat","embeddable":true,"href":"https:\/\/ceoparts.com\/fr\/wp-json\/wp\/v2\/product_cat?post=18035"},{"taxonomy":"product_tag","embeddable":true,"href":"https:\/\/ceoparts.com\/fr\/wp-json\/wp\/v2\/product_tag?post=18035"}],"curies":[{"name":"wp","href":"https:\/\/api.w.org\/{rel}","templated":true}]}}