{"id":18069,"date":"2025-08-26T09:48:21","date_gmt":"2025-08-26T06:48:21","guid":{"rendered":"https:\/\/ceoparts.com\/?post_type=product&#038;p=18069"},"modified":"2026-05-16T14:28:40","modified_gmt":"2026-05-16T11:28:40","slug":"bt-lpe200-platform-sensoru-7539524001","status":"publish","type":"product","link":"https:\/\/ceoparts.com\/fr\/urun\/bt-lpe200-platform-sensoru-7539524001\/","title":{"rendered":"Capteur de plateforme BT LPE200 \u2013 7539524001"},"content":{"rendered":"<p>Capteur de plateforme BT LPE200 \u2013 7539524001<\/p>\n<p>BT 7539524-001<\/p>\n<p>LPE200, LPE220, LPE250<\/p>","protected":false},"excerpt":{"rendered":"<p>Nom du produit: Capteur de plateforme BT LPE200 \u2013 Un capteur de plateforme sp\u00e9cialis\u00e9 utilis\u00e9 sur les chariots \u00e9l\u00e9vateurs BT LPE200. Il surveille la position et les mouvements de l\u2019op\u00e9rateur sur la plateforme, garantissant un fonctionnement s\u00fbr et pr\u00e9cis du chariot. Il s\u2019int\u00e8gre aux syst\u00e8mes de s\u00e9curit\u00e9 pour pr\u00e9venir les accidents et offre une exp\u00e9rience de travail confortable et fiable.<br data-start=\"6171\" data-end=\"6174\" \/>Code pi\u00e8ce: 7539524001 \u2013 Le code pi\u00e8ce facilite la commande de pi\u00e8ces de rechange et la gestion des stocks. L\u2019utilisation du code d\u2019origine garantit un ajustement correct et des performances optimales.<br data-start=\"6375\" data-end=\"6378\" \/>Mat\u00e9riau: Composants \u00e9lectroniques durables \u2013 Fabriqu\u00e9 avec des mat\u00e9riaux \u00e9lectroniques de haute qualit\u00e9, le capteur r\u00e9siste aux vibrations, \u00e0 la poussi\u00e8re et \u00e0 l\u2019humidit\u00e9. Il est con\u00e7u pour une longue dur\u00e9e de vie m\u00eame dans des conditions industrielles difficiles.<br data-start=\"6643\" data-end=\"6646\" \/>Domaine d&#8217;application: Chariots \u00e9l\u00e9vateurs et \u00e9quipements industriels \u2013 Le capteur BT LPE200 d\u00e9tecte les mouvements de la plateforme, am\u00e9liore la s\u00e9curit\u00e9 de l\u2019op\u00e9rateur et fonctionne parfaitement avec les syst\u00e8mes de contr\u00f4le automatis\u00e9s du chariot. Il fournit \u00e9galement un retour pr\u00e9cis pendant l\u2019utilisation et l\u2019entretien.<br data-start=\"6972\" data-end=\"6975\" \/>Avantage: Performance fiable du capteur \u2013 Le capteur fournit des mesures pr\u00e9cises et une d\u00e9tection fiable, r\u00e9duit le risque de panne, am\u00e9liore la s\u00e9curit\u00e9, diminue les co\u00fbts de maintenance et aide l\u2019op\u00e9rateur \u00e0 travailler efficacement et en toute s\u00e9curit\u00e9.<\/p>\n","protected":false},"featured_media":18070,"template":"","meta":[],"product_brand":[],"product_cat":[251,469,518],"product_tag":[],"class_list":{"0":"post-18069","1":"product","2":"type-product","3":"status-publish","4":"has-post-thumbnail","6":"product_cat-bt","7":"product_cat-elektrik-ve-sistem-parcalari","8":"product_cat-yedek-parca-bt","10":"first","11":"instock","12":"taxable","13":"shipping-taxable","14":"purchasable","15":"product-type-simple"},"_links":{"self":[{"href":"https:\/\/ceoparts.com\/fr\/wp-json\/wp\/v2\/product\/18069","targetHints":{"allow":["GET"]}}],"collection":[{"href":"https:\/\/ceoparts.com\/fr\/wp-json\/wp\/v2\/product"}],"about":[{"href":"https:\/\/ceoparts.com\/fr\/wp-json\/wp\/v2\/types\/product"}],"wp:featuredmedia":[{"embeddable":true,"href":"https:\/\/ceoparts.com\/fr\/wp-json\/wp\/v2\/media\/18070"}],"wp:attachment":[{"href":"https:\/\/ceoparts.com\/fr\/wp-json\/wp\/v2\/media?parent=18069"}],"wp:term":[{"taxonomy":"product_brand","embeddable":true,"href":"https:\/\/ceoparts.com\/fr\/wp-json\/wp\/v2\/product_brand?post=18069"},{"taxonomy":"product_cat","embeddable":true,"href":"https:\/\/ceoparts.com\/fr\/wp-json\/wp\/v2\/product_cat?post=18069"},{"taxonomy":"product_tag","embeddable":true,"href":"https:\/\/ceoparts.com\/fr\/wp-json\/wp\/v2\/product_tag?post=18069"}],"curies":[{"name":"wp","href":"https:\/\/api.w.org\/{rel}","templated":true}]}}