{"id":18075,"date":"2025-08-26T09:55:53","date_gmt":"2025-08-26T06:55:53","guid":{"rendered":"https:\/\/ceoparts.com\/?post_type=product&#038;p=18075"},"modified":"2026-05-16T18:50:21","modified_gmt":"2026-05-16T15:50:21","slug":"still-hidrolik-filtre","status":"publish","type":"product","link":"https:\/\/ceoparts.com\/fr\/urun\/still-hidrolik-filtre\/","title":{"rendered":"Filtre hydraulique STILL"},"content":{"rendered":"<p>Filtre hydraulique STILL<\/p>","protected":false},"excerpt":{"rendered":"<p><strong data-start=\"2830\" data-end=\"2849\">Nom du produit:<\/strong> Filtre hydraulique STILL \u2013 Filtre de haute qualit\u00e9 prot\u00e9geant les syst\u00e8mes hydrauliques des chariots et machines industrielles. \u00c9limine les impuret\u00e9s, particules et boues pour prolonger la dur\u00e9e de vie des pompes et valves.<br data-start=\"3073\" data-end=\"3076\" \/><strong data-start=\"3161\" data-end=\"3174\">Mat\u00e9riau:<\/strong> \u00c9l\u00e9ment filtrant durable \u2013 R\u00e9sistant \u00e0 haute pression et temp\u00e9rature, longue dur\u00e9e de vie.<br data-start=\"3265\" data-end=\"3268\" \/><strong data-start=\"3268\" data-end=\"3294\">Domaine d&#8217;application:<\/strong> Chariots STILL et syst\u00e8mes hydrauliques industriels \u2013 Maintient le fluide hydraulique propre et s\u00fbr.<br data-start=\"3395\" data-end=\"3398\" \/><strong data-start=\"3398\" data-end=\"3411\">Avantage:<\/strong> Protection du syst\u00e8me et performance \u2013 Prolonge la dur\u00e9e de vie des pompes et moteurs, r\u00e9duit les co\u00fbts de maintenance.<\/p>\n","protected":false},"featured_media":18076,"template":"","meta":[],"product_brand":[],"product_cat":[241,498,524],"product_tag":[],"class_list":{"0":"post-18075","1":"product","2":"type-product","3":"status-publish","4":"has-post-thumbnail","6":"product_cat-still","7":"product_cat-filtre-cesitleri","8":"product_cat-yedek-parca-still","10":"first","11":"instock","12":"taxable","13":"shipping-taxable","14":"purchasable","15":"product-type-simple"},"_links":{"self":[{"href":"https:\/\/ceoparts.com\/fr\/wp-json\/wp\/v2\/product\/18075","targetHints":{"allow":["GET"]}}],"collection":[{"href":"https:\/\/ceoparts.com\/fr\/wp-json\/wp\/v2\/product"}],"about":[{"href":"https:\/\/ceoparts.com\/fr\/wp-json\/wp\/v2\/types\/product"}],"wp:featuredmedia":[{"embeddable":true,"href":"https:\/\/ceoparts.com\/fr\/wp-json\/wp\/v2\/media\/18076"}],"wp:attachment":[{"href":"https:\/\/ceoparts.com\/fr\/wp-json\/wp\/v2\/media?parent=18075"}],"wp:term":[{"taxonomy":"product_brand","embeddable":true,"href":"https:\/\/ceoparts.com\/fr\/wp-json\/wp\/v2\/product_brand?post=18075"},{"taxonomy":"product_cat","embeddable":true,"href":"https:\/\/ceoparts.com\/fr\/wp-json\/wp\/v2\/product_cat?post=18075"},{"taxonomy":"product_tag","embeddable":true,"href":"https:\/\/ceoparts.com\/fr\/wp-json\/wp\/v2\/product_tag?post=18075"}],"curies":[{"name":"wp","href":"https:\/\/api.w.org\/{rel}","templated":true}]}}