{"id":18083,"date":"2025-08-26T10:13:38","date_gmt":"2025-08-26T07:13:38","guid":{"rendered":"https:\/\/ceoparts.com\/?post_type=product&#038;p=18083"},"modified":"2026-05-16T15:15:20","modified_gmt":"2026-05-16T12:15:20","slug":"hyundai-fren-musuru-81fh47120","status":"publish","type":"product","link":"https:\/\/ceoparts.com\/fr\/urun\/hyundai-fren-musuru-81fh47120\/","title":{"rendered":"Interrupteur de frein HYUNDAI \u2013 81FH47120"},"content":{"rendered":"<p>Interrupteur de frein HYUNDAI \u2013 81FH47120<\/p>","protected":false},"excerpt":{"rendered":"<p><strong data-start=\"2629\" data-end=\"2648\">Nom du produit:<\/strong> Interrupteur de frein HYUNDAI \u2013 Capteur critique utilis\u00e9 dans les syst\u00e8mes de freinage de v\u00e9hicules et chariots \u00e9l\u00e9vateurs. D\u00e9tecte l\u2019\u00e9tat de la p\u00e9dale ou du syst\u00e8me pour un freinage s\u00fbr.<br data-start=\"2836\" data-end=\"2839\" \/><strong data-start=\"2839\" data-end=\"2854\">Code pi\u00e8ce:<\/strong> 81FH47120 \u2013 Code original pour un remplacement pr\u00e9cis et la gestion des stocks.<br data-start=\"2934\" data-end=\"2937\" \/><strong data-start=\"2937\" data-end=\"2950\">Mat\u00e9riau:<\/strong> Composants \u00e9lectroniques durables \u2013 R\u00e9sistant et adapt\u00e9 aux conditions difficiles.<br data-start=\"3033\" data-end=\"3036\" \/><strong data-start=\"3036\" data-end=\"3062\">Domaine d&#8217;application:<\/strong> Syst\u00e8mes de freinage HYUNDAI v\u00e9hicules et chariots \u00e9l\u00e9vateurs \u2013 D\u00e9tecte avec pr\u00e9cision la pression de frein et le mouvement de la p\u00e9dale.<br data-start=\"3200\" data-end=\"3203\" \/><strong data-start=\"3203\" data-end=\"3216\">Avantage:<\/strong> Freinage s\u00fbr et fiable \u2013 Pr\u00e9vient les pannes et am\u00e9liore la s\u00e9curit\u00e9 op\u00e9rationnelle.<\/p>\n","protected":false},"featured_media":18084,"template":"","meta":[],"product_brand":[508],"product_cat":[470],"product_tag":[],"class_list":{"0":"post-18083","1":"product","2":"type-product","3":"status-publish","4":"has-post-thumbnail","6":"product_brand-hyundai","7":"product_cat-diger-yedek-parcalar","9":"first","10":"instock","11":"taxable","12":"shipping-taxable","13":"purchasable","14":"product-type-simple"},"_links":{"self":[{"href":"https:\/\/ceoparts.com\/fr\/wp-json\/wp\/v2\/product\/18083","targetHints":{"allow":["GET"]}}],"collection":[{"href":"https:\/\/ceoparts.com\/fr\/wp-json\/wp\/v2\/product"}],"about":[{"href":"https:\/\/ceoparts.com\/fr\/wp-json\/wp\/v2\/types\/product"}],"wp:featuredmedia":[{"embeddable":true,"href":"https:\/\/ceoparts.com\/fr\/wp-json\/wp\/v2\/media\/18084"}],"wp:attachment":[{"href":"https:\/\/ceoparts.com\/fr\/wp-json\/wp\/v2\/media?parent=18083"}],"wp:term":[{"taxonomy":"product_brand","embeddable":true,"href":"https:\/\/ceoparts.com\/fr\/wp-json\/wp\/v2\/product_brand?post=18083"},{"taxonomy":"product_cat","embeddable":true,"href":"https:\/\/ceoparts.com\/fr\/wp-json\/wp\/v2\/product_cat?post=18083"},{"taxonomy":"product_tag","embeddable":true,"href":"https:\/\/ceoparts.com\/fr\/wp-json\/wp\/v2\/product_tag?post=18083"}],"curies":[{"name":"wp","href":"https:\/\/api.w.org\/{rel}","templated":true}]}}