{"id":18087,"date":"2025-08-26T10:29:36","date_gmt":"2025-08-26T07:29:36","guid":{"rendered":"https:\/\/ceoparts.com\/?post_type=product&#038;p=18087"},"modified":"2026-05-16T17:29:32","modified_gmt":"2026-05-16T14:29:32","slug":"linde-destek-demiri-15234404800","status":"publish","type":"product","link":"https:\/\/ceoparts.com\/fr\/urun\/linde-destek-demiri-15234404800\/","title":{"rendered":"Support de fixation Linde \u2013 15234404800"},"content":{"rendered":"<p>Support de fixation Linde \u2013 15234404800<\/p>","protected":false},"excerpt":{"rendered":"<p><strong data-start=\"2403\" data-end=\"2422\">Nom du produit:<\/strong> Barre de support Linde \u2013 Pi\u00e8ce durable offrant stabilit\u00e9 et support aux chariots \u00e9l\u00e9vateurs. Am\u00e9liore la stabilit\u00e9 pour une op\u00e9ration s\u00e9curis\u00e9e.<br data-start=\"2567\" data-end=\"2570\" \/><strong data-start=\"2570\" data-end=\"2585\">Code pi\u00e8ce:<\/strong> 15234404800 \u2013 Code original pour un remplacement pr\u00e9cis et la gestion des stocks.<br data-start=\"2667\" data-end=\"2670\" \/><strong data-start=\"2670\" data-end=\"2683\">Mat\u00e9riau:<\/strong> Acier haute r\u00e9sistance \u2013 R\u00e9sistant aux charges lourdes et conditions difficiles.<br data-start=\"2764\" data-end=\"2767\" \/><strong data-start=\"2767\" data-end=\"2793\">Domaine d&#8217;application:<\/strong> Chariots Linde \u2013 Am\u00e9liore la stabilit\u00e9 et supporte un fonctionnement s\u00fbr.<br data-start=\"2867\" data-end=\"2870\" \/><strong data-start=\"2870\" data-end=\"2883\">Avantage:<\/strong> Support s\u00fbr et solide \u2013 R\u00e9duit le risque de basculement et augmente la s\u00e9curit\u00e9.<\/p>\n","protected":false},"featured_media":18088,"template":"","meta":[],"product_brand":[],"product_cat":[246,470,523],"product_tag":[],"class_list":{"0":"post-18087","1":"product","2":"type-product","3":"status-publish","4":"has-post-thumbnail","6":"product_cat-linde","7":"product_cat-diger-yedek-parcalar","8":"product_cat-yedek-parca-linde","10":"first","11":"instock","12":"taxable","13":"shipping-taxable","14":"purchasable","15":"product-type-simple"},"_links":{"self":[{"href":"https:\/\/ceoparts.com\/fr\/wp-json\/wp\/v2\/product\/18087","targetHints":{"allow":["GET"]}}],"collection":[{"href":"https:\/\/ceoparts.com\/fr\/wp-json\/wp\/v2\/product"}],"about":[{"href":"https:\/\/ceoparts.com\/fr\/wp-json\/wp\/v2\/types\/product"}],"wp:featuredmedia":[{"embeddable":true,"href":"https:\/\/ceoparts.com\/fr\/wp-json\/wp\/v2\/media\/18088"}],"wp:attachment":[{"href":"https:\/\/ceoparts.com\/fr\/wp-json\/wp\/v2\/media?parent=18087"}],"wp:term":[{"taxonomy":"product_brand","embeddable":true,"href":"https:\/\/ceoparts.com\/fr\/wp-json\/wp\/v2\/product_brand?post=18087"},{"taxonomy":"product_cat","embeddable":true,"href":"https:\/\/ceoparts.com\/fr\/wp-json\/wp\/v2\/product_cat?post=18087"},{"taxonomy":"product_tag","embeddable":true,"href":"https:\/\/ceoparts.com\/fr\/wp-json\/wp\/v2\/product_tag?post=18087"}],"curies":[{"name":"wp","href":"https:\/\/api.w.org\/{rel}","templated":true}]}}