{"id":18093,"date":"2025-08-26T10:39:23","date_gmt":"2025-08-26T07:39:23","guid":{"rendered":"https:\/\/ceoparts.com\/?post_type=product&#038;p=18093"},"modified":"2026-05-16T17:18:20","modified_gmt":"2026-05-16T14:18:20","slug":"linde-bijon-somunu","status":"publish","type":"product","link":"https:\/\/ceoparts.com\/fr\/urun\/linde-bijon-somunu\/","title":{"rendered":"\u00c9crou de roue Linde"},"content":{"rendered":"<p>\u00c9crou de roue Linde<\/p>","protected":false},"excerpt":{"rendered":"<p><strong data-start=\"2261\" data-end=\"2280\">Nom du produit:<\/strong> \u00c9crou de roue Linde \u2013 \u00c9crou durable utilis\u00e9 sur les roues de chariots \u00e9l\u00e9vateurs et v\u00e9hicules lourds. Maintient fermement les roues.<br data-start=\"2413\" data-end=\"2416\" \/><strong data-start=\"2523\" data-end=\"2536\">Mat\u00e9riau:<\/strong> Acier haute r\u00e9sistance \u2013 Assure un montage s\u00fbr des roues.<br data-start=\"2594\" data-end=\"2597\" \/><strong data-start=\"2597\" data-end=\"2623\">Domaine d&#8217;application:<\/strong> Chariots et v\u00e9hicules Linde \u2013 Utilis\u00e9 pour montage et entretien des roues.<br data-start=\"2698\" data-end=\"2701\" \/><strong data-start=\"2701\" data-end=\"2714\">Avantage:<\/strong> Connexion s\u00fbre et solide \u2013 Maintient les roues et am\u00e9liore la s\u00e9curit\u00e9.<\/p>\n","protected":false},"featured_media":18096,"template":"","meta":[],"product_brand":[],"product_cat":[467],"product_tag":[],"class_list":{"0":"post-18093","1":"product","2":"type-product","3":"status-publish","4":"has-post-thumbnail","6":"product_cat-mil-grubu","8":"first","9":"instock","10":"taxable","11":"shipping-taxable","12":"purchasable","13":"product-type-simple"},"_links":{"self":[{"href":"https:\/\/ceoparts.com\/fr\/wp-json\/wp\/v2\/product\/18093","targetHints":{"allow":["GET"]}}],"collection":[{"href":"https:\/\/ceoparts.com\/fr\/wp-json\/wp\/v2\/product"}],"about":[{"href":"https:\/\/ceoparts.com\/fr\/wp-json\/wp\/v2\/types\/product"}],"wp:featuredmedia":[{"embeddable":true,"href":"https:\/\/ceoparts.com\/fr\/wp-json\/wp\/v2\/media\/18096"}],"wp:attachment":[{"href":"https:\/\/ceoparts.com\/fr\/wp-json\/wp\/v2\/media?parent=18093"}],"wp:term":[{"taxonomy":"product_brand","embeddable":true,"href":"https:\/\/ceoparts.com\/fr\/wp-json\/wp\/v2\/product_brand?post=18093"},{"taxonomy":"product_cat","embeddable":true,"href":"https:\/\/ceoparts.com\/fr\/wp-json\/wp\/v2\/product_cat?post=18093"},{"taxonomy":"product_tag","embeddable":true,"href":"https:\/\/ceoparts.com\/fr\/wp-json\/wp\/v2\/product_tag?post=18093"}],"curies":[{"name":"wp","href":"https:\/\/api.w.org\/{rel}","templated":true}]}}