{"id":18101,"date":"2025-08-26T11:11:41","date_gmt":"2025-08-26T08:11:41","guid":{"rendered":"https:\/\/ceoparts.com\/?post_type=product&#038;p=18101"},"modified":"2026-05-16T14:05:42","modified_gmt":"2026-05-16T11:05:42","slug":"still-hortum-klipsi-0393798","status":"publish","type":"product","link":"https:\/\/ceoparts.com\/fr\/urun\/still-hortum-klipsi-0393798\/","title":{"rendered":"Collier de serrage pour tuyau Still \u2013 0393798"},"content":{"rendered":"<p>Collier de serrage pour tuyau Still \u2013 0393798<\/p>\n<p><strong>Still<\/strong><\/p>\n<ul>\n<li>R60 6012-6013<\/li>\n<li>R60 6015-6016<\/li>\n<li>R60 6022-6025<\/li>\n<li>R60 6026-6029<\/li>\n<li>R60 6036-6039<\/li>\n<li>R60 6042-6045<\/li>\n<li>R60 6046-6049<\/li>\n<li>R70 7041-7043<\/li>\n<li>R70 7062-7064 D VW<\/li>\n<li>R70 7065i-7067i<\/li>\n<li>R70 7068-7070 T<\/li>\n<li>R70 7071-7073 D<\/li>\n<li>R70 7081-7083 T<\/li>\n<li>R70 7084-7086 T<\/li>\n<li>RC40 1,6 t &#8211; 2,0 t<\/li>\n<li>RC40 2,5 t &#8211; 3,5 t<\/li>\n<li>RC40-16\/-18\/-20<\/li>\n<li>RC40-16T\/-18T\/-20T<\/li>\n<li>RC40-25\/-30<\/li>\n<li>RC40-25T\/-30T<\/li>\n<li>RX20 14-20, 6219-6231<\/li>\n<li>RX20 6210-6217<\/li>\n<li>RX50 5061-5066<\/li>\n<li>RX60-18-20 6311-13-15<\/li>\n<li>RX60-25-35 6301-02, 6304-05, 6307-09, 6316-20<\/li>\n<li>RX60-25-35 6321-6325<\/li>\n<li>RX60-25-35 6345-48, 6353-56<\/li>\n<li>RX60-35-50 6331-37<\/li>\n<li>RX60-40-50 6327-6329<\/li>\n<li>RX70 20D-35D 7394-99<\/li>\n<li>RX70 4,0-5,0t D 7331-34<\/li>\n<li>RX70 4,0-5,0t T7335-38<\/li>\n<li>RX70-16D-20D 7311-7313<\/li>\n<li>RX70-16T-20T 7314-7316<\/li>\n<li>RX70-20D-35D 7300-7305<\/li>\n<li>RX70-20D-35D 7381-7384\/89\/90<\/li>\n<li>RX70-20T 7385-7388\/91\/92<\/li>\n<li>RX70-20T-35T 7400-7405<\/li>\n<li>RX70-20T35T R7306-09<\/li>\n<li>RX70-22D-35D R7361-64<\/li>\n<li>RX70-22T-35T 7325-7328<\/li>\n<li>RX70-22T-35T R7365-68<\/li>\n<\/ul>","protected":false},"excerpt":{"rendered":"<p><strong data-start=\"2643\" data-end=\"2662\">Nom du produit:<\/strong> Clip de tuyau Still \u2013 Pi\u00e8ce durable qui maintient les tuyaux de mani\u00e8re s\u00e9curis\u00e9e dans les chariots \u00e9l\u00e9vateurs et \u00e9quipements industriels. Emp\u00eache le d\u00e9placement des tuyaux et am\u00e9liore la s\u00e9curit\u00e9 du syst\u00e8me.<br data-start=\"2871\" data-end=\"2874\" \/><strong data-start=\"2874\" data-end=\"2889\">Code pi\u00e8ce:<\/strong> 0393798 \u2013 Code original pour un remplacement pr\u00e9cis et gestion des stocks.<br data-start=\"2964\" data-end=\"2967\" \/><strong data-start=\"2967\" data-end=\"2980\">Mat\u00e9riau:<\/strong> Plastique ou m\u00e9tal de haute qualit\u00e9 \u2013 Durable et solide.<br data-start=\"3037\" data-end=\"3040\" \/><strong data-start=\"3040\" data-end=\"3066\">Domaine d&#8217;application:<\/strong> Chariots Still et machines industrielles \u2013 Utilis\u00e9 pour s\u00e9curiser les tuyaux hydrauliques et pneumatiques.<br data-start=\"3173\" data-end=\"3176\" \/><strong data-start=\"3176\" data-end=\"3189\">Avantage:<\/strong> Fixation s\u00fbre et organis\u00e9e des tuyaux \u2013 Emp\u00eache les dommages et am\u00e9liore la s\u00e9curit\u00e9.<\/p>\n","protected":false},"featured_media":18102,"template":"","meta":[],"product_brand":[],"product_cat":[241,470,524],"product_tag":[],"class_list":{"0":"post-18101","1":"product","2":"type-product","3":"status-publish","4":"has-post-thumbnail","6":"product_cat-still","7":"product_cat-diger-yedek-parcalar","8":"product_cat-yedek-parca-still","10":"first","11":"instock","12":"taxable","13":"shipping-taxable","14":"purchasable","15":"product-type-simple"},"_links":{"self":[{"href":"https:\/\/ceoparts.com\/fr\/wp-json\/wp\/v2\/product\/18101","targetHints":{"allow":["GET"]}}],"collection":[{"href":"https:\/\/ceoparts.com\/fr\/wp-json\/wp\/v2\/product"}],"about":[{"href":"https:\/\/ceoparts.com\/fr\/wp-json\/wp\/v2\/types\/product"}],"wp:featuredmedia":[{"embeddable":true,"href":"https:\/\/ceoparts.com\/fr\/wp-json\/wp\/v2\/media\/18102"}],"wp:attachment":[{"href":"https:\/\/ceoparts.com\/fr\/wp-json\/wp\/v2\/media?parent=18101"}],"wp:term":[{"taxonomy":"product_brand","embeddable":true,"href":"https:\/\/ceoparts.com\/fr\/wp-json\/wp\/v2\/product_brand?post=18101"},{"taxonomy":"product_cat","embeddable":true,"href":"https:\/\/ceoparts.com\/fr\/wp-json\/wp\/v2\/product_cat?post=18101"},{"taxonomy":"product_tag","embeddable":true,"href":"https:\/\/ceoparts.com\/fr\/wp-json\/wp\/v2\/product_tag?post=18101"}],"curies":[{"name":"wp","href":"https:\/\/api.w.org\/{rel}","templated":true}]}}