{"id":18109,"date":"2025-08-26T12:03:47","date_gmt":"2025-08-26T09:03:47","guid":{"rendered":"https:\/\/ceoparts.com\/?post_type=product&#038;p=18109"},"modified":"2026-05-16T17:40:46","modified_gmt":"2026-05-16T14:40:46","slug":"still-fmx-kapak-51904320603","status":"publish","type":"product","link":"https:\/\/ceoparts.com\/fr\/urun\/still-fmx-kapak-51904320603\/","title":{"rendered":"Couvercle Still FMX \u2013 51904320603"},"content":{"rendered":"<p>Couvercle Still FMX \u2013 51904320603<\/p>","protected":false},"excerpt":{"rendered":"<p><strong data-start=\"2586\" data-end=\"2605\">Nom du produit:<\/strong> Couvercle Still Fmx \u2013 Couvercle durable utilis\u00e9 dans les chariots \u00e9l\u00e9vateurs. Prot\u00e8ge les composants m\u00e9caniques et \u00e9lectriques, emp\u00eachant la poussi\u00e8re et les corps \u00e9trangers de p\u00e9n\u00e9trer dans le syst\u00e8me.<br data-start=\"2808\" data-end=\"2811\" \/><strong data-start=\"2811\" data-end=\"2826\">Code pi\u00e8ce:<\/strong> 51904320603 \u2013 Code original pour un remplacement pr\u00e9cis et gestion des stocks.<br data-start=\"2905\" data-end=\"2908\" \/><strong data-start=\"2908\" data-end=\"2921\">Mat\u00e9riau:<\/strong> Plastique ou m\u00e9tal de haute qualit\u00e9 \u2013 Durable et solide.<br data-start=\"2978\" data-end=\"2981\" \/><strong data-start=\"2981\" data-end=\"3007\">Domaine d&#8217;application:<\/strong> Chariots Still Fmx \u2013 Prot\u00e8ge les syst\u00e8mes moteur, hydraulique et \u00e9lectrique contre les \u00e9l\u00e9ments externes.<br data-start=\"3113\" data-end=\"3116\" \/><strong data-start=\"3116\" data-end=\"3129\">Avantage:<\/strong> Protection du syst\u00e8me et long\u00e9vit\u00e9 \u2013 Pr\u00e9vient les dommages aux composants et prolonge les intervalles de maintenance.<\/p>\n","protected":false},"featured_media":18142,"template":"","meta":[],"product_brand":[],"product_cat":[241,472,524],"product_tag":[],"class_list":{"0":"post-18109","1":"product","2":"type-product","3":"status-publish","4":"has-post-thumbnail","6":"product_cat-still","7":"product_cat-kaporta-aksami","8":"product_cat-yedek-parca-still","10":"first","11":"instock","12":"taxable","13":"shipping-taxable","14":"purchasable","15":"product-type-simple"},"_links":{"self":[{"href":"https:\/\/ceoparts.com\/fr\/wp-json\/wp\/v2\/product\/18109","targetHints":{"allow":["GET"]}}],"collection":[{"href":"https:\/\/ceoparts.com\/fr\/wp-json\/wp\/v2\/product"}],"about":[{"href":"https:\/\/ceoparts.com\/fr\/wp-json\/wp\/v2\/types\/product"}],"wp:featuredmedia":[{"embeddable":true,"href":"https:\/\/ceoparts.com\/fr\/wp-json\/wp\/v2\/media\/18142"}],"wp:attachment":[{"href":"https:\/\/ceoparts.com\/fr\/wp-json\/wp\/v2\/media?parent=18109"}],"wp:term":[{"taxonomy":"product_brand","embeddable":true,"href":"https:\/\/ceoparts.com\/fr\/wp-json\/wp\/v2\/product_brand?post=18109"},{"taxonomy":"product_cat","embeddable":true,"href":"https:\/\/ceoparts.com\/fr\/wp-json\/wp\/v2\/product_cat?post=18109"},{"taxonomy":"product_tag","embeddable":true,"href":"https:\/\/ceoparts.com\/fr\/wp-json\/wp\/v2\/product_tag?post=18109"}],"curies":[{"name":"wp","href":"https:\/\/api.w.org\/{rel}","templated":true}]}}