{"id":18125,"date":"2025-08-26T13:19:56","date_gmt":"2025-08-26T10:19:56","guid":{"rendered":"https:\/\/ceoparts.com\/?post_type=product&#038;p=18125"},"modified":"2026-05-16T14:28:39","modified_gmt":"2026-05-16T11:28:39","slug":"yale-kumanda-karti-582015751","status":"publish","type":"product","link":"https:\/\/ceoparts.com\/fr\/urun\/yale-kumanda-karti-582015751\/","title":{"rendered":"Carte de commande Yale \u2013 582015751"},"content":{"rendered":"<p>Carte de commande Yale \u2013 582015751<\/p>","protected":false},"excerpt":{"rendered":"<p><strong data-start=\"2479\" data-end=\"2498\">Nom du produit:<\/strong> Carte de contr\u00f4le Yale \u2013 Carte \u00e9lectronique utilis\u00e9e dans les chariots \u00e9l\u00e9vateurs et v\u00e9hicules industriels. Assure le bon fonctionnement des syst\u00e8mes de commande et de contr\u00f4le.<br data-start=\"2676\" data-end=\"2679\" \/><strong data-start=\"2679\" data-end=\"2694\">Code pi\u00e8ce:<\/strong> 582015751 \u2013 Code original pour un remplacement pr\u00e9cis et gestion des stocks.<br data-start=\"2771\" data-end=\"2774\" \/><strong data-start=\"2774\" data-end=\"2787\">Mat\u00e9riau:<\/strong> Composants \u00e9lectroniques durables \u2013 Performance fiable et longue dur\u00e9e.<br data-start=\"2859\" data-end=\"2862\" \/><strong data-start=\"2862\" data-end=\"2888\">Domaine d&#8217;application:<\/strong> Chariots Yale et v\u00e9hicules industriels \u2013 Utilis\u00e9e dans les syst\u00e8mes de contr\u00f4le, direction et vitesse.<br data-start=\"2991\" data-end=\"2994\" \/><strong data-start=\"2994\" data-end=\"3007\">Avantage:<\/strong> Contr\u00f4le s\u00fbr et pr\u00e9cis \u2013 Garantit un fonctionnement fluide et pr\u00e9cis.<\/p>\n","protected":false},"featured_media":18149,"template":"","meta":[],"product_brand":[],"product_cat":[431],"product_tag":[],"class_list":{"0":"post-18125","1":"product","2":"type-product","3":"status-publish","4":"has-post-thumbnail","6":"product_cat-ekranlar-ve-kartlar","8":"first","9":"instock","10":"taxable","11":"shipping-taxable","12":"purchasable","13":"product-type-simple"},"_links":{"self":[{"href":"https:\/\/ceoparts.com\/fr\/wp-json\/wp\/v2\/product\/18125","targetHints":{"allow":["GET"]}}],"collection":[{"href":"https:\/\/ceoparts.com\/fr\/wp-json\/wp\/v2\/product"}],"about":[{"href":"https:\/\/ceoparts.com\/fr\/wp-json\/wp\/v2\/types\/product"}],"wp:featuredmedia":[{"embeddable":true,"href":"https:\/\/ceoparts.com\/fr\/wp-json\/wp\/v2\/media\/18149"}],"wp:attachment":[{"href":"https:\/\/ceoparts.com\/fr\/wp-json\/wp\/v2\/media?parent=18125"}],"wp:term":[{"taxonomy":"product_brand","embeddable":true,"href":"https:\/\/ceoparts.com\/fr\/wp-json\/wp\/v2\/product_brand?post=18125"},{"taxonomy":"product_cat","embeddable":true,"href":"https:\/\/ceoparts.com\/fr\/wp-json\/wp\/v2\/product_cat?post=18125"},{"taxonomy":"product_tag","embeddable":true,"href":"https:\/\/ceoparts.com\/fr\/wp-json\/wp\/v2\/product_tag?post=18125"}],"curies":[{"name":"wp","href":"https:\/\/api.w.org\/{rel}","templated":true}]}}