{"id":18137,"date":"2025-08-26T14:43:13","date_gmt":"2025-08-26T11:43:13","guid":{"rendered":"https:\/\/ceoparts.com\/?post_type=product&#038;p=18137"},"modified":"2026-05-17T11:10:10","modified_gmt":"2026-05-17T08:10:10","slug":"180x65-75-25-blickle-denge-tekeri-51367028-27637400","status":"publish","type":"product","link":"https:\/\/ceoparts.com\/fr\/urun\/180x65-75-25-blickle-denge-tekeri-51367028-27637400\/","title":{"rendered":"180&#215;65\/75-25 Roue de stabilisation Blickle \u2013 51367028, 27637400"},"content":{"rendered":"<p>180&#215;65\/75-25 Roue de stabilisation Blickle \u2013 51367028, 27637400<\/p>\n<p><\/p>\n<p data-start=\"2366\" data-end=\"2475\"><strong data-start=\"2366\" data-end=\"2473\">Roue pour charges lourdes avec bande de roulement en polyur\u00e9thane Blickle Extrathane\u00ae et noyau en fonte<\/strong><\/p>\n<p data-start=\"2477\" data-end=\"2503\"><strong data-start=\"2477\" data-end=\"2501\">Bande de roulement :<\/strong><\/p>\n<ul data-start=\"2504\" data-end=\"2797\">\n<li data-start=\"2504\" data-end=\"2587\">\n<p data-start=\"2506\" data-end=\"2587\">\u00c9lastom\u00e8re polyur\u00e9thane de haute qualit\u00e9 Blickle Extrathane\u00ae, duret\u00e9 92 Shore A<\/p>\n<\/li>\n<li data-start=\"2588\" data-end=\"2622\">\n<p data-start=\"2590\" data-end=\"2622\">Faible r\u00e9sistance au roulement<\/p>\n<\/li>\n<li data-start=\"2623\" data-end=\"2658\">\n<p data-start=\"2625\" data-end=\"2658\">Tr\u00e8s haute r\u00e9sistance \u00e0 l\u2019usure<\/p>\n<\/li>\n<li data-start=\"2659\" data-end=\"2728\">\n<p data-start=\"2661\" data-end=\"2728\">R\u00e9sistance \u00e9lev\u00e9e \u00e0 la coupure et \u00e0 la propagation des d\u00e9chirures<\/p>\n<\/li>\n<li data-start=\"2729\" data-end=\"2751\">\n<p data-start=\"2731\" data-end=\"2751\">Jaune, non tachant<\/p>\n<\/li>\n<li data-start=\"2752\" data-end=\"2797\">\n<p data-start=\"2754\" data-end=\"2797\">Excellente liaison chimique avec le noyau<\/p>\n<\/li>\n<\/ul>\n<p data-start=\"2799\" data-end=\"2820\"><strong data-start=\"2799\" data-end=\"2818\">Noyau de roue :<\/strong><\/p>\n<ul data-start=\"2821\" data-end=\"2876\">\n<li data-start=\"2821\" data-end=\"2836\">\n<p data-start=\"2823\" data-end=\"2836\">Fonte grise<\/p>\n<\/li>\n<li data-start=\"2837\" data-end=\"2855\">\n<p data-start=\"2839\" data-end=\"2855\">Avec graisseur<\/p>\n<\/li>\n<li data-start=\"2856\" data-end=\"2876\">\n<p data-start=\"2858\" data-end=\"2876\">Peint en argent\u00e9<\/p>\n<\/li>\n<\/ul>\n<p data-start=\"2878\" data-end=\"2909\"><strong data-start=\"2878\" data-end=\"2907\">Autres caract\u00e9ristiques :<\/strong><\/p>\n<ul data-start=\"2910\" data-end=\"3096\">\n<li data-start=\"2910\" data-end=\"2978\">\n<p data-start=\"2912\" data-end=\"2978\">R\u00e9sistance chimique \u00e9lev\u00e9e \u00e0 de nombreuses substances agressives<\/p>\n<\/li>\n<li data-start=\"2979\" data-end=\"3046\">\n<p data-start=\"2981\" data-end=\"3046\">R\u00e9sistance thermique : -20\u00b0C \u00e0 +70\u00b0C, court terme jusqu\u2019\u00e0 +90\u00b0C<\/p>\n<\/li>\n<li data-start=\"3047\" data-end=\"3096\">\n<p data-start=\"3049\" data-end=\"3096\">Capacit\u00e9 de charge r\u00e9duite au-dessus de +40\u00b0C<\/p>\n<\/li>\n<\/ul>\n<p><\/p>","protected":false},"excerpt":{"rendered":"<div class=\"font12\">Jungheinrich 27637400, 51056244, 50316136, 51367028<\/div>\n<div class=\"font12\"><\/div>\n<div class=\"font12\">ECE 20 \/ 3.93 \u2013 8.97<\/div>\n<div class=\"font12\">ECC 10 \/ 5.94 \u2013 3.98<br \/>\nECC 10 \/ 4.98 \u2013 4.98<br \/>\nECC 10 AC \/ 2.03 \u2013 3.04<br \/>\nECC SH 20 \/ 4.98 \u2013 10.02<br \/>\nECC SH 20 AC \/ 11.02 \u2013 3.04<\/div>\n<div class=\"font12\">ECE 20 \/ 3.93 \u2013 8.97<br \/>\nECE 20 \u2013 TC \/ 7.99 \u2013 3.03<br \/>\nECE 20 AC \/ 7.01 \u2013 3.04<br \/>\nECE 20 AC XL \/ 6.02 \u2013 3.04<br \/>\nECE 20 ASDA\/SAFEWAY \/ 3.00 \u2013 9.02<br \/>\nECE 20 hebbare Standplattform \/ 9.97 \u2013 12.02<br \/>\nECE 20 Serie\/Tesco -03.2000 \/ 4.98 \u2013 2.00<br \/>\nECE 20 Tesco \/ 3.00 \u2013 9.02<br \/>\nECE 220 HP AC \/ 4.04 \u2013 11.07<br \/>\nECE 220 XL \/ 4.04 \u2013 3.08<br \/>\nECE 220-ac \/ 4.04 \u2013 4.07<br \/>\nECE 220\/225 \/ 12.06 \u2013 7.09<br \/>\nECE 220\/225 \/ 8.09 \u2013<br \/>\nECE 225 HP \/ 12.07 \u2013<br \/>\nECE 225 XL \/ 12.07 \u2013 12.08<br \/>\nECE 225 XL \/ 1.09 \u2013<br \/>\nECE 310 \/ 4.04 \u2013 12.07<br \/>\nECE 310 \/ 1.08 \u2013<br \/>\nECE 320 \/ 4.04 \u2013 12.07<br \/>\nECE 320 \/ 1.08 \u2013 7.09<br \/>\nECE 320 \/ 8.09 \u2013<\/div>\n<div class=\"font12\">EJE-L 16 \/ 8.93 \u2013 1.96<\/div>\n<div class=\"font12\">EKC 12,5 \/ 16 \/ 2.95 \u2013 12.99<br \/>\nEKC 12,5 \/ 16 \/ 1.00 \u2013 4.04<br \/>\nEKC 20 \/ 5.04 \u2013 12.04<br \/>\nEKC-Z \/ 5.04 \u2013 12.04<br \/>\nEKC-Z 12,5 \/ 16 \/ 2.95 \u2013 12.99<\/div>\n<div class=\"font12\">EKD 10-20 \/ 5.95 \u2013 12.99<br \/>\nEKD 20 \/ 10.03 \u2013 12.04<\/div>\n<div class=\"font12\">EKE 20 \/ 1.91 \u2013 4.94<br \/>\nEKE 20 \/ 5.94 \u2013 5.97<br \/>\nEKE 20 24V \/ 8.97 \u2013 5.03<br \/>\nEKE 20 s \/ 8.03 \u2013 12.04<\/div>\n<div class=\"font12\">ERC 12,5 \/ 7.88 \u2013 9.94<br \/>\nESC 2 \/ 1.05 \u2013 7.09<br \/>\nESC 214\/216Z \/ 8.09 \u2013<br \/>\nESC 316\/316Z \/ 11.07 \u2013<br \/>\nESC Z \/ 1.05 \u2013 7.09<\/div>\n<div class=\"font12\">ESD 220 \/ 1.05 \u2013<\/div>\n<div class=\"font12\">ESE 220 \/ 1.05 \u2013 1.10<br \/>\nESE 320 \/ 1.05 \u2013 1.10<\/div>\n","protected":false},"featured_media":18140,"template":"","meta":[],"product_brand":[],"product_cat":[236,237,246,247,501,185],"product_tag":[],"class_list":{"0":"post-18137","1":"product","2":"type-product","3":"status-publish","4":"has-post-thumbnail","6":"product_cat-jungheinrich","7":"product_cat-denge-tekeri-jungheinrich","8":"product_cat-linde","9":"product_cat-denge-tekeri-linde","10":"product_cat-denge-tekeri-blickle","11":"product_cat-denge-tekeri","13":"first","14":"instock","15":"taxable","16":"shipping-taxable","17":"purchasable","18":"product-type-simple"},"_links":{"self":[{"href":"https:\/\/ceoparts.com\/fr\/wp-json\/wp\/v2\/product\/18137","targetHints":{"allow":["GET"]}}],"collection":[{"href":"https:\/\/ceoparts.com\/fr\/wp-json\/wp\/v2\/product"}],"about":[{"href":"https:\/\/ceoparts.com\/fr\/wp-json\/wp\/v2\/types\/product"}],"wp:featuredmedia":[{"embeddable":true,"href":"https:\/\/ceoparts.com\/fr\/wp-json\/wp\/v2\/media\/18140"}],"wp:attachment":[{"href":"https:\/\/ceoparts.com\/fr\/wp-json\/wp\/v2\/media?parent=18137"}],"wp:term":[{"taxonomy":"product_brand","embeddable":true,"href":"https:\/\/ceoparts.com\/fr\/wp-json\/wp\/v2\/product_brand?post=18137"},{"taxonomy":"product_cat","embeddable":true,"href":"https:\/\/ceoparts.com\/fr\/wp-json\/wp\/v2\/product_cat?post=18137"},{"taxonomy":"product_tag","embeddable":true,"href":"https:\/\/ceoparts.com\/fr\/wp-json\/wp\/v2\/product_tag?post=18137"}],"curies":[{"name":"wp","href":"https:\/\/api.w.org\/{rel}","templated":true}]}}