{"id":18289,"date":"2025-09-09T17:21:10","date_gmt":"2025-09-09T14:21:10","guid":{"rendered":"https:\/\/ceoparts.com\/?post_type=product&#038;p=18289"},"modified":"2026-05-16T14:03:06","modified_gmt":"2026-05-16T11:03:06","slug":"125x50-54-20-rader-vogel-denge-tekeri-156259","status":"publish","type":"product","link":"https:\/\/ceoparts.com\/fr\/urun\/125x50-54-20-rader-vogel-denge-tekeri-156259\/","title":{"rendered":"125&#215;50\/54-20 Roue de stabilisation Rader Vogel \u2013 156259"},"content":{"rendered":"<p>125&#215;50\/54-20 Roue de stabilisation Rader Vogel \u2013 156259<\/p>\n<p>MO 15<\/p>\n<p>PPO 1500MX<\/p>\n<p>MPH 16<br \/>\nMPL 10<br \/>\nMPL 12<br \/>\nMPL 12 F<br \/>\nMPL 16D<\/p>\n<p>PPH 1600 MX<\/p>\n<p>PPS 1000 MX<br \/>\nPPS 1200 MX<br \/>\nPPS 1200MXF<br \/>\nPPS 1600 MXD<\/p>\n<p>S12 F<br \/>\nS16 D<\/p>\n<p>SWE 080 L<br \/>\nSWE100 STAXIO<br \/>\nSWE 120 IKEA<br \/>\nSWE 120 STAXIO<br \/>\nSWE 120 L<br \/>\nSWE 120 LIKEA<br \/>\nSWE 140 STAXIO<br \/>\nSWE 140 L STAXIO<br \/>\nSWE 160 D IKEA<br \/>\nSWE 160D<br \/>\nSWE 200 D IKEA<br \/>\nSWE 200 D<\/p>\n<p>LWE 140 LEVIO<br \/>\nLWE 160LEVIO<br \/>\nLWE 180<br \/>\nLWE 180 LEVIO<br \/>\nLWE 200<br \/>\nLWE 200 N<br \/>\nLWE 250LEVIO<\/p>\n<p>MP 14 C<br \/>\nMP 14<br \/>\nMP 16<br \/>\nMP 20<br \/>\nMP 20L<\/p>\n<p>PPL 2000 MX<\/p>\n<p>PPT 1400 C<br \/>\nPPT 1400 MX<br \/>\nPPT 1400MXC<br \/>\nPPT 1600 MX<br \/>\nPPT 1800 MMD<br \/>\nPPT 2000 MX<br \/>\nPPT 2000MMD<\/p>\n<p>W18 ORION<br \/>\nW20 ORION<br \/>\nW20 N<\/p>","protected":false},"excerpt":{"rendered":"<p data-start=\"2524\" data-end=\"2891\">La roue d\u2019\u00e9quilibrage 125&#215;50\/54-20 Rader Vogel est con\u00e7ue pour une utilisation durable et fiable sur les chariots \u00e9l\u00e9vateurs et les machines industrielles. Gr\u00e2ce \u00e0 son mat\u00e9riau de haute qualit\u00e9, elle maintient la stabilit\u00e9 m\u00eame sous de fortes charges sans perte de performance. Un choix id\u00e9al pour am\u00e9liorer l\u2019efficacit\u00e9 dans les environnements industriels.<\/p>\n<p data-start=\"2893\" data-end=\"3174\"><strong data-start=\"2893\" data-end=\"2913\">Caract\u00e9ristiques<\/strong><br data-start=\"2913\" data-end=\"2916\" \/><strong data-start=\"2916\" data-end=\"2935\">Nom du produit:<\/strong> 125&#215;50\/54-20 Rader Vogel Roue d\u2019\u00e9quilibrage<br data-start=\"2979\" data-end=\"2982\" \/><strong data-start=\"2982\" data-end=\"2997\">Code pi\u00e8ce:<\/strong> 156259<br data-start=\"3004\" data-end=\"3007\" \/><strong data-start=\"3007\" data-end=\"3020\">Mat\u00e9riau:<\/strong> Polyur\u00e9thane<br data-start=\"3033\" data-end=\"3036\" \/><strong data-start=\"3036\" data-end=\"3052\">Application:<\/strong> Chariots \u00e9l\u00e9vateurs et machines industrielles<br data-start=\"3098\" data-end=\"3101\" \/><strong data-start=\"3101\" data-end=\"3114\">Avantage:<\/strong> Haute r\u00e9sistance, longue dur\u00e9e de vie, utilisation stable<\/p>\n","protected":false},"featured_media":18292,"template":"","meta":[],"product_brand":[],"product_cat":[185],"product_tag":[],"class_list":{"0":"post-18289","1":"product","2":"type-product","3":"status-publish","4":"has-post-thumbnail","6":"product_cat-denge-tekeri","8":"first","9":"instock","10":"taxable","11":"shipping-taxable","12":"purchasable","13":"product-type-simple"},"_links":{"self":[{"href":"https:\/\/ceoparts.com\/fr\/wp-json\/wp\/v2\/product\/18289","targetHints":{"allow":["GET"]}}],"collection":[{"href":"https:\/\/ceoparts.com\/fr\/wp-json\/wp\/v2\/product"}],"about":[{"href":"https:\/\/ceoparts.com\/fr\/wp-json\/wp\/v2\/types\/product"}],"wp:featuredmedia":[{"embeddable":true,"href":"https:\/\/ceoparts.com\/fr\/wp-json\/wp\/v2\/media\/18292"}],"wp:attachment":[{"href":"https:\/\/ceoparts.com\/fr\/wp-json\/wp\/v2\/media?parent=18289"}],"wp:term":[{"taxonomy":"product_brand","embeddable":true,"href":"https:\/\/ceoparts.com\/fr\/wp-json\/wp\/v2\/product_brand?post=18289"},{"taxonomy":"product_cat","embeddable":true,"href":"https:\/\/ceoparts.com\/fr\/wp-json\/wp\/v2\/product_cat?post=18289"},{"taxonomy":"product_tag","embeddable":true,"href":"https:\/\/ceoparts.com\/fr\/wp-json\/wp\/v2\/product_tag?post=18289"}],"curies":[{"name":"wp","href":"https:\/\/api.w.org\/{rel}","templated":true}]}}