{"id":18299,"date":"2025-09-10T10:57:56","date_gmt":"2025-09-10T07:57:56","guid":{"rendered":"https:\/\/ceoparts.com\/?post_type=product&#038;p=18299"},"modified":"2026-05-16T21:06:51","modified_gmt":"2026-05-16T18:06:51","slug":"ep-denge-mekanizmasi-takimi-sol","status":"publish","type":"product","link":"https:\/\/ceoparts.com\/fr\/urun\/ep-denge-mekanizmasi-takimi-sol\/","title":{"rendered":"M\u00e9canisme de stabilisation EP \u2013 C\u00f4t\u00e9 gauche (ensemble)"},"content":{"rendered":"<p>M\u00e9canisme de stabilisation EP \u2013 C\u00f4t\u00e9 gauche (ensemble)<\/p>","protected":false},"excerpt":{"rendered":"<p data-start=\"2739\" data-end=\"3171\">L\u2019ensemble m\u00e9canisme d\u2019\u00e9quilibrage EP \u2013 gauche est sp\u00e9cialement con\u00e7u pour assurer la stabilit\u00e9 et maintenir des conditions de travail s\u00fbres sur les chariots \u00e9l\u00e9vateurs et les machines industrielles. Sa structure robuste garantit une longue dur\u00e9e de vie et des performances stables, m\u00eame dans des conditions difficiles. Un composant essentiel pour am\u00e9liorer la s\u00e9curit\u00e9 et l\u2019efficacit\u00e9 dans les environnements industriels.<\/p>\n<p data-start=\"3173\" data-end=\"3462\"><strong data-start=\"3173\" data-end=\"3193\">Caract\u00e9ristiques<\/strong><br data-start=\"3193\" data-end=\"3196\" \/><strong data-start=\"3196\" data-end=\"3215\">Nom du produit:<\/strong> Ensemble m\u00e9canisme d\u2019\u00e9quilibrage EP \u2013 Gauche<br data-start=\"3260\" data-end=\"3263\" \/><strong data-start=\"3263\" data-end=\"3278\">Code pi\u00e8ce:<\/strong> Non sp\u00e9cifi\u00e9<br data-start=\"3291\" data-end=\"3294\" \/><strong data-start=\"3294\" data-end=\"3307\">Mat\u00e9riau:<\/strong> Corps en acier<br data-start=\"3322\" data-end=\"3325\" \/><strong data-start=\"3325\" data-end=\"3341\">Application:<\/strong> Chariots \u00e9l\u00e9vateurs et machines industrielles<br data-start=\"3387\" data-end=\"3390\" \/><strong data-start=\"3390\" data-end=\"3403\">Avantage:<\/strong> Grande durabilit\u00e9, utilisation s\u00fbre, longue dur\u00e9e de vie<\/p>\n","protected":false},"featured_media":18304,"template":"","meta":[],"product_brand":[],"product_cat":[420],"product_tag":[],"class_list":{"0":"post-18299","1":"product","2":"type-product","3":"status-publish","4":"has-post-thumbnail","6":"product_cat-denge-mekanizmalar","8":"first","9":"instock","10":"taxable","11":"shipping-taxable","12":"purchasable","13":"product-type-simple"},"_links":{"self":[{"href":"https:\/\/ceoparts.com\/fr\/wp-json\/wp\/v2\/product\/18299","targetHints":{"allow":["GET"]}}],"collection":[{"href":"https:\/\/ceoparts.com\/fr\/wp-json\/wp\/v2\/product"}],"about":[{"href":"https:\/\/ceoparts.com\/fr\/wp-json\/wp\/v2\/types\/product"}],"wp:featuredmedia":[{"embeddable":true,"href":"https:\/\/ceoparts.com\/fr\/wp-json\/wp\/v2\/media\/18304"}],"wp:attachment":[{"href":"https:\/\/ceoparts.com\/fr\/wp-json\/wp\/v2\/media?parent=18299"}],"wp:term":[{"taxonomy":"product_brand","embeddable":true,"href":"https:\/\/ceoparts.com\/fr\/wp-json\/wp\/v2\/product_brand?post=18299"},{"taxonomy":"product_cat","embeddable":true,"href":"https:\/\/ceoparts.com\/fr\/wp-json\/wp\/v2\/product_cat?post=18299"},{"taxonomy":"product_tag","embeddable":true,"href":"https:\/\/ceoparts.com\/fr\/wp-json\/wp\/v2\/product_tag?post=18299"}],"curies":[{"name":"wp","href":"https:\/\/api.w.org\/{rel}","templated":true}]}}