{"id":18311,"date":"2025-09-13T12:06:38","date_gmt":"2025-09-13T09:06:38","guid":{"rendered":"https:\/\/ceoparts.com\/?post_type=product&#038;p=18311"},"modified":"2026-05-17T16:33:19","modified_gmt":"2026-05-17T13:33:19","slug":"crown-sensor-818949","status":"publish","type":"product","link":"https:\/\/ceoparts.com\/fr\/urun\/crown-sensor-818949\/","title":{"rendered":"Capteur Crown \u2013 818949"},"content":{"rendered":"<p>Capteur Crown \u2013 818949<\/p>","protected":false},"excerpt":{"rendered":"<p>Le capteur Crown \u2013 818949 est con\u00e7u pour fournir des mesures pr\u00e9cises et fiables sur les chariots \u00e9l\u00e9vateurs et les machines industrielles. Sa construction robuste garantit une longue dur\u00e9e de vie et des r\u00e9sultats fiables dans les applications n\u00e9cessitant des performances pr\u00e9cises. C\u2019est un composant essentiel pour am\u00e9liorer l\u2019efficacit\u00e9 op\u00e9rationnelle.<\/p>\n<p><strong>Caract\u00e9ristiques<\/strong><br \/>\n<strong>Nom du produit :<\/strong> Capteur Crown<br \/>\n<strong>Code pi\u00e8ce :<\/strong> 818949<br \/>\n<strong>Mat\u00e9riau :<\/strong> Composants \u00e9lectroniques de haute qualit\u00e9<br \/>\n<strong>Application :<\/strong> Chariots \u00e9l\u00e9vateurs et machines industrielles<br \/>\n<strong>Avantage :<\/strong> Mesure pr\u00e9cise, longue dur\u00e9e de vie, performance fiable<\/p>\n","protected":false},"featured_media":18312,"template":"","meta":[],"product_brand":[],"product_cat":[469,272,519],"product_tag":[],"class_list":{"0":"post-18311","1":"product","2":"type-product","3":"status-publish","4":"has-post-thumbnail","6":"product_cat-elektrik-ve-sistem-parcalari","7":"product_cat-crown","8":"product_cat-yedek-parca-crown","10":"first","11":"instock","12":"taxable","13":"shipping-taxable","14":"purchasable","15":"product-type-simple"},"_links":{"self":[{"href":"https:\/\/ceoparts.com\/fr\/wp-json\/wp\/v2\/product\/18311","targetHints":{"allow":["GET"]}}],"collection":[{"href":"https:\/\/ceoparts.com\/fr\/wp-json\/wp\/v2\/product"}],"about":[{"href":"https:\/\/ceoparts.com\/fr\/wp-json\/wp\/v2\/types\/product"}],"wp:featuredmedia":[{"embeddable":true,"href":"https:\/\/ceoparts.com\/fr\/wp-json\/wp\/v2\/media\/18312"}],"wp:attachment":[{"href":"https:\/\/ceoparts.com\/fr\/wp-json\/wp\/v2\/media?parent=18311"}],"wp:term":[{"taxonomy":"product_brand","embeddable":true,"href":"https:\/\/ceoparts.com\/fr\/wp-json\/wp\/v2\/product_brand?post=18311"},{"taxonomy":"product_cat","embeddable":true,"href":"https:\/\/ceoparts.com\/fr\/wp-json\/wp\/v2\/product_cat?post=18311"},{"taxonomy":"product_tag","embeddable":true,"href":"https:\/\/ceoparts.com\/fr\/wp-json\/wp\/v2\/product_tag?post=18311"}],"curies":[{"name":"wp","href":"https:\/\/api.w.org\/{rel}","templated":true}]}}