{"id":18317,"date":"2025-09-15T13:11:47","date_gmt":"2025-09-15T10:11:47","guid":{"rendered":"https:\/\/ceoparts.com\/?post_type=product&#038;p=18317"},"modified":"2026-05-16T14:32:15","modified_gmt":"2026-05-16T11:32:15","slug":"bt-rre160-tutamak-7596047","status":"publish","type":"product","link":"https:\/\/ceoparts.com\/fr\/urun\/bt-rre160-tutamak-7596047\/","title":{"rendered":"Poign\u00e9e BT RRE160 \u2013 7596047"},"content":{"rendered":"<p>Poign\u00e9e BT RRE160 \u2013 7596047<\/p>","protected":false},"excerpt":{"rendered":"<p>La poign\u00e9e BT RRE160 \u2013 7596047 est con\u00e7ue pour offrir une utilisation ergonomique et s\u00fbre sur les chariots \u00e9l\u00e9vateurs et les machines industrielles. Son mat\u00e9riau durable garantit une longue dur\u00e9e de vie et maintient la performance m\u00eame dans des conditions de travail intensives. C\u2019est un composant essentiel qui am\u00e9liore le confort de l\u2019utilisateur et l\u2019efficacit\u00e9 op\u00e9rationnelle.<\/p>\n<p><strong>Caract\u00e9ristiques<\/strong><br \/>\n<strong>Nom du produit :<\/strong> Poign\u00e9e BT RRE160<br \/>\n<strong>Code pi\u00e8ce :<\/strong> 7596047<br \/>\n<strong>Mat\u00e9riau :<\/strong> Plastique et m\u00e9tal durables<br \/>\n<strong>Application :<\/strong> Chariots \u00e9l\u00e9vateurs et machines industrielles<br \/>\n<strong>Avantage :<\/strong> Design ergonomique, longue dur\u00e9e de vie, utilisation s\u00fbre<\/p>\n","protected":false},"featured_media":18323,"template":"","meta":[],"product_brand":[],"product_cat":[470,251,518],"product_tag":[],"class_list":{"0":"post-18317","1":"product","2":"type-product","3":"status-publish","4":"has-post-thumbnail","6":"product_cat-diger-yedek-parcalar","7":"product_cat-bt","8":"product_cat-yedek-parca-bt","10":"first","11":"instock","12":"taxable","13":"shipping-taxable","14":"purchasable","15":"product-type-simple"},"_links":{"self":[{"href":"https:\/\/ceoparts.com\/fr\/wp-json\/wp\/v2\/product\/18317","targetHints":{"allow":["GET"]}}],"collection":[{"href":"https:\/\/ceoparts.com\/fr\/wp-json\/wp\/v2\/product"}],"about":[{"href":"https:\/\/ceoparts.com\/fr\/wp-json\/wp\/v2\/types\/product"}],"wp:featuredmedia":[{"embeddable":true,"href":"https:\/\/ceoparts.com\/fr\/wp-json\/wp\/v2\/media\/18323"}],"wp:attachment":[{"href":"https:\/\/ceoparts.com\/fr\/wp-json\/wp\/v2\/media?parent=18317"}],"wp:term":[{"taxonomy":"product_brand","embeddable":true,"href":"https:\/\/ceoparts.com\/fr\/wp-json\/wp\/v2\/product_brand?post=18317"},{"taxonomy":"product_cat","embeddable":true,"href":"https:\/\/ceoparts.com\/fr\/wp-json\/wp\/v2\/product_cat?post=18317"},{"taxonomy":"product_tag","embeddable":true,"href":"https:\/\/ceoparts.com\/fr\/wp-json\/wp\/v2\/product_tag?post=18317"}],"curies":[{"name":"wp","href":"https:\/\/api.w.org\/{rel}","templated":true}]}}