{"id":18329,"date":"2025-09-15T13:47:30","date_gmt":"2025-09-15T10:47:30","guid":{"rendered":"https:\/\/ceoparts.com\/?post_type=product&#038;p=18329"},"modified":"2026-05-16T11:48:35","modified_gmt":"2026-05-16T08:48:35","slug":"bt-spe160-komur-takimi-240","status":"publish","type":"product","link":"https:\/\/ceoparts.com\/fr\/urun\/bt-spe160-komur-takimi-240\/","title":{"rendered":"Jeu de balais en carbone BT SPE160 \u2013 246003"},"content":{"rendered":"<p>Jeu de balais en carbone BT SPE160 \u2013 246003<\/p>","protected":false},"excerpt":{"rendered":"<p>Le jeu de balais BT SPE160 \u2013 246003 est con\u00e7u pour maintenir les performances du moteur et assurer un fonctionnement efficace des chariots \u00e9l\u00e9vateurs et des machines industrielles. Son mat\u00e9riau de haute qualit\u00e9 garantit une longue dur\u00e9e de vie et des performances fiables lors d\u2019une utilisation continue. C\u2019est un composant critique pour am\u00e9liorer l\u2019efficacit\u00e9 op\u00e9rationnelle.<\/p>\n<p><strong>Caract\u00e9ristiques<\/strong><br \/>\n<strong>Nom du produit :<\/strong> Jeu de balais BT SPE160<br \/>\n<strong>Code pi\u00e8ce :<\/strong> 246003<br \/>\n<strong>Mat\u00e9riau :<\/strong> Mat\u00e9riau en carbone de haute qualit\u00e9<br \/>\n<strong>Application :<\/strong> Chariots \u00e9l\u00e9vateurs et machines industrielles<br \/>\n<strong>Avantage :<\/strong> Longue dur\u00e9e de vie, performance fiable, protection du moteur<\/p>\n","protected":false},"featured_media":18330,"template":"","meta":[],"product_brand":[],"product_cat":[470,251,518],"product_tag":[],"class_list":{"0":"post-18329","1":"product","2":"type-product","3":"status-publish","4":"has-post-thumbnail","6":"product_cat-diger-yedek-parcalar","7":"product_cat-bt","8":"product_cat-yedek-parca-bt","10":"first","11":"instock","12":"taxable","13":"shipping-taxable","14":"purchasable","15":"product-type-simple"},"_links":{"self":[{"href":"https:\/\/ceoparts.com\/fr\/wp-json\/wp\/v2\/product\/18329","targetHints":{"allow":["GET"]}}],"collection":[{"href":"https:\/\/ceoparts.com\/fr\/wp-json\/wp\/v2\/product"}],"about":[{"href":"https:\/\/ceoparts.com\/fr\/wp-json\/wp\/v2\/types\/product"}],"wp:featuredmedia":[{"embeddable":true,"href":"https:\/\/ceoparts.com\/fr\/wp-json\/wp\/v2\/media\/18330"}],"wp:attachment":[{"href":"https:\/\/ceoparts.com\/fr\/wp-json\/wp\/v2\/media?parent=18329"}],"wp:term":[{"taxonomy":"product_brand","embeddable":true,"href":"https:\/\/ceoparts.com\/fr\/wp-json\/wp\/v2\/product_brand?post=18329"},{"taxonomy":"product_cat","embeddable":true,"href":"https:\/\/ceoparts.com\/fr\/wp-json\/wp\/v2\/product_cat?post=18329"},{"taxonomy":"product_tag","embeddable":true,"href":"https:\/\/ceoparts.com\/fr\/wp-json\/wp\/v2\/product_tag?post=18329"}],"curies":[{"name":"wp","href":"https:\/\/api.w.org\/{rel}","templated":true}]}}