{"id":18353,"date":"2025-09-16T14:34:19","date_gmt":"2025-09-16T11:34:19","guid":{"rendered":"https:\/\/ceoparts.com\/?post_type=product&#038;p=18353"},"modified":"2026-05-16T15:08:39","modified_gmt":"2026-05-16T12:08:39","slug":"yale-transpalet-monitor","status":"publish","type":"product","link":"https:\/\/ceoparts.com\/fr\/urun\/yale-transpalet-monitor\/","title":{"rendered":"\u00c9cran de contr\u00f4le transpalette Yale"},"content":{"rendered":"<p>\u00c9cran de contr\u00f4le transpalette Yale<\/p>","protected":false},"excerpt":{"rendered":"<p>Le moniteur Yale pour transpalette est con\u00e7u pour permettre aux op\u00e9rateurs de suivre facilement toutes les informations critiques sur les transpalettes et les machines industrielles. Sa construction durable garantit une longue dur\u00e9e de vie et des performances fiables m\u00eame dans des conditions de travail intensives. C\u2019est un composant essentiel qui am\u00e9liore l\u2019efficacit\u00e9 op\u00e9rationnelle et soutient la s\u00e9curit\u00e9.<\/p>\n<p><strong>Caract\u00e9ristiques<\/strong><br \/>\n<strong>Nom du produit :<\/strong> Moniteur Yale pour transpalette<br \/>\n<strong>Code pi\u00e8ce :<\/strong> Non sp\u00e9cifi\u00e9<br \/>\n<strong>Mat\u00e9riau :<\/strong> Composants \u00e9lectroniques de haute qualit\u00e9<br \/>\n<strong>Application :<\/strong> Transpalettes et machines industrielles<br \/>\n<strong>Avantage :<\/strong> Suivi facile, longue dur\u00e9e de vie, performance fiable<\/p>\n","protected":false},"featured_media":18356,"template":"","meta":[],"product_brand":[],"product_cat":[431],"product_tag":[],"class_list":{"0":"post-18353","1":"product","2":"type-product","3":"status-publish","4":"has-post-thumbnail","6":"product_cat-ekranlar-ve-kartlar","8":"first","9":"instock","10":"taxable","11":"shipping-taxable","12":"purchasable","13":"product-type-simple"},"_links":{"self":[{"href":"https:\/\/ceoparts.com\/fr\/wp-json\/wp\/v2\/product\/18353","targetHints":{"allow":["GET"]}}],"collection":[{"href":"https:\/\/ceoparts.com\/fr\/wp-json\/wp\/v2\/product"}],"about":[{"href":"https:\/\/ceoparts.com\/fr\/wp-json\/wp\/v2\/types\/product"}],"wp:featuredmedia":[{"embeddable":true,"href":"https:\/\/ceoparts.com\/fr\/wp-json\/wp\/v2\/media\/18356"}],"wp:attachment":[{"href":"https:\/\/ceoparts.com\/fr\/wp-json\/wp\/v2\/media?parent=18353"}],"wp:term":[{"taxonomy":"product_brand","embeddable":true,"href":"https:\/\/ceoparts.com\/fr\/wp-json\/wp\/v2\/product_brand?post=18353"},{"taxonomy":"product_cat","embeddable":true,"href":"https:\/\/ceoparts.com\/fr\/wp-json\/wp\/v2\/product_cat?post=18353"},{"taxonomy":"product_tag","embeddable":true,"href":"https:\/\/ceoparts.com\/fr\/wp-json\/wp\/v2\/product_tag?post=18353"}],"curies":[{"name":"wp","href":"https:\/\/api.w.org\/{rel}","templated":true}]}}