{"id":18358,"date":"2025-09-16T14:50:52","date_gmt":"2025-09-16T11:50:52","guid":{"rendered":"https:\/\/ceoparts.com\/?post_type=product&#038;p=18358"},"modified":"2026-05-16T20:15:24","modified_gmt":"2026-05-16T17:15:24","slug":"bt-catal-ayak-tekerleksiz-261189","status":"publish","type":"product","link":"https:\/\/ceoparts.com\/fr\/urun\/bt-catal-ayak-tekerleksiz-261189\/","title":{"rendered":"Pied de fourche BT (sans roue) \u2013 261189"},"content":{"rendered":"<p>Pied de fourche BT (sans roue) \u2013 261189<\/p>","protected":false},"excerpt":{"rendered":"<p>Con\u00e7u pour assurer un transport \u00e9quilibr\u00e9 des charges dans les chariots \u00e9l\u00e9vateurs et les engins de chantier. Son mat\u00e9riau r\u00e9sistant garantit une utilisation durable et des performances fiables, m\u00eame dans des conditions de travail intensives. Une pi\u00e8ce essentielle qui am\u00e9liore l\u2019efficacit\u00e9 op\u00e9rationnelle et soutient la s\u00e9curit\u00e9.<\/p>\n<p><strong>Caract\u00e9ristiques<\/strong><\/p>\n<p><strong>Nom du produit :<\/strong> Pied de Fourche BT (Sans Roues)<\/p>\n<p><strong>Code de pi\u00e8ce :<\/strong> 261189<\/p>\n<p><strong>Mat\u00e9riau :<\/strong> Alliage m\u00e9tallique haute r\u00e9sistance<\/p>\n<p><strong>Domaine d\u2019utilisation :<\/strong> Chariots \u00e9l\u00e9vateurs et engins de chantier<\/p>\n<p><strong>Avantage :<\/strong> Grande durabilit\u00e9, utilisation s\u00fbre, longue dur\u00e9e de vie<\/p>\n","protected":false},"featured_media":18362,"template":"","meta":[],"product_brand":[],"product_cat":[406,251,407],"product_tag":[],"class_list":{"0":"post-18358","1":"product","2":"type-product","3":"status-publish","4":"has-post-thumbnail","6":"product_cat-catal-mekanizma","7":"product_cat-bt","8":"product_cat-bt-catal-mekanizmalari","10":"first","11":"instock","12":"taxable","13":"shipping-taxable","14":"purchasable","15":"product-type-simple"},"_links":{"self":[{"href":"https:\/\/ceoparts.com\/fr\/wp-json\/wp\/v2\/product\/18358","targetHints":{"allow":["GET"]}}],"collection":[{"href":"https:\/\/ceoparts.com\/fr\/wp-json\/wp\/v2\/product"}],"about":[{"href":"https:\/\/ceoparts.com\/fr\/wp-json\/wp\/v2\/types\/product"}],"wp:featuredmedia":[{"embeddable":true,"href":"https:\/\/ceoparts.com\/fr\/wp-json\/wp\/v2\/media\/18362"}],"wp:attachment":[{"href":"https:\/\/ceoparts.com\/fr\/wp-json\/wp\/v2\/media?parent=18358"}],"wp:term":[{"taxonomy":"product_brand","embeddable":true,"href":"https:\/\/ceoparts.com\/fr\/wp-json\/wp\/v2\/product_brand?post=18358"},{"taxonomy":"product_cat","embeddable":true,"href":"https:\/\/ceoparts.com\/fr\/wp-json\/wp\/v2\/product_cat?post=18358"},{"taxonomy":"product_tag","embeddable":true,"href":"https:\/\/ceoparts.com\/fr\/wp-json\/wp\/v2\/product_tag?post=18358"}],"curies":[{"name":"wp","href":"https:\/\/api.w.org\/{rel}","templated":true}]}}