{"id":18363,"date":"2025-09-16T15:45:52","date_gmt":"2025-09-16T12:45:52","guid":{"rendered":"https:\/\/ceoparts.com\/?post_type=product&#038;p=18363"},"modified":"2026-05-16T12:11:02","modified_gmt":"2026-05-16T09:11:02","slug":"bt-rre160-pim","status":"publish","type":"product","link":"https:\/\/ceoparts.com\/fr\/urun\/bt-rre160-pim\/","title":{"rendered":"Axe \/ Goupille BT RRE160"},"content":{"rendered":"<p>Axe \/ Goupille BT RRE160<\/p>","protected":false},"excerpt":{"rendered":"<p data-start=\"2034\" data-end=\"2326\"><strong data-start=\"2034\" data-end=\"2056\">BT RRE160 Goupille<\/strong> est con\u00e7ue pour un fixage s\u00e9curis\u00e9 et une stabilit\u00e9 optimale dans les chariots \u00e9l\u00e9vateurs et les \u00e9quipements d\u2019entrep\u00f4t. Sa construction haute r\u00e9sistance assure une utilisation s\u00fbre dans des conditions de travail intensives et offre une performance fiable et durable.<\/p>\n<p data-start=\"2328\" data-end=\"2352\"><strong data-start=\"2328\" data-end=\"2350\">Caract\u00e9ristiques :<\/strong><\/p>\n<ul data-start=\"2353\" data-end=\"2709\">\n<li data-start=\"2353\" data-end=\"2396\">\n<p data-start=\"2355\" data-end=\"2396\"><strong data-start=\"2355\" data-end=\"2375\">Nom du produit :<\/strong> BT RRE160 Goupille<\/p>\n<\/li>\n<li data-start=\"2397\" data-end=\"2430\">\n<p data-start=\"2399\" data-end=\"2430\"><strong data-start=\"2399\" data-end=\"2415\">Code pi\u00e8ce :<\/strong> Non sp\u00e9cifi\u00e9<\/p>\n<\/li>\n<li data-start=\"2431\" data-end=\"2485\">\n<p data-start=\"2433\" data-end=\"2485\"><strong data-start=\"2433\" data-end=\"2447\">Mat\u00e9riau :<\/strong> Alliage m\u00e9tallique haute r\u00e9sistance<\/p>\n<\/li>\n<li data-start=\"2486\" data-end=\"2589\">\n<p data-start=\"2488\" data-end=\"2589\"><strong data-start=\"2488\" data-end=\"2515\">Domaine d\u2019application :<\/strong> Goupille de fixation pour chariots \u00e9l\u00e9vateurs et \u00e9quipements d\u2019entrep\u00f4t<\/p>\n<\/li>\n<li data-start=\"2590\" data-end=\"2709\">\n<p data-start=\"2592\" data-end=\"2709\"><strong data-start=\"2592\" data-end=\"2607\">Avantages :<\/strong> Construction durable, utilisation s\u00fbre en conditions exigeantes, performance stable et longue dur\u00e9e<\/p>\n<\/li>\n<\/ul>\n","protected":false},"featured_media":18367,"template":"","meta":[],"product_brand":[],"product_cat":[467,251,518],"product_tag":[],"class_list":{"0":"post-18363","1":"product","2":"type-product","3":"status-publish","4":"has-post-thumbnail","6":"product_cat-mil-grubu","7":"product_cat-bt","8":"product_cat-yedek-parca-bt","10":"first","11":"instock","12":"taxable","13":"shipping-taxable","14":"purchasable","15":"product-type-simple"},"_links":{"self":[{"href":"https:\/\/ceoparts.com\/fr\/wp-json\/wp\/v2\/product\/18363","targetHints":{"allow":["GET"]}}],"collection":[{"href":"https:\/\/ceoparts.com\/fr\/wp-json\/wp\/v2\/product"}],"about":[{"href":"https:\/\/ceoparts.com\/fr\/wp-json\/wp\/v2\/types\/product"}],"wp:featuredmedia":[{"embeddable":true,"href":"https:\/\/ceoparts.com\/fr\/wp-json\/wp\/v2\/media\/18367"}],"wp:attachment":[{"href":"https:\/\/ceoparts.com\/fr\/wp-json\/wp\/v2\/media?parent=18363"}],"wp:term":[{"taxonomy":"product_brand","embeddable":true,"href":"https:\/\/ceoparts.com\/fr\/wp-json\/wp\/v2\/product_brand?post=18363"},{"taxonomy":"product_cat","embeddable":true,"href":"https:\/\/ceoparts.com\/fr\/wp-json\/wp\/v2\/product_cat?post=18363"},{"taxonomy":"product_tag","embeddable":true,"href":"https:\/\/ceoparts.com\/fr\/wp-json\/wp\/v2\/product_tag?post=18363"}],"curies":[{"name":"wp","href":"https:\/\/api.w.org\/{rel}","templated":true}]}}