{"id":18474,"date":"2025-09-30T13:46:37","date_gmt":"2025-09-30T10:46:37","guid":{"rendered":"https:\/\/ceoparts.com\/?post_type=product&#038;p=18474"},"modified":"2026-05-03T04:03:34","modified_gmt":"2026-05-03T01:03:34","slug":"jungheinrich-kapak-51203365","status":"publish","type":"product","link":"https:\/\/ceoparts.com\/fr\/urun\/jungheinrich-kapak-51203365\/","title":{"rendered":"Couvercle Jungheinrich &#8211; 51203365"},"content":{"rendered":"<p>Couvercle Jungheinrich &#8211; 51203365<\/p>","protected":false},"excerpt":{"rendered":"<p data-start=\"1698\" data-end=\"1915\"><strong data-start=\"1698\" data-end=\"1735\">Couvercle Jungheinrich \u2013 51203365<\/strong> est con\u00e7u pour la protection et la fermeture s\u00e9curis\u00e9e des chariots \u00e9l\u00e9vateurs et \u00e9quipements d\u2019entrep\u00f4t. Son mat\u00e9riau de haute qualit\u00e9 garantit une utilisation durable et s\u00fbre.<\/p>\n<p data-start=\"1917\" data-end=\"1941\"><strong data-start=\"1917\" data-end=\"1939\">Caract\u00e9ristiques :<\/strong><\/p>\n<ul data-start=\"1942\" data-end=\"2270\">\n<li data-start=\"1942\" data-end=\"1989\">\n<p data-start=\"1944\" data-end=\"1989\"><strong data-start=\"1944\" data-end=\"1964\">Nom du produit :<\/strong> Couvercle Jungheinrich<\/p>\n<\/li>\n<li data-start=\"1990\" data-end=\"2019\">\n<p data-start=\"1992\" data-end=\"2019\"><strong data-start=\"1992\" data-end=\"2008\">Code pi\u00e8ce :<\/strong> 51203365<\/p>\n<\/li>\n<li data-start=\"2020\" data-end=\"2078\">\n<p data-start=\"2022\" data-end=\"2078\"><strong data-start=\"2022\" data-end=\"2036\">Mat\u00e9riau :<\/strong> Plastique durable ou alliage m\u00e9tallique<\/p>\n<\/li>\n<li data-start=\"2079\" data-end=\"2185\">\n<p data-start=\"2081\" data-end=\"2185\"><strong data-start=\"2081\" data-end=\"2108\">Domaine d\u2019application :<\/strong> Protection et fermeture pour chariots \u00e9l\u00e9vateurs et \u00e9quipements d\u2019entrep\u00f4t<\/p>\n<\/li>\n<li data-start=\"2186\" data-end=\"2270\">\n<p data-start=\"2188\" data-end=\"2270\"><strong data-start=\"2188\" data-end=\"2203\">Avantages :<\/strong> Construction durable, utilisation s\u00fbre, performance longue dur\u00e9e<\/p>\n<\/li>\n<\/ul>\n","protected":false},"featured_media":18475,"template":"","meta":[],"product_brand":[],"product_cat":[472,236,522],"product_tag":[],"class_list":{"0":"post-18474","1":"product","2":"type-product","3":"status-publish","4":"has-post-thumbnail","6":"product_cat-kaporta-aksami","7":"product_cat-jungheinrich","8":"product_cat-yedek-parca-jungheinrich","10":"first","11":"instock","12":"taxable","13":"shipping-taxable","14":"purchasable","15":"product-type-simple"},"_links":{"self":[{"href":"https:\/\/ceoparts.com\/fr\/wp-json\/wp\/v2\/product\/18474","targetHints":{"allow":["GET"]}}],"collection":[{"href":"https:\/\/ceoparts.com\/fr\/wp-json\/wp\/v2\/product"}],"about":[{"href":"https:\/\/ceoparts.com\/fr\/wp-json\/wp\/v2\/types\/product"}],"wp:featuredmedia":[{"embeddable":true,"href":"https:\/\/ceoparts.com\/fr\/wp-json\/wp\/v2\/media\/18475"}],"wp:attachment":[{"href":"https:\/\/ceoparts.com\/fr\/wp-json\/wp\/v2\/media?parent=18474"}],"wp:term":[{"taxonomy":"product_brand","embeddable":true,"href":"https:\/\/ceoparts.com\/fr\/wp-json\/wp\/v2\/product_brand?post=18474"},{"taxonomy":"product_cat","embeddable":true,"href":"https:\/\/ceoparts.com\/fr\/wp-json\/wp\/v2\/product_cat?post=18474"},{"taxonomy":"product_tag","embeddable":true,"href":"https:\/\/ceoparts.com\/fr\/wp-json\/wp\/v2\/product_tag?post=18474"}],"curies":[{"name":"wp","href":"https:\/\/api.w.org\/{rel}","templated":true}]}}