{"id":18484,"date":"2025-09-30T14:29:44","date_gmt":"2025-09-30T11:29:44","guid":{"rendered":"https:\/\/ceoparts.com\/?post_type=product&#038;p=18484"},"modified":"2026-05-03T03:05:54","modified_gmt":"2026-05-03T00:05:54","slug":"jungheinrich-ece-catal-mekanizma-50009292","status":"publish","type":"product","link":"https:\/\/ceoparts.com\/fr\/urun\/jungheinrich-ece-catal-mekanizma-50009292\/","title":{"rendered":"M\u00e9canisme de fourche Jungheinrich ECE \u2013 50009292"},"content":{"rendered":"<p>M\u00e9canisme de fourche Jungheinrich ECE \u2013 50009292<\/p>","protected":false},"excerpt":{"rendered":"<p data-start=\"1860\" data-end=\"2124\"><strong data-start=\"1860\" data-end=\"1912\">M\u00e9canisme de Fourche Jungheinrich ECE \u2013 50009292<\/strong> est con\u00e7u pour les op\u00e9rations de levage et de manutention de charges dans les chariots \u00e9l\u00e9vateurs. Sa construction robuste assure une utilisation s\u00fbre et durable m\u00eame dans des conditions de travail exigeantes.<\/p>\n<p data-start=\"2126\" data-end=\"2150\"><strong data-start=\"2126\" data-end=\"2148\">Caract\u00e9ristiques :<\/strong><\/p>\n<ul data-start=\"2151\" data-end=\"2505\">\n<li data-start=\"2151\" data-end=\"2213\">\n<p data-start=\"2153\" data-end=\"2213\"><strong data-start=\"2153\" data-end=\"2173\">Nom du produit :<\/strong> M\u00e9canisme de Fourche Jungheinrich ECE<\/p>\n<\/li>\n<li data-start=\"2214\" data-end=\"2243\">\n<p data-start=\"2216\" data-end=\"2243\"><strong data-start=\"2216\" data-end=\"2232\">Code pi\u00e8ce :<\/strong> 50009292<\/p>\n<\/li>\n<li data-start=\"2244\" data-end=\"2298\">\n<p data-start=\"2246\" data-end=\"2298\"><strong data-start=\"2246\" data-end=\"2260\">Mat\u00e9riau :<\/strong> Alliage m\u00e9tallique haute r\u00e9sistance<\/p>\n<\/li>\n<li data-start=\"2299\" data-end=\"2392\">\n<p data-start=\"2301\" data-end=\"2392\"><strong data-start=\"2301\" data-end=\"2328\">Domaine d\u2019application :<\/strong> Levage et manutention de charges dans les chariots \u00e9l\u00e9vateurs<\/p>\n<\/li>\n<li data-start=\"2393\" data-end=\"2505\">\n<p data-start=\"2395\" data-end=\"2505\"><strong data-start=\"2395\" data-end=\"2410\">Avantages :<\/strong> Construction durable, utilisation s\u00fbre dans des conditions lourdes, performance longue dur\u00e9e<\/p>\n<\/li>\n<\/ul>\n","protected":false},"featured_media":18489,"template":"","meta":[],"product_brand":[],"product_cat":[406,236,408,522],"product_tag":[],"class_list":{"0":"post-18484","1":"product","2":"type-product","3":"status-publish","4":"has-post-thumbnail","6":"product_cat-catal-mekanizma","7":"product_cat-jungheinrich","8":"product_cat-jungheinrich-catal-mekanizma","9":"product_cat-yedek-parca-jungheinrich","11":"first","12":"instock","13":"taxable","14":"shipping-taxable","15":"purchasable","16":"product-type-simple"},"_links":{"self":[{"href":"https:\/\/ceoparts.com\/fr\/wp-json\/wp\/v2\/product\/18484","targetHints":{"allow":["GET"]}}],"collection":[{"href":"https:\/\/ceoparts.com\/fr\/wp-json\/wp\/v2\/product"}],"about":[{"href":"https:\/\/ceoparts.com\/fr\/wp-json\/wp\/v2\/types\/product"}],"wp:featuredmedia":[{"embeddable":true,"href":"https:\/\/ceoparts.com\/fr\/wp-json\/wp\/v2\/media\/18489"}],"wp:attachment":[{"href":"https:\/\/ceoparts.com\/fr\/wp-json\/wp\/v2\/media?parent=18484"}],"wp:term":[{"taxonomy":"product_brand","embeddable":true,"href":"https:\/\/ceoparts.com\/fr\/wp-json\/wp\/v2\/product_brand?post=18484"},{"taxonomy":"product_cat","embeddable":true,"href":"https:\/\/ceoparts.com\/fr\/wp-json\/wp\/v2\/product_cat?post=18484"},{"taxonomy":"product_tag","embeddable":true,"href":"https:\/\/ceoparts.com\/fr\/wp-json\/wp\/v2\/product_tag?post=18484"}],"curies":[{"name":"wp","href":"https:\/\/api.w.org\/{rel}","templated":true}]}}