{"id":18490,"date":"2025-09-30T15:24:22","date_gmt":"2025-09-30T12:24:22","guid":{"rendered":"https:\/\/ceoparts.com\/?post_type=product&#038;p=18490"},"modified":"2026-05-03T02:38:07","modified_gmt":"2026-05-02T23:38:07","slug":"linde-hortum-0009573191","status":"publish","type":"product","link":"https:\/\/ceoparts.com\/fr\/urun\/linde-hortum-0009573191\/","title":{"rendered":"Durite Linde \u2013 0009573191"},"content":{"rendered":"<p>Durite Linde \u2013 0009573191<\/p>","protected":false},"excerpt":{"rendered":"<p data-start=\"1781\" data-end=\"2027\"><strong data-start=\"1781\" data-end=\"1809\">Linde Tuyau \u2013 0009573191<\/strong> est con\u00e7u pour le transfert de liquides ou de gaz dans les chariots \u00e9l\u00e9vateurs et les \u00e9quipements d\u2019entrep\u00f4t. Sa construction r\u00e9sistante garantit une utilisation s\u00fbre et efficace m\u00eame dans des conditions exigeantes.<\/p>\n<p data-start=\"2029\" data-end=\"2053\"><strong data-start=\"2029\" data-end=\"2051\">Caract\u00e9ristiques :<\/strong><\/p>\n<ul data-start=\"2054\" data-end=\"2362\">\n<li data-start=\"2054\" data-end=\"2090\">\n<p data-start=\"2056\" data-end=\"2090\"><strong data-start=\"2056\" data-end=\"2076\">Nom du produit :<\/strong> Linde Tuyau<\/p>\n<\/li>\n<li data-start=\"2091\" data-end=\"2122\">\n<p data-start=\"2093\" data-end=\"2122\"><strong data-start=\"2093\" data-end=\"2109\">Code pi\u00e8ce :<\/strong> 0009573191<\/p>\n<\/li>\n<li data-start=\"2123\" data-end=\"2183\">\n<p data-start=\"2125\" data-end=\"2183\"><strong data-start=\"2125\" data-end=\"2139\">Mat\u00e9riau :<\/strong> Plastique durable avec renfort m\u00e9tallique<\/p>\n<\/li>\n<li data-start=\"2184\" data-end=\"2294\">\n<p data-start=\"2186\" data-end=\"2294\"><strong data-start=\"2186\" data-end=\"2213\">Domaine d\u2019application :<\/strong> Transfert de liquide ou gaz pour chariots \u00e9l\u00e9vateurs et \u00e9quipements d\u2019entrep\u00f4t<\/p>\n<\/li>\n<li data-start=\"2295\" data-end=\"2362\">\n<p data-start=\"2297\" data-end=\"2362\"><strong data-start=\"2297\" data-end=\"2312\">Avantages :<\/strong> Grande durabilit\u00e9, utilisation s\u00fbre et efficace<\/p>\n<\/li>\n<\/ul>\n","protected":false},"featured_media":18494,"template":"","meta":[],"product_brand":[],"product_cat":[470],"product_tag":[],"class_list":{"0":"post-18490","1":"product","2":"type-product","3":"status-publish","4":"has-post-thumbnail","6":"product_cat-diger-yedek-parcalar","8":"first","9":"instock","10":"taxable","11":"shipping-taxable","12":"purchasable","13":"product-type-simple"},"_links":{"self":[{"href":"https:\/\/ceoparts.com\/fr\/wp-json\/wp\/v2\/product\/18490","targetHints":{"allow":["GET"]}}],"collection":[{"href":"https:\/\/ceoparts.com\/fr\/wp-json\/wp\/v2\/product"}],"about":[{"href":"https:\/\/ceoparts.com\/fr\/wp-json\/wp\/v2\/types\/product"}],"wp:featuredmedia":[{"embeddable":true,"href":"https:\/\/ceoparts.com\/fr\/wp-json\/wp\/v2\/media\/18494"}],"wp:attachment":[{"href":"https:\/\/ceoparts.com\/fr\/wp-json\/wp\/v2\/media?parent=18490"}],"wp:term":[{"taxonomy":"product_brand","embeddable":true,"href":"https:\/\/ceoparts.com\/fr\/wp-json\/wp\/v2\/product_brand?post=18490"},{"taxonomy":"product_cat","embeddable":true,"href":"https:\/\/ceoparts.com\/fr\/wp-json\/wp\/v2\/product_cat?post=18490"},{"taxonomy":"product_tag","embeddable":true,"href":"https:\/\/ceoparts.com\/fr\/wp-json\/wp\/v2\/product_tag?post=18490"}],"curies":[{"name":"wp","href":"https:\/\/api.w.org\/{rel}","templated":true}]}}