{"id":18499,"date":"2025-09-30T15:43:49","date_gmt":"2025-09-30T12:43:49","guid":{"rendered":"https:\/\/ceoparts.com\/?post_type=product&#038;p=18499"},"modified":"2026-05-03T03:05:58","modified_gmt":"2026-05-03T00:05:58","slug":"linde-esnek-sekillendirilmis-hortum-3961084001","status":"publish","type":"product","link":"https:\/\/ceoparts.com\/fr\/urun\/linde-esnek-sekillendirilmis-hortum-3961084001\/","title":{"rendered":"Durite flexible moul\u00e9e Linde \u2013 3961084001"},"content":{"rendered":"<p>Durite flexible moul\u00e9e Linde \u2013 3961084001<\/p>","protected":false},"excerpt":{"rendered":"<p data-start=\"2112\" data-end=\"2396\"><strong data-start=\"2112\" data-end=\"2155\">Linde Tuyau Flexible Form\u00e9 \u2013 3961084001<\/strong> est con\u00e7u pour le transfert de liquides ou de gaz dans les chariots \u00e9l\u00e9vateurs et les \u00e9quipements d\u2019entrep\u00f4t. Sa construction flexible, r\u00e9sistante et modulable garantit une utilisation s\u00fbre et efficace m\u00eame dans des conditions exigeantes.<\/p>\n<p data-start=\"2398\" data-end=\"2422\"><strong data-start=\"2398\" data-end=\"2420\">Caract\u00e9ristiques :<\/strong><\/p>\n<ul data-start=\"2423\" data-end=\"2789\">\n<li data-start=\"2423\" data-end=\"2474\">\n<p data-start=\"2425\" data-end=\"2474\"><strong data-start=\"2425\" data-end=\"2445\">Nom du produit :<\/strong> Linde Tuyau Flexible Form\u00e9<\/p>\n<\/li>\n<li data-start=\"2475\" data-end=\"2506\">\n<p data-start=\"2477\" data-end=\"2506\"><strong data-start=\"2477\" data-end=\"2493\">Code pi\u00e8ce :<\/strong> 3961084001<\/p>\n<\/li>\n<li data-start=\"2507\" data-end=\"2576\">\n<p data-start=\"2509\" data-end=\"2576\"><strong data-start=\"2509\" data-end=\"2523\">Mat\u00e9riau :<\/strong> Plastique flexible durable avec renfort m\u00e9tallique<\/p>\n<\/li>\n<li data-start=\"2577\" data-end=\"2687\">\n<p data-start=\"2579\" data-end=\"2687\"><strong data-start=\"2579\" data-end=\"2606\">Domaine d\u2019application :<\/strong> Transfert de liquide ou gaz pour chariots \u00e9l\u00e9vateurs et \u00e9quipements d\u2019entrep\u00f4t<\/p>\n<\/li>\n<li data-start=\"2688\" data-end=\"2789\">\n<p data-start=\"2690\" data-end=\"2789\"><strong data-start=\"2690\" data-end=\"2705\">Avantages :<\/strong> Conception flexible et modulable, grande durabilit\u00e9, utilisation s\u00fbre et efficace<\/p>\n<\/li>\n<\/ul>\n","protected":false},"featured_media":18502,"template":"","meta":[],"product_brand":[],"product_cat":[470,523,246],"product_tag":[],"class_list":{"0":"post-18499","1":"product","2":"type-product","3":"status-publish","4":"has-post-thumbnail","6":"product_cat-diger-yedek-parcalar","7":"product_cat-yedek-parca-linde","8":"product_cat-linde","10":"first","11":"instock","12":"taxable","13":"shipping-taxable","14":"purchasable","15":"product-type-simple"},"_links":{"self":[{"href":"https:\/\/ceoparts.com\/fr\/wp-json\/wp\/v2\/product\/18499","targetHints":{"allow":["GET"]}}],"collection":[{"href":"https:\/\/ceoparts.com\/fr\/wp-json\/wp\/v2\/product"}],"about":[{"href":"https:\/\/ceoparts.com\/fr\/wp-json\/wp\/v2\/types\/product"}],"wp:featuredmedia":[{"embeddable":true,"href":"https:\/\/ceoparts.com\/fr\/wp-json\/wp\/v2\/media\/18502"}],"wp:attachment":[{"href":"https:\/\/ceoparts.com\/fr\/wp-json\/wp\/v2\/media?parent=18499"}],"wp:term":[{"taxonomy":"product_brand","embeddable":true,"href":"https:\/\/ceoparts.com\/fr\/wp-json\/wp\/v2\/product_brand?post=18499"},{"taxonomy":"product_cat","embeddable":true,"href":"https:\/\/ceoparts.com\/fr\/wp-json\/wp\/v2\/product_cat?post=18499"},{"taxonomy":"product_tag","embeddable":true,"href":"https:\/\/ceoparts.com\/fr\/wp-json\/wp\/v2\/product_tag?post=18499"}],"curies":[{"name":"wp","href":"https:\/\/api.w.org\/{rel}","templated":true}]}}