{"id":18503,"date":"2025-09-30T16:02:19","date_gmt":"2025-09-30T13:02:19","guid":{"rendered":"https:\/\/ceoparts.com\/?post_type=product&#038;p=18503"},"modified":"2026-05-03T03:36:06","modified_gmt":"2026-05-03T00:36:06","slug":"linde-esnek-sekillendirilmis-hortum-3961731829","status":"publish","type":"product","link":"https:\/\/ceoparts.com\/fr\/urun\/linde-esnek-sekillendirilmis-hortum-3961731829\/","title":{"rendered":"Durite flexible moul\u00e9e Linde \u2013 3961731829"},"content":{"rendered":"<p>Durite flexible moul\u00e9e Linde \u2013 3961731829<\/p>","protected":false},"excerpt":{"rendered":"<p data-start=\"2066\" data-end=\"2355\"><strong data-start=\"2066\" data-end=\"2109\">Tuyau Flexible Form\u00e9 Linde \u2013 3961731829<\/strong> est con\u00e7u pour les chariots \u00e9l\u00e9vateurs et \u00e9quipements d\u2019entrep\u00f4t afin de transmettre les liquides et l\u2019air de mani\u00e8re s\u00fbre et efficace. Sa structure flexible permet une utilisation facile dans les espaces restreints et une performance durable.<\/p>\n<p data-start=\"2357\" data-end=\"2381\"><strong data-start=\"2357\" data-end=\"2379\">Caract\u00e9ristiques :<\/strong><\/p>\n<ul data-start=\"2382\" data-end=\"2774\">\n<li data-start=\"2382\" data-end=\"2446\">\n<p data-start=\"2384\" data-end=\"2446\"><strong data-start=\"2384\" data-end=\"2404\">Nom du produit :<\/strong> Tuyau Flexible Form\u00e9 Linde \u2013 3961731829<\/p>\n<\/li>\n<li data-start=\"2447\" data-end=\"2478\">\n<p data-start=\"2449\" data-end=\"2478\"><strong data-start=\"2449\" data-end=\"2465\">Code pi\u00e8ce :<\/strong> 3961731829<\/p>\n<\/li>\n<li data-start=\"2479\" data-end=\"2561\">\n<p data-start=\"2481\" data-end=\"2561\"><strong data-start=\"2481\" data-end=\"2495\">Mat\u00e9riau :<\/strong> \u00c9lastom\u00e8re de haute qualit\u00e9 avec structure int\u00e9rieure renforc\u00e9e<\/p>\n<\/li>\n<li data-start=\"2562\" data-end=\"2676\">\n<p data-start=\"2564\" data-end=\"2676\"><strong data-start=\"2564\" data-end=\"2591\">Domaine d\u2019application :<\/strong> Transmission de liquide\/air dans les chariots \u00e9l\u00e9vateurs et \u00e9quipements d\u2019entrep\u00f4t<\/p>\n<\/li>\n<li data-start=\"2677\" data-end=\"2774\">\n<p data-start=\"2679\" data-end=\"2774\"><strong data-start=\"2679\" data-end=\"2694\">Avantages :<\/strong> Utilisation flexible, haute durabilit\u00e9, performance longue dur\u00e9e et s\u00e9curis\u00e9e<\/p>\n<\/li>\n<\/ul>\n","protected":false},"featured_media":18507,"template":"","meta":[],"product_brand":[],"product_cat":[470,523,246],"product_tag":[],"class_list":{"0":"post-18503","1":"product","2":"type-product","3":"status-publish","4":"has-post-thumbnail","6":"product_cat-diger-yedek-parcalar","7":"product_cat-yedek-parca-linde","8":"product_cat-linde","10":"first","11":"instock","12":"taxable","13":"shipping-taxable","14":"purchasable","15":"product-type-simple"},"_links":{"self":[{"href":"https:\/\/ceoparts.com\/fr\/wp-json\/wp\/v2\/product\/18503","targetHints":{"allow":["GET"]}}],"collection":[{"href":"https:\/\/ceoparts.com\/fr\/wp-json\/wp\/v2\/product"}],"about":[{"href":"https:\/\/ceoparts.com\/fr\/wp-json\/wp\/v2\/types\/product"}],"wp:featuredmedia":[{"embeddable":true,"href":"https:\/\/ceoparts.com\/fr\/wp-json\/wp\/v2\/media\/18507"}],"wp:attachment":[{"href":"https:\/\/ceoparts.com\/fr\/wp-json\/wp\/v2\/media?parent=18503"}],"wp:term":[{"taxonomy":"product_brand","embeddable":true,"href":"https:\/\/ceoparts.com\/fr\/wp-json\/wp\/v2\/product_brand?post=18503"},{"taxonomy":"product_cat","embeddable":true,"href":"https:\/\/ceoparts.com\/fr\/wp-json\/wp\/v2\/product_cat?post=18503"},{"taxonomy":"product_tag","embeddable":true,"href":"https:\/\/ceoparts.com\/fr\/wp-json\/wp\/v2\/product_tag?post=18503"}],"curies":[{"name":"wp","href":"https:\/\/api.w.org\/{rel}","templated":true}]}}