{"id":18508,"date":"2025-09-30T16:40:46","date_gmt":"2025-09-30T13:40:46","guid":{"rendered":"https:\/\/ceoparts.com\/?post_type=product&#038;p=18508"},"modified":"2026-05-03T04:03:34","modified_gmt":"2026-05-03T01:03:34","slug":"amortisor-linde-0009655684","status":"publish","type":"product","link":"https:\/\/ceoparts.com\/fr\/urun\/amortisor-linde-0009655684\/","title":{"rendered":"Amortisseur Linde \u2013 0009655684"},"content":{"rendered":"<p>Amortisseur Linde \u2013 0009655684<\/p>","protected":false},"excerpt":{"rendered":"<p data-start=\"1880\" data-end=\"2150\"><strong data-start=\"1880\" data-end=\"1914\">Amortisseur Linde \u2013 0009655684<\/strong> est con\u00e7u pour les chariots \u00e9l\u00e9vateurs et \u00e9quipements d\u2019entrep\u00f4t afin de r\u00e9duire les vibrations et am\u00e9liorer la stabilit\u00e9 lors des op\u00e9rations. Sa construction de haute qualit\u00e9 garantit une longue dur\u00e9e de vie et une utilisation s\u00fbre.<\/p>\n<p data-start=\"2152\" data-end=\"2176\"><strong data-start=\"2152\" data-end=\"2174\">Caract\u00e9ristiques :<\/strong><\/p>\n<ul data-start=\"2177\" data-end=\"2505\">\n<li data-start=\"2177\" data-end=\"2232\">\n<p data-start=\"2179\" data-end=\"2232\"><strong data-start=\"2179\" data-end=\"2199\">Nom du produit :<\/strong> Amortisseur Linde \u2013 0009655684<\/p>\n<\/li>\n<li data-start=\"2233\" data-end=\"2264\">\n<p data-start=\"2235\" data-end=\"2264\"><strong data-start=\"2235\" data-end=\"2251\">Code pi\u00e8ce :<\/strong> 0009655684<\/p>\n<\/li>\n<li data-start=\"2265\" data-end=\"2311\">\n<p data-start=\"2267\" data-end=\"2311\"><strong data-start=\"2267\" data-end=\"2281\">Mat\u00e9riau :<\/strong> M\u00e9tal durable et \u00e9lastom\u00e8re<\/p>\n<\/li>\n<li data-start=\"2312\" data-end=\"2417\">\n<p data-start=\"2314\" data-end=\"2417\"><strong data-start=\"2314\" data-end=\"2341\">Domaine d\u2019application :<\/strong> Contr\u00f4le des vibrations sur chariots \u00e9l\u00e9vateurs et \u00e9quipements d\u2019entrep\u00f4t<\/p>\n<\/li>\n<li data-start=\"2418\" data-end=\"2505\">\n<p data-start=\"2420\" data-end=\"2505\"><strong data-start=\"2420\" data-end=\"2435\">Avantages :<\/strong> Haute durabilit\u00e9, longue dur\u00e9e de vie, mouvement stable et s\u00e9curis\u00e9<\/p>\n<\/li>\n<\/ul>\n","protected":false},"featured_media":18515,"template":"","meta":[],"product_brand":[],"product_cat":[497,523,246],"product_tag":[],"class_list":{"0":"post-18508","1":"product","2":"type-product","3":"status-publish","4":"has-post-thumbnail","6":"product_cat-amortisor-grubu","7":"product_cat-yedek-parca-linde","8":"product_cat-linde","10":"first","11":"instock","12":"taxable","13":"shipping-taxable","14":"purchasable","15":"product-type-simple"},"_links":{"self":[{"href":"https:\/\/ceoparts.com\/fr\/wp-json\/wp\/v2\/product\/18508","targetHints":{"allow":["GET"]}}],"collection":[{"href":"https:\/\/ceoparts.com\/fr\/wp-json\/wp\/v2\/product"}],"about":[{"href":"https:\/\/ceoparts.com\/fr\/wp-json\/wp\/v2\/types\/product"}],"wp:featuredmedia":[{"embeddable":true,"href":"https:\/\/ceoparts.com\/fr\/wp-json\/wp\/v2\/media\/18515"}],"wp:attachment":[{"href":"https:\/\/ceoparts.com\/fr\/wp-json\/wp\/v2\/media?parent=18508"}],"wp:term":[{"taxonomy":"product_brand","embeddable":true,"href":"https:\/\/ceoparts.com\/fr\/wp-json\/wp\/v2\/product_brand?post=18508"},{"taxonomy":"product_cat","embeddable":true,"href":"https:\/\/ceoparts.com\/fr\/wp-json\/wp\/v2\/product_cat?post=18508"},{"taxonomy":"product_tag","embeddable":true,"href":"https:\/\/ceoparts.com\/fr\/wp-json\/wp\/v2\/product_tag?post=18508"}],"curies":[{"name":"wp","href":"https:\/\/api.w.org\/{rel}","templated":true}]}}