{"id":18516,"date":"2025-09-30T17:06:21","date_gmt":"2025-09-30T14:06:21","guid":{"rendered":"https:\/\/ceoparts.com\/?post_type=product&#038;p=18516"},"modified":"2026-05-03T04:33:41","modified_gmt":"2026-05-03T01:33:41","slug":"kontaktor-dc182b-733-48v","status":"publish","type":"product","link":"https:\/\/ceoparts.com\/fr\/urun\/kontaktor-dc182b-733-48v\/","title":{"rendered":"Albright Contacteur DC182B-733 48V"},"content":{"rendered":"<p>Albright Contacteur DC182B-733 48V<\/p>","protected":false},"excerpt":{"rendered":"<p data-start=\"2210\" data-end=\"2539\"><strong data-start=\"2210\" data-end=\"2248\">Contacteur Albright DC182B-733 48V<\/strong> est un mod\u00e8le haute performance con\u00e7u pour fournir des connexions de circuits \u00e9lectriques s\u00fbres et fiables dans les chariots \u00e9l\u00e9vateurs, v\u00e9hicules \u00e9lectriques et autres \u00e9quipements industriels. Sa grande capacit\u00e9 de courant et sa construction robuste garantissent une utilisation durable.<\/p>\n<p data-start=\"2541\" data-end=\"2565\"><strong data-start=\"2541\" data-end=\"2563\">Caract\u00e9ristiques :<\/strong><\/p>\n<ul data-start=\"2566\" data-end=\"2961\">\n<li data-start=\"2566\" data-end=\"2625\">\n<p data-start=\"2568\" data-end=\"2625\"><strong data-start=\"2568\" data-end=\"2588\">Nom du produit :<\/strong> Contacteur Albright DC182B-733 48V<\/p>\n<\/li>\n<li data-start=\"2626\" data-end=\"2657\">\n<p data-start=\"2628\" data-end=\"2657\"><strong data-start=\"2628\" data-end=\"2644\">Code pi\u00e8ce :<\/strong> DC182B-733<\/p>\n<\/li>\n<li data-start=\"2658\" data-end=\"2722\">\n<p data-start=\"2660\" data-end=\"2722\"><strong data-start=\"2660\" data-end=\"2674\">Mat\u00e9riau :<\/strong> M\u00e9tal durable et conducteurs de haute qualit\u00e9<\/p>\n<\/li>\n<li data-start=\"2723\" data-end=\"2851\">\n<p data-start=\"2725\" data-end=\"2851\"><strong data-start=\"2725\" data-end=\"2752\">Domaine d\u2019application :<\/strong> Connexion de circuits dans chariots \u00e9l\u00e9vateurs, v\u00e9hicules \u00e9lectriques et \u00e9quipements industriels<\/p>\n<\/li>\n<li data-start=\"2852\" data-end=\"2961\">\n<p data-start=\"2854\" data-end=\"2961\"><strong data-start=\"2854\" data-end=\"2869\">Avantages :<\/strong> Grande capacit\u00e9 de courant, construction durable, transmission d\u2019\u00e9nergie s\u00fbre et continue<\/p>\n<\/li>\n<\/ul>\n","protected":false},"featured_media":18522,"template":"","meta":[],"product_brand":[],"product_cat":[462],"product_tag":[],"class_list":{"0":"post-18516","1":"product","2":"type-product","3":"status-publish","4":"has-post-thumbnail","6":"product_cat-kontaktorler","8":"first","9":"instock","10":"taxable","11":"shipping-taxable","12":"purchasable","13":"product-type-simple"},"_links":{"self":[{"href":"https:\/\/ceoparts.com\/fr\/wp-json\/wp\/v2\/product\/18516","targetHints":{"allow":["GET"]}}],"collection":[{"href":"https:\/\/ceoparts.com\/fr\/wp-json\/wp\/v2\/product"}],"about":[{"href":"https:\/\/ceoparts.com\/fr\/wp-json\/wp\/v2\/types\/product"}],"wp:featuredmedia":[{"embeddable":true,"href":"https:\/\/ceoparts.com\/fr\/wp-json\/wp\/v2\/media\/18522"}],"wp:attachment":[{"href":"https:\/\/ceoparts.com\/fr\/wp-json\/wp\/v2\/media?parent=18516"}],"wp:term":[{"taxonomy":"product_brand","embeddable":true,"href":"https:\/\/ceoparts.com\/fr\/wp-json\/wp\/v2\/product_brand?post=18516"},{"taxonomy":"product_cat","embeddable":true,"href":"https:\/\/ceoparts.com\/fr\/wp-json\/wp\/v2\/product_cat?post=18516"},{"taxonomy":"product_tag","embeddable":true,"href":"https:\/\/ceoparts.com\/fr\/wp-json\/wp\/v2\/product_tag?post=18516"}],"curies":[{"name":"wp","href":"https:\/\/api.w.org\/{rel}","templated":true}]}}