{"id":18532,"date":"2025-10-01T09:03:37","date_gmt":"2025-10-01T06:03:37","guid":{"rendered":"https:\/\/ceoparts.com\/?post_type=product&#038;p=18532"},"modified":"2026-05-02T17:57:28","modified_gmt":"2026-05-02T14:57:28","slug":"yuruyus-motor-fani-92x92x38-mm-12v","status":"publish","type":"product","link":"https:\/\/ceoparts.com\/fr\/urun\/yuruyus-motor-fani-92x92x38-mm-12v\/","title":{"rendered":"Ventilateur de moteur de traction 92x92x38 mm \/ 12V"},"content":{"rendered":"<p>Ventilateur de moteur de traction 92x92x38 mm \/ 12V<\/p>","protected":false},"excerpt":{"rendered":"<p data-start=\"2512\" data-end=\"2709\">Le <strong data-start=\"2515\" data-end=\"2570\">Ventilateur du Moteur de Traction 92x92x38 mm \/ 12V<\/strong> assure un refroidissement efficace des moteurs de traction des chariots \u00e9l\u00e9vateurs, garantissant des performances stables et silencieuses.<\/p>\n<p data-start=\"2711\" data-end=\"2733\"><strong data-start=\"2711\" data-end=\"2733\">Caract\u00e9ristiques :<\/strong><\/p>\n<ul data-start=\"2734\" data-end=\"3066\">\n<li data-start=\"2734\" data-end=\"2807\">\n<p data-start=\"2736\" data-end=\"2807\"><strong data-start=\"2736\" data-end=\"2756\">Nom du produit :<\/strong> Ventilateur Moteur de Traction 92x92x38 mm \/ 12V<\/p>\n<\/li>\n<li data-start=\"2808\" data-end=\"2839\">\n<p data-start=\"2810\" data-end=\"2839\"><strong data-start=\"2810\" data-end=\"2826\">Code pi\u00e8ce :<\/strong> WMF-92-12V<\/p>\n<\/li>\n<li data-start=\"2840\" data-end=\"2924\">\n<p data-start=\"2842\" data-end=\"2924\"><strong data-start=\"2842\" data-end=\"2856\">Mat\u00e9riau :<\/strong> Bo\u00eetier en plastique de haute qualit\u00e9 avec roulements m\u00e9talliques<\/p>\n<\/li>\n<li data-start=\"2925\" data-end=\"3009\">\n<p data-start=\"2927\" data-end=\"3009\"><strong data-start=\"2927\" data-end=\"2944\">Application :<\/strong> Refroidissement des moteurs de traction de chariots \u00e9l\u00e9vateurs<\/p>\n<\/li>\n<li data-start=\"3010\" data-end=\"3066\">\n<p data-start=\"3012\" data-end=\"3066\"><strong data-start=\"3012\" data-end=\"3026\">Avantage :<\/strong> Silencieux, durable, haut d\u00e9bit d\u2019air<\/p>\n<\/li>\n<\/ul>\n","protected":false},"featured_media":18536,"template":"","meta":[],"product_brand":[],"product_cat":[470,251,518],"product_tag":[],"class_list":{"0":"post-18532","1":"product","2":"type-product","3":"status-publish","4":"has-post-thumbnail","6":"product_cat-diger-yedek-parcalar","7":"product_cat-bt","8":"product_cat-yedek-parca-bt","10":"first","11":"instock","12":"taxable","13":"shipping-taxable","14":"purchasable","15":"product-type-simple"},"_links":{"self":[{"href":"https:\/\/ceoparts.com\/fr\/wp-json\/wp\/v2\/product\/18532","targetHints":{"allow":["GET"]}}],"collection":[{"href":"https:\/\/ceoparts.com\/fr\/wp-json\/wp\/v2\/product"}],"about":[{"href":"https:\/\/ceoparts.com\/fr\/wp-json\/wp\/v2\/types\/product"}],"wp:featuredmedia":[{"embeddable":true,"href":"https:\/\/ceoparts.com\/fr\/wp-json\/wp\/v2\/media\/18536"}],"wp:attachment":[{"href":"https:\/\/ceoparts.com\/fr\/wp-json\/wp\/v2\/media?parent=18532"}],"wp:term":[{"taxonomy":"product_brand","embeddable":true,"href":"https:\/\/ceoparts.com\/fr\/wp-json\/wp\/v2\/product_brand?post=18532"},{"taxonomy":"product_cat","embeddable":true,"href":"https:\/\/ceoparts.com\/fr\/wp-json\/wp\/v2\/product_cat?post=18532"},{"taxonomy":"product_tag","embeddable":true,"href":"https:\/\/ceoparts.com\/fr\/wp-json\/wp\/v2\/product_tag?post=18532"}],"curies":[{"name":"wp","href":"https:\/\/api.w.org\/{rel}","templated":true}]}}