{"id":18548,"date":"2025-10-01T10:37:01","date_gmt":"2025-10-01T07:37:01","guid":{"rendered":"https:\/\/ceoparts.com\/?post_type=product&#038;p=18548"},"modified":"2026-05-02T18:54:03","modified_gmt":"2026-05-02T15:54:03","slug":"hyundai-amortisor-71fg10070","status":"publish","type":"product","link":"https:\/\/ceoparts.com\/fr\/urun\/hyundai-amortisor-71fg10070\/","title":{"rendered":"Amortisseur HYUNDAI \u2013 71FG10070"},"content":{"rendered":"<p>Amortisseur HYUNDAI \u2013 71FG10070<\/p>","protected":false},"excerpt":{"rendered":"<p data-start=\"2664\" data-end=\"2876\">L\u2019<strong data-start=\"2666\" data-end=\"2701\">Amortisseur HYUNDAI \u2013 71FG10070<\/strong> est con\u00e7u pour r\u00e9duire les vibrations de la cabine, de la colonne de direction ou des supports moteur des chariots \u00e9l\u00e9vateurs. Il offre un fonctionnement fluide et durable.<\/p>\n<p data-start=\"2878\" data-end=\"2902\"><strong data-start=\"2878\" data-end=\"2900\">Caract\u00e9ristiques :<\/strong><\/p>\n<ul data-start=\"2903\" data-end=\"3237\">\n<li data-start=\"2903\" data-end=\"2959\">\n<p data-start=\"2905\" data-end=\"2959\"><strong data-start=\"2905\" data-end=\"2925\">Nom du produit :<\/strong> Amortisseur HYUNDAI \u2013 71FG10070<\/p>\n<\/li>\n<li data-start=\"2960\" data-end=\"2990\">\n<p data-start=\"2962\" data-end=\"2990\"><strong data-start=\"2962\" data-end=\"2978\">Code pi\u00e8ce :<\/strong> 71FG10070<\/p>\n<\/li>\n<li data-start=\"2991\" data-end=\"3073\">\n<p data-start=\"2993\" data-end=\"3073\"><strong data-start=\"2993\" data-end=\"3007\">Mat\u00e9riau :<\/strong> Corps m\u00e9tallique durable avec syst\u00e8me hydraulique et caoutchouc<\/p>\n<\/li>\n<li data-start=\"3074\" data-end=\"3158\">\n<p data-start=\"3076\" data-end=\"3158\"><strong data-start=\"3076\" data-end=\"3093\">Application :<\/strong> Syst\u00e8mes de suspension et d\u2019amortissement des chariots HYUNDAI<\/p>\n<\/li>\n<li data-start=\"3159\" data-end=\"3237\">\n<p data-start=\"3161\" data-end=\"3237\"><strong data-start=\"3161\" data-end=\"3175\">Avantage :<\/strong> Absorption \u00e9lev\u00e9e, longue dur\u00e9e de vie, installation facile<\/p>\n<\/li>\n<\/ul>\n","protected":false},"featured_media":18551,"template":"","meta":[],"product_brand":[],"product_cat":[497],"product_tag":[],"class_list":{"0":"post-18548","1":"product","2":"type-product","3":"status-publish","4":"has-post-thumbnail","6":"product_cat-amortisor-grubu","8":"first","9":"instock","10":"taxable","11":"shipping-taxable","12":"purchasable","13":"product-type-simple"},"_links":{"self":[{"href":"https:\/\/ceoparts.com\/fr\/wp-json\/wp\/v2\/product\/18548","targetHints":{"allow":["GET"]}}],"collection":[{"href":"https:\/\/ceoparts.com\/fr\/wp-json\/wp\/v2\/product"}],"about":[{"href":"https:\/\/ceoparts.com\/fr\/wp-json\/wp\/v2\/types\/product"}],"wp:featuredmedia":[{"embeddable":true,"href":"https:\/\/ceoparts.com\/fr\/wp-json\/wp\/v2\/media\/18551"}],"wp:attachment":[{"href":"https:\/\/ceoparts.com\/fr\/wp-json\/wp\/v2\/media?parent=18548"}],"wp:term":[{"taxonomy":"product_brand","embeddable":true,"href":"https:\/\/ceoparts.com\/fr\/wp-json\/wp\/v2\/product_brand?post=18548"},{"taxonomy":"product_cat","embeddable":true,"href":"https:\/\/ceoparts.com\/fr\/wp-json\/wp\/v2\/product_cat?post=18548"},{"taxonomy":"product_tag","embeddable":true,"href":"https:\/\/ceoparts.com\/fr\/wp-json\/wp\/v2\/product_tag?post=18548"}],"curies":[{"name":"wp","href":"https:\/\/api.w.org\/{rel}","templated":true}]}}