{"id":18561,"date":"2025-10-01T11:41:16","date_gmt":"2025-10-01T08:41:16","guid":{"rendered":"https:\/\/ceoparts.com\/?post_type=product&#038;p=18561"},"modified":"2026-05-06T12:47:31","modified_gmt":"2026-05-06T09:47:31","slug":"tcm-dayanma-kolu","status":"publish","type":"product","link":"https:\/\/ceoparts.com\/fr\/urun\/tcm-dayanma-kolu\/","title":{"rendered":"Bras de support TCM"},"content":{"rendered":"<p>Bras de support TCM<\/p>","protected":false},"excerpt":{"rendered":"<p data-start=\"2447\" data-end=\"2653\">La <strong data-start=\"2450\" data-end=\"2477\">Poign\u00e9e de Maintien TCM<\/strong> est con\u00e7ue pour offrir au cariste une prise en main s\u00fbre et confortable pendant l\u2019utilisation du chariot \u00e9l\u00e9vateur. Sa conception ergonomique garantit confort et durabilit\u00e9.<\/p>\n<p data-start=\"2655\" data-end=\"2679\"><strong data-start=\"2655\" data-end=\"2677\">Caract\u00e9ristiques :<\/strong><\/p>\n<ul data-start=\"2680\" data-end=\"2968\">\n<li data-start=\"2680\" data-end=\"2728\">\n<p data-start=\"2682\" data-end=\"2728\"><strong data-start=\"2682\" data-end=\"2702\">Nom du produit :<\/strong> Poign\u00e9e de Maintien TCM<\/p>\n<\/li>\n<li data-start=\"2762\" data-end=\"2825\">\n<p data-start=\"2764\" data-end=\"2825\"><strong data-start=\"2764\" data-end=\"2778\">Mat\u00e9riau :<\/strong> Noyau en acier avec rev\u00eatement en caoutchouc<\/p>\n<\/li>\n<li data-start=\"2826\" data-end=\"2893\">\n<p data-start=\"2828\" data-end=\"2893\"><strong data-start=\"2828\" data-end=\"2845\">Application :<\/strong> Syst\u00e8mes de s\u00e9curit\u00e9 cabine pour chariots TCM<\/p>\n<\/li>\n<li data-start=\"2894\" data-end=\"2968\">\n<p data-start=\"2896\" data-end=\"2968\"><strong data-start=\"2896\" data-end=\"2910\">Avantage :<\/strong> Prise ergonomique, solide, durable, installation facile<\/p>\n<\/li>\n<\/ul>\n","protected":false},"featured_media":18564,"template":"","meta":[],"product_brand":[],"product_cat":[470],"product_tag":[],"class_list":{"0":"post-18561","1":"product","2":"type-product","3":"status-publish","4":"has-post-thumbnail","6":"product_cat-diger-yedek-parcalar","8":"first","9":"instock","10":"taxable","11":"shipping-taxable","12":"purchasable","13":"product-type-simple"},"_links":{"self":[{"href":"https:\/\/ceoparts.com\/fr\/wp-json\/wp\/v2\/product\/18561","targetHints":{"allow":["GET"]}}],"collection":[{"href":"https:\/\/ceoparts.com\/fr\/wp-json\/wp\/v2\/product"}],"about":[{"href":"https:\/\/ceoparts.com\/fr\/wp-json\/wp\/v2\/types\/product"}],"wp:featuredmedia":[{"embeddable":true,"href":"https:\/\/ceoparts.com\/fr\/wp-json\/wp\/v2\/media\/18564"}],"wp:attachment":[{"href":"https:\/\/ceoparts.com\/fr\/wp-json\/wp\/v2\/media?parent=18561"}],"wp:term":[{"taxonomy":"product_brand","embeddable":true,"href":"https:\/\/ceoparts.com\/fr\/wp-json\/wp\/v2\/product_brand?post=18561"},{"taxonomy":"product_cat","embeddable":true,"href":"https:\/\/ceoparts.com\/fr\/wp-json\/wp\/v2\/product_cat?post=18561"},{"taxonomy":"product_tag","embeddable":true,"href":"https:\/\/ceoparts.com\/fr\/wp-json\/wp\/v2\/product_tag?post=18561"}],"curies":[{"name":"wp","href":"https:\/\/api.w.org\/{rel}","templated":true}]}}