{"id":18581,"date":"2025-10-01T17:37:35","date_gmt":"2025-10-01T14:37:35","guid":{"rendered":"https:\/\/ceoparts.com\/?post_type=product&#038;p=18581"},"modified":"2026-05-03T02:34:04","modified_gmt":"2026-05-02T23:34:04","slug":"rx60-aku-yan-kapak-563361330002","status":"publish","type":"product","link":"https:\/\/ceoparts.com\/fr\/urun\/rx60-aku-yan-kapak-563361330002\/","title":{"rendered":"Couvercle lat\u00e9ral de batterie RX60 \u2013 563361330002"},"content":{"rendered":"<p>Couvercle lat\u00e9ral de batterie RX60 \u2013 563361330002<\/p>","protected":false},"excerpt":{"rendered":"<p data-start=\"2801\" data-end=\"3000\">Le <strong data-start=\"2804\" data-end=\"2857\">Couvercle Lat\u00e9ral de Batterie RX60 \u2013 563361330002<\/strong> est con\u00e7u pour les chariots \u00e9l\u00e9vateurs \u00e9lectriques Still RX60 afin de prot\u00e9ger le compartiment de batterie contre les chocs et la poussi\u00e8re.<\/p>\n<p data-start=\"3002\" data-end=\"3026\"><strong data-start=\"3002\" data-end=\"3024\">Caract\u00e9ristiques :<\/strong><\/p>\n<ul data-start=\"3027\" data-end=\"3388\">\n<li data-start=\"3027\" data-end=\"3101\">\n<p data-start=\"3029\" data-end=\"3101\"><strong data-start=\"3029\" data-end=\"3049\">Nom du produit :<\/strong> Couvercle Lat\u00e9ral de Batterie RX60 \u2013 563361330002<\/p>\n<\/li>\n<li data-start=\"3102\" data-end=\"3135\">\n<p data-start=\"3104\" data-end=\"3135\"><strong data-start=\"3104\" data-end=\"3120\">Code pi\u00e8ce :<\/strong> 563361330002<\/p>\n<\/li>\n<li data-start=\"3136\" data-end=\"3222\">\n<p data-start=\"3138\" data-end=\"3222\"><strong data-start=\"3138\" data-end=\"3152\">Mat\u00e9riau :<\/strong> T\u00f4le d\u2019acier industrielle avec rev\u00eatement en poudre \u00e9lectrostatique<\/p>\n<\/li>\n<li data-start=\"3223\" data-end=\"3303\">\n<p data-start=\"3225\" data-end=\"3303\"><strong data-start=\"3225\" data-end=\"3242\">Application :<\/strong> Syst\u00e8me de protection de batterie pour chariots Still RX60<\/p>\n<\/li>\n<li data-start=\"3304\" data-end=\"3388\">\n<p data-start=\"3306\" data-end=\"3388\"><strong data-start=\"3306\" data-end=\"3320\">Avantage :<\/strong> R\u00e9sistance \u00e0 la corrosion, montage simple, dur\u00e9e de vie prolong\u00e9e<\/p>\n<\/li>\n<\/ul>\n","protected":false},"featured_media":18585,"template":"","meta":[],"product_brand":[],"product_cat":[472,241,524],"product_tag":[],"class_list":{"0":"post-18581","1":"product","2":"type-product","3":"status-publish","4":"has-post-thumbnail","6":"product_cat-kaporta-aksami","7":"product_cat-still","8":"product_cat-yedek-parca-still","10":"first","11":"instock","12":"taxable","13":"shipping-taxable","14":"purchasable","15":"product-type-simple"},"_links":{"self":[{"href":"https:\/\/ceoparts.com\/fr\/wp-json\/wp\/v2\/product\/18581","targetHints":{"allow":["GET"]}}],"collection":[{"href":"https:\/\/ceoparts.com\/fr\/wp-json\/wp\/v2\/product"}],"about":[{"href":"https:\/\/ceoparts.com\/fr\/wp-json\/wp\/v2\/types\/product"}],"wp:featuredmedia":[{"embeddable":true,"href":"https:\/\/ceoparts.com\/fr\/wp-json\/wp\/v2\/media\/18585"}],"wp:attachment":[{"href":"https:\/\/ceoparts.com\/fr\/wp-json\/wp\/v2\/media?parent=18581"}],"wp:term":[{"taxonomy":"product_brand","embeddable":true,"href":"https:\/\/ceoparts.com\/fr\/wp-json\/wp\/v2\/product_brand?post=18581"},{"taxonomy":"product_cat","embeddable":true,"href":"https:\/\/ceoparts.com\/fr\/wp-json\/wp\/v2\/product_cat?post=18581"},{"taxonomy":"product_tag","embeddable":true,"href":"https:\/\/ceoparts.com\/fr\/wp-json\/wp\/v2\/product_tag?post=18581"}],"curies":[{"name":"wp","href":"https:\/\/api.w.org\/{rel}","templated":true}]}}