{"id":18588,"date":"2025-10-02T09:25:38","date_gmt":"2025-10-02T06:25:38","guid":{"rendered":"https:\/\/ceoparts.com\/?post_type=product&#038;p=18588"},"modified":"2026-05-03T03:02:11","modified_gmt":"2026-05-03T00:02:11","slug":"aku-mentesesi-ust-51294591","status":"publish","type":"product","link":"https:\/\/ceoparts.com\/fr\/urun\/aku-mentesesi-ust-51294591\/","title":{"rendered":"Charni\u00e8re sup\u00e9rieure de batterie \u2013 51294591"},"content":{"rendered":"<p>Charni\u00e8re sup\u00e9rieure de batterie \u2013 51294591<\/p>","protected":false},"excerpt":{"rendered":"<p data-start=\"2570\" data-end=\"2805\">La <strong data-start=\"2573\" data-end=\"2620\">Charni\u00e8re Sup\u00e9rieure de Batterie \u2013 51294591<\/strong> est con\u00e7ue pour assurer l\u2019ouverture et la fermeture s\u00e9curis\u00e9es du couvercle de batterie des chariots \u00e9l\u00e9vateurs. Fabriqu\u00e9e en acier galvanis\u00e9, elle garantit r\u00e9sistance et durabilit\u00e9.<\/p>\n<p data-start=\"2807\" data-end=\"2831\"><strong data-start=\"2807\" data-end=\"2829\">Caract\u00e9ristiques :<\/strong><\/p>\n<ul data-start=\"2832\" data-end=\"3125\">\n<li data-start=\"2832\" data-end=\"2900\">\n<p data-start=\"2834\" data-end=\"2900\"><strong data-start=\"2834\" data-end=\"2854\">Nom du produit :<\/strong> Charni\u00e8re Sup\u00e9rieure de Batterie \u2013 51294591<\/p>\n<\/li>\n<li data-start=\"2901\" data-end=\"2930\">\n<p data-start=\"2903\" data-end=\"2930\"><strong data-start=\"2903\" data-end=\"2919\">Code pi\u00e8ce :<\/strong> 51294591<\/p>\n<\/li>\n<li data-start=\"2931\" data-end=\"2982\">\n<p data-start=\"2933\" data-end=\"2982\"><strong data-start=\"2933\" data-end=\"2947\">Mat\u00e9riau :<\/strong> Acier galvanis\u00e9 haute r\u00e9sistance<\/p>\n<\/li>\n<li data-start=\"2983\" data-end=\"3050\">\n<p data-start=\"2985\" data-end=\"3050\"><strong data-start=\"2985\" data-end=\"3002\">Application :<\/strong> Syst\u00e8me de charni\u00e8re de couvercle de batterie<\/p>\n<\/li>\n<li data-start=\"3051\" data-end=\"3125\">\n<p data-start=\"3053\" data-end=\"3125\"><strong data-start=\"3053\" data-end=\"3067\">Avantage :<\/strong> Anticorrosion, installation simple, longue dur\u00e9e de vie<\/p>\n<\/li>\n<\/ul>\n","protected":false},"featured_media":18591,"template":"","meta":[],"product_brand":[],"product_cat":[443,442],"product_tag":[],"class_list":{"0":"post-18588","1":"product","2":"type-product","3":"status-publish","4":"has-post-thumbnail","6":"product_cat-aku-parcalari","7":"product_cat-aku-yedek-parcalari","9":"first","10":"instock","11":"taxable","12":"shipping-taxable","13":"purchasable","14":"product-type-simple"},"_links":{"self":[{"href":"https:\/\/ceoparts.com\/fr\/wp-json\/wp\/v2\/product\/18588","targetHints":{"allow":["GET"]}}],"collection":[{"href":"https:\/\/ceoparts.com\/fr\/wp-json\/wp\/v2\/product"}],"about":[{"href":"https:\/\/ceoparts.com\/fr\/wp-json\/wp\/v2\/types\/product"}],"wp:featuredmedia":[{"embeddable":true,"href":"https:\/\/ceoparts.com\/fr\/wp-json\/wp\/v2\/media\/18591"}],"wp:attachment":[{"href":"https:\/\/ceoparts.com\/fr\/wp-json\/wp\/v2\/media?parent=18588"}],"wp:term":[{"taxonomy":"product_brand","embeddable":true,"href":"https:\/\/ceoparts.com\/fr\/wp-json\/wp\/v2\/product_brand?post=18588"},{"taxonomy":"product_cat","embeddable":true,"href":"https:\/\/ceoparts.com\/fr\/wp-json\/wp\/v2\/product_cat?post=18588"},{"taxonomy":"product_tag","embeddable":true,"href":"https:\/\/ceoparts.com\/fr\/wp-json\/wp\/v2\/product_tag?post=18588"}],"curies":[{"name":"wp","href":"https:\/\/api.w.org\/{rel}","templated":true}]}}