{"id":18597,"date":"2025-10-02T11:19:28","date_gmt":"2025-10-02T08:19:28","guid":{"rendered":"https:\/\/ceoparts.com\/?post_type=product&#038;p=18597"},"modified":"2026-05-03T04:00:01","modified_gmt":"2026-05-03T01:00:01","slug":"linde-hortum-3961731805","status":"publish","type":"product","link":"https:\/\/ceoparts.com\/fr\/urun\/linde-hortum-3961731805\/","title":{"rendered":"Flexible Linde \u2013 3961731805"},"content":{"rendered":"<p>Flexible Linde \u2013 3961731805<\/p>","protected":false},"excerpt":{"rendered":"<p data-start=\"2540\" data-end=\"2731\">Le <strong data-start=\"2543\" data-end=\"2574\">Flexible Linde \u2013 3961731805<\/strong> est un tuyau hydraulique haute pression d\u2019origine pour les chariots \u00e9l\u00e9vateurs Linde. Il garantit un transfert s\u00fbr et sans fuite des fluides hydrauliques.<\/p>\n<p data-start=\"2733\" data-end=\"2757\"><strong data-start=\"2733\" data-end=\"2755\">Caract\u00e9ristiques :<\/strong><\/p>\n<ul data-start=\"2758\" data-end=\"3082\">\n<li data-start=\"2758\" data-end=\"2810\">\n<p data-start=\"2760\" data-end=\"2810\"><strong data-start=\"2760\" data-end=\"2780\">Nom du produit :<\/strong> Flexible Linde \u2013 3961731805<\/p>\n<\/li>\n<li data-start=\"2811\" data-end=\"2842\">\n<p data-start=\"2813\" data-end=\"2842\"><strong data-start=\"2813\" data-end=\"2829\">Code pi\u00e8ce :<\/strong> 3961731805<\/p>\n<\/li>\n<li data-start=\"2843\" data-end=\"2915\">\n<p data-start=\"2845\" data-end=\"2915\"><strong data-start=\"2845\" data-end=\"2859\">Mat\u00e9riau :<\/strong> Caoutchouc haute r\u00e9sistance avec raccords m\u00e9talliques<\/p>\n<\/li>\n<li data-start=\"2916\" data-end=\"2998\">\n<p data-start=\"2918\" data-end=\"2998\"><strong data-start=\"2918\" data-end=\"2935\">Application :<\/strong> Syst\u00e8mes hydrauliques et de lubrification des chariots Linde<\/p>\n<\/li>\n<li data-start=\"2999\" data-end=\"3082\">\n<p data-start=\"3001\" data-end=\"3082\"><strong data-start=\"3001\" data-end=\"3015\">Avantage :<\/strong> \u00c9tanch\u00e9it\u00e9 parfaite, r\u00e9sistance \u00e0 la pression, compatibilit\u00e9 OEM<\/p>\n<\/li>\n<\/ul>\n","protected":false},"featured_media":18600,"template":"","meta":[],"product_brand":[],"product_cat":[470,246,523],"product_tag":[],"class_list":{"0":"post-18597","1":"product","2":"type-product","3":"status-publish","4":"has-post-thumbnail","6":"product_cat-diger-yedek-parcalar","7":"product_cat-linde","8":"product_cat-yedek-parca-linde","10":"first","11":"instock","12":"taxable","13":"shipping-taxable","14":"purchasable","15":"product-type-simple"},"_links":{"self":[{"href":"https:\/\/ceoparts.com\/fr\/wp-json\/wp\/v2\/product\/18597","targetHints":{"allow":["GET"]}}],"collection":[{"href":"https:\/\/ceoparts.com\/fr\/wp-json\/wp\/v2\/product"}],"about":[{"href":"https:\/\/ceoparts.com\/fr\/wp-json\/wp\/v2\/types\/product"}],"wp:featuredmedia":[{"embeddable":true,"href":"https:\/\/ceoparts.com\/fr\/wp-json\/wp\/v2\/media\/18600"}],"wp:attachment":[{"href":"https:\/\/ceoparts.com\/fr\/wp-json\/wp\/v2\/media?parent=18597"}],"wp:term":[{"taxonomy":"product_brand","embeddable":true,"href":"https:\/\/ceoparts.com\/fr\/wp-json\/wp\/v2\/product_brand?post=18597"},{"taxonomy":"product_cat","embeddable":true,"href":"https:\/\/ceoparts.com\/fr\/wp-json\/wp\/v2\/product_cat?post=18597"},{"taxonomy":"product_tag","embeddable":true,"href":"https:\/\/ceoparts.com\/fr\/wp-json\/wp\/v2\/product_tag?post=18597"}],"curies":[{"name":"wp","href":"https:\/\/api.w.org\/{rel}","templated":true}]}}