{"id":18627,"date":"2025-10-06T17:07:28","date_gmt":"2025-10-06T14:07:28","guid":{"rendered":"https:\/\/ceoparts.com\/?post_type=product&#038;p=18627"},"modified":"2026-05-03T06:41:39","modified_gmt":"2026-05-03T03:41:39","slug":"jungheinrich-kece-51258792","status":"publish","type":"product","link":"https:\/\/ceoparts.com\/fr\/urun\/jungheinrich-kece-51258792\/","title":{"rendered":"Joint Jungheinrich \u2013 51258792"},"content":{"rendered":"<p>Joint Jungheinrich \u2013 51258792<\/p>","protected":false},"excerpt":{"rendered":"<p data-start=\"2803\" data-end=\"3006\">Le <strong data-start=\"2806\" data-end=\"2852\">Joint d\u2019\u00c9tanch\u00e9it\u00e9 Jungheinrich \u2013 51258792<\/strong> est un composant d\u2019origine pour les syst\u00e8mes hydrauliques et d\u2019essieux des chariots Jungheinrich. Il emp\u00eache les fuites et prot\u00e8ge contre la poussi\u00e8re.<\/p>\n<p data-start=\"3008\" data-end=\"3032\"><strong data-start=\"3008\" data-end=\"3030\">Caract\u00e9ristiques :<\/strong><\/p>\n<ul data-start=\"3033\" data-end=\"3281\">\n<li data-start=\"3033\" data-end=\"3100\">\n<p data-start=\"3035\" data-end=\"3100\"><strong data-start=\"3035\" data-end=\"3055\">Nom du produit :<\/strong> Joint d\u2019\u00c9tanch\u00e9it\u00e9 Jungheinrich \u2013 51258792<\/p>\n<\/li>\n<li data-start=\"3101\" data-end=\"3130\">\n<p data-start=\"3103\" data-end=\"3130\"><strong data-start=\"3103\" data-end=\"3119\">Code pi\u00e8ce :<\/strong> 51258792<\/p>\n<\/li>\n<li data-start=\"3131\" data-end=\"3169\">\n<p data-start=\"3133\" data-end=\"3169\"><strong data-start=\"3133\" data-end=\"3147\">Mat\u00e9riau :<\/strong> \u00c9lastom\u00e8re NBR \/ PU<\/p>\n<\/li>\n<li data-start=\"3170\" data-end=\"3206\">\n<p data-start=\"3172\" data-end=\"3206\"><strong data-start=\"3172\" data-end=\"3189\">Temp\u00e9rature :<\/strong> -30\u00b0C \u00e0 +110\u00b0C<\/p>\n<\/li>\n<li data-start=\"3207\" data-end=\"3281\">\n<p data-start=\"3209\" data-end=\"3281\"><strong data-start=\"3209\" data-end=\"3223\">Avantage :<\/strong> \u00c9tanch\u00e9it\u00e9 parfaite, longue dur\u00e9e, r\u00e9sistance \u00e0 l\u2019usure<\/p>\n<\/li>\n<\/ul>\n","protected":false},"featured_media":18630,"template":"","meta":[],"product_brand":[],"product_cat":[470,236,246,522,523],"product_tag":[],"class_list":{"0":"post-18627","1":"product","2":"type-product","3":"status-publish","4":"has-post-thumbnail","6":"product_cat-diger-yedek-parcalar","7":"product_cat-jungheinrich","8":"product_cat-linde","9":"product_cat-yedek-parca-jungheinrich","10":"product_cat-yedek-parca-linde","12":"first","13":"instock","14":"taxable","15":"shipping-taxable","16":"purchasable","17":"product-type-simple"},"_links":{"self":[{"href":"https:\/\/ceoparts.com\/fr\/wp-json\/wp\/v2\/product\/18627","targetHints":{"allow":["GET"]}}],"collection":[{"href":"https:\/\/ceoparts.com\/fr\/wp-json\/wp\/v2\/product"}],"about":[{"href":"https:\/\/ceoparts.com\/fr\/wp-json\/wp\/v2\/types\/product"}],"wp:featuredmedia":[{"embeddable":true,"href":"https:\/\/ceoparts.com\/fr\/wp-json\/wp\/v2\/media\/18630"}],"wp:attachment":[{"href":"https:\/\/ceoparts.com\/fr\/wp-json\/wp\/v2\/media?parent=18627"}],"wp:term":[{"taxonomy":"product_brand","embeddable":true,"href":"https:\/\/ceoparts.com\/fr\/wp-json\/wp\/v2\/product_brand?post=18627"},{"taxonomy":"product_cat","embeddable":true,"href":"https:\/\/ceoparts.com\/fr\/wp-json\/wp\/v2\/product_cat?post=18627"},{"taxonomy":"product_tag","embeddable":true,"href":"https:\/\/ceoparts.com\/fr\/wp-json\/wp\/v2\/product_tag?post=18627"}],"curies":[{"name":"wp","href":"https:\/\/api.w.org\/{rel}","templated":true}]}}