{"id":18664,"date":"2025-10-07T17:36:04","date_gmt":"2025-10-07T14:36:04","guid":{"rendered":"https:\/\/ceoparts.com\/?post_type=product&#038;p=18664"},"modified":"2026-05-03T04:33:35","modified_gmt":"2026-05-03T01:33:35","slug":"jungheinrich-enduktif-sensor-50424639","status":"publish","type":"product","link":"https:\/\/ceoparts.com\/fr\/urun\/jungheinrich-enduktif-sensor-50424639\/","title":{"rendered":"Capteur inductif Jungheinrich \u2013 50424639"},"content":{"rendered":"<p>Capteur inductif Jungheinrich \u2013 50424639<\/p>","protected":false},"excerpt":{"rendered":"<p data-start=\"3263\" data-end=\"3479\">Le <strong data-start=\"3266\" data-end=\"3310\">Capteur Inductif Jungheinrich \u2013 50424639<\/strong> d\u00e9tecte les objets m\u00e9talliques sans contact dans les chariots Jungheinrich. Il garantit une d\u00e9tection fiable et pr\u00e9cise dans des environnements industriels exigeants.<\/p>\n<p data-start=\"3481\" data-end=\"3505\"><strong data-start=\"3481\" data-end=\"3503\">Caract\u00e9ristiques :<\/strong><\/p>\n<ul data-start=\"3506\" data-end=\"3819\">\n<li data-start=\"3506\" data-end=\"3571\">\n<p data-start=\"3508\" data-end=\"3571\"><strong data-start=\"3508\" data-end=\"3528\">Nom du produit :<\/strong> Capteur Inductif Jungheinrich \u2013 50424639<\/p>\n<\/li>\n<li data-start=\"3572\" data-end=\"3601\">\n<p data-start=\"3574\" data-end=\"3601\"><strong data-start=\"3574\" data-end=\"3590\">Code pi\u00e8ce :<\/strong> 50424639<\/p>\n<\/li>\n<li data-start=\"3602\" data-end=\"3629\">\n<p data-start=\"3604\" data-end=\"3629\"><strong data-start=\"3604\" data-end=\"3617\">Tension :<\/strong> 10\u201330V DC<\/p>\n<\/li>\n<li data-start=\"3630\" data-end=\"3655\">\n<p data-start=\"3632\" data-end=\"3655\"><strong data-start=\"3632\" data-end=\"3644\">Sortie :<\/strong> PNP \/ NO<\/p>\n<\/li>\n<li data-start=\"3656\" data-end=\"3694\">\n<p data-start=\"3658\" data-end=\"3694\"><strong data-start=\"3658\" data-end=\"3685\">Distance de d\u00e9tection :<\/strong> 2\u20138 mm<\/p>\n<\/li>\n<li data-start=\"3695\" data-end=\"3746\">\n<p data-start=\"3697\" data-end=\"3746\"><strong data-start=\"3697\" data-end=\"3712\">Connexion :<\/strong> Connecteur M12 ou c\u00e2ble int\u00e9gr\u00e9<\/p>\n<\/li>\n<li data-start=\"3747\" data-end=\"3819\">\n<p data-start=\"3749\" data-end=\"3819\"><strong data-start=\"3749\" data-end=\"3763\">Avantage :<\/strong> D\u00e9tection pr\u00e9cise, protection IP67, compatibilit\u00e9 OEM<\/p>\n<\/li>\n<\/ul>\n","protected":false},"featured_media":18667,"template":"","meta":[],"product_brand":[],"product_cat":[469,236,522],"product_tag":[],"class_list":{"0":"post-18664","1":"product","2":"type-product","3":"status-publish","4":"has-post-thumbnail","6":"product_cat-elektrik-ve-sistem-parcalari","7":"product_cat-jungheinrich","8":"product_cat-yedek-parca-jungheinrich","10":"first","11":"instock","12":"taxable","13":"shipping-taxable","14":"purchasable","15":"product-type-simple"},"_links":{"self":[{"href":"https:\/\/ceoparts.com\/fr\/wp-json\/wp\/v2\/product\/18664","targetHints":{"allow":["GET"]}}],"collection":[{"href":"https:\/\/ceoparts.com\/fr\/wp-json\/wp\/v2\/product"}],"about":[{"href":"https:\/\/ceoparts.com\/fr\/wp-json\/wp\/v2\/types\/product"}],"wp:featuredmedia":[{"embeddable":true,"href":"https:\/\/ceoparts.com\/fr\/wp-json\/wp\/v2\/media\/18667"}],"wp:attachment":[{"href":"https:\/\/ceoparts.com\/fr\/wp-json\/wp\/v2\/media?parent=18664"}],"wp:term":[{"taxonomy":"product_brand","embeddable":true,"href":"https:\/\/ceoparts.com\/fr\/wp-json\/wp\/v2\/product_brand?post=18664"},{"taxonomy":"product_cat","embeddable":true,"href":"https:\/\/ceoparts.com\/fr\/wp-json\/wp\/v2\/product_cat?post=18664"},{"taxonomy":"product_tag","embeddable":true,"href":"https:\/\/ceoparts.com\/fr\/wp-json\/wp\/v2\/product_tag?post=18664"}],"curies":[{"name":"wp","href":"https:\/\/api.w.org\/{rel}","templated":true}]}}