{"id":18669,"date":"2025-10-08T09:31:45","date_gmt":"2025-10-08T06:31:45","guid":{"rendered":"https:\/\/ceoparts.com\/?post_type=product&#038;p=18669"},"modified":"2026-05-03T04:03:33","modified_gmt":"2026-05-03T01:03:33","slug":"jungheinrich-sizdirmazlik-kiti-ulasim-silindiri-50105674","status":"publish","type":"product","link":"https:\/\/ceoparts.com\/fr\/urun\/jungheinrich-sizdirmazlik-kiti-ulasim-silindiri-50105674\/","title":{"rendered":"Kit de joints pour v\u00e9rin de d\u00e9placement Jungheinrich \u2013 50105674"},"content":{"rendered":"<p>Kit de joints pour v\u00e9rin de d\u00e9placement Jungheinrich \u2013 50105674<\/p>","protected":false},"excerpt":{"rendered":"<p data-start=\"3238\" data-end=\"3437\">Le <strong data-start=\"3241\" data-end=\"3285\">Kit d\u2019\u00c9tanch\u00e9it\u00e9 Jungheinrich \u2013 50105674<\/strong> est con\u00e7u pour les v\u00e9rins hydrauliques de d\u00e9placement des chariots Jungheinrich. Il emp\u00eache les fuites et maintient la pression hydraulique optimale.<\/p>\n<p data-start=\"3439\" data-end=\"3463\"><strong data-start=\"3439\" data-end=\"3461\">Caract\u00e9ristiques :<\/strong><\/p>\n<ul data-start=\"3464\" data-end=\"3803\">\n<li data-start=\"3464\" data-end=\"3550\">\n<p data-start=\"3466\" data-end=\"3550\"><strong data-start=\"3466\" data-end=\"3486\">Nom du produit :<\/strong> Kit d\u2019\u00c9tanch\u00e9it\u00e9 V\u00e9rin de D\u00e9placement Jungheinrich \u2013 50105674<\/p>\n<\/li>\n<li data-start=\"3551\" data-end=\"3580\">\n<p data-start=\"3553\" data-end=\"3580\"><strong data-start=\"3553\" data-end=\"3569\">Code pi\u00e8ce :<\/strong> 50105674<\/p>\n<\/li>\n<li data-start=\"3581\" data-end=\"3641\">\n<p data-start=\"3583\" data-end=\"3641\"><strong data-start=\"3583\" data-end=\"3596\">Contenu :<\/strong> Joints de piston, joints racleurs, O-rings<\/p>\n<\/li>\n<li data-start=\"3642\" data-end=\"3724\">\n<p data-start=\"3644\" data-end=\"3724\"><strong data-start=\"3644\" data-end=\"3661\">Application :<\/strong> V\u00e9rins hydrauliques de d\u00e9placement des chariots Jungheinrich<\/p>\n<\/li>\n<li data-start=\"3725\" data-end=\"3803\">\n<p data-start=\"3727\" data-end=\"3803\"><strong data-start=\"3727\" data-end=\"3741\">Avantage :<\/strong> \u00c9tanch\u00e9it\u00e9 parfaite, compatibilit\u00e9 OEM, longue dur\u00e9e de vie<\/p>\n<\/li>\n<\/ul>\n","protected":false},"featured_media":18671,"template":"","meta":[],"product_brand":[],"product_cat":[470,522,523,236,246],"product_tag":[],"class_list":{"0":"post-18669","1":"product","2":"type-product","3":"status-publish","4":"has-post-thumbnail","6":"product_cat-diger-yedek-parcalar","7":"product_cat-yedek-parca-jungheinrich","8":"product_cat-yedek-parca-linde","9":"product_cat-jungheinrich","10":"product_cat-linde","12":"first","13":"instock","14":"taxable","15":"shipping-taxable","16":"purchasable","17":"product-type-simple"},"_links":{"self":[{"href":"https:\/\/ceoparts.com\/fr\/wp-json\/wp\/v2\/product\/18669","targetHints":{"allow":["GET"]}}],"collection":[{"href":"https:\/\/ceoparts.com\/fr\/wp-json\/wp\/v2\/product"}],"about":[{"href":"https:\/\/ceoparts.com\/fr\/wp-json\/wp\/v2\/types\/product"}],"wp:featuredmedia":[{"embeddable":true,"href":"https:\/\/ceoparts.com\/fr\/wp-json\/wp\/v2\/media\/18671"}],"wp:attachment":[{"href":"https:\/\/ceoparts.com\/fr\/wp-json\/wp\/v2\/media?parent=18669"}],"wp:term":[{"taxonomy":"product_brand","embeddable":true,"href":"https:\/\/ceoparts.com\/fr\/wp-json\/wp\/v2\/product_brand?post=18669"},{"taxonomy":"product_cat","embeddable":true,"href":"https:\/\/ceoparts.com\/fr\/wp-json\/wp\/v2\/product_cat?post=18669"},{"taxonomy":"product_tag","embeddable":true,"href":"https:\/\/ceoparts.com\/fr\/wp-json\/wp\/v2\/product_tag?post=18669"}],"curies":[{"name":"wp","href":"https:\/\/api.w.org\/{rel}","templated":true}]}}