{"id":18695,"date":"2025-10-15T17:09:09","date_gmt":"2025-10-15T14:09:09","guid":{"rendered":"https:\/\/ceoparts.com\/?post_type=product&#038;p=18695"},"modified":"2026-05-03T03:32:31","modified_gmt":"2026-05-03T00:32:31","slug":"bt-hidrolik-test-fittingi-basinc-olcum-baglantisi","status":"publish","type":"product","link":"https:\/\/ceoparts.com\/fr\/urun\/bt-hidrolik-test-fittingi-basinc-olcum-baglantisi\/","title":{"rendered":"Raccord de test hydraulique BT (Connecteur de mesure de pression)"},"content":{"rendered":"<p>Raccord de test hydraulique BT (Connecteur de mesure de pression)<\/p>","protected":false},"excerpt":{"rendered":"<p data-start=\"3106\" data-end=\"3338\">Le <strong data-start=\"3109\" data-end=\"3163\">Raccord de Test Hydraulique BT (Prise de Pression)<\/strong> est con\u00e7u pour mesurer la pression hydraulique sur les chariots BT en toute s\u00e9curit\u00e9. Compatible avec les manom\u00e8tres standards, il garantit une connexion \u00e9tanche et fiable.<\/p>\n<p data-start=\"3340\" data-end=\"3364\"><strong data-start=\"3340\" data-end=\"3362\">Caract\u00e9ristiques :<\/strong><\/p>\n<ul data-start=\"3365\" data-end=\"3701\">\n<li data-start=\"3365\" data-end=\"3440\">\n<p data-start=\"3367\" data-end=\"3440\"><strong data-start=\"3367\" data-end=\"3387\">Nom du produit :<\/strong> Raccord de Test Hydraulique BT (Prise de Pression)<\/p>\n<\/li>\n<li data-start=\"3441\" data-end=\"3489\">\n<p data-start=\"3443\" data-end=\"3489\"><strong data-start=\"3443\" data-end=\"3457\">Mat\u00e9riau :<\/strong> Acier galvanis\u00e9 ou inoxydable<\/p>\n<\/li>\n<li data-start=\"3490\" data-end=\"3548\">\n<p data-start=\"3492\" data-end=\"3548\"><strong data-start=\"3492\" data-end=\"3515\">Type de connexion :<\/strong> M16x2 \/ M14x1.5 (selon mod\u00e8le)<\/p>\n<\/li>\n<li data-start=\"3549\" data-end=\"3627\">\n<p data-start=\"3551\" data-end=\"3627\"><strong data-start=\"3551\" data-end=\"3568\">Application :<\/strong> Points de mesure de pression hydraulique sur chariots BT<\/p>\n<\/li>\n<li data-start=\"3628\" data-end=\"3701\">\n<p data-start=\"3630\" data-end=\"3701\"><strong data-start=\"3630\" data-end=\"3644\">Avantage :<\/strong> \u00c9tanch\u00e9it\u00e9 parfaite, montage rapide, r\u00e9sistance \u00e9lev\u00e9e<\/p>\n<\/li>\n<\/ul>\n","protected":false},"featured_media":18698,"template":"","meta":[],"product_brand":[],"product_cat":[461,251,518],"product_tag":[],"class_list":{"0":"post-18695","1":"product","2":"type-product","3":"status-publish","4":"has-post-thumbnail","6":"product_cat-hidrolik-sistemi","7":"product_cat-bt","8":"product_cat-yedek-parca-bt","10":"first","11":"instock","12":"taxable","13":"shipping-taxable","14":"purchasable","15":"product-type-simple"},"_links":{"self":[{"href":"https:\/\/ceoparts.com\/fr\/wp-json\/wp\/v2\/product\/18695","targetHints":{"allow":["GET"]}}],"collection":[{"href":"https:\/\/ceoparts.com\/fr\/wp-json\/wp\/v2\/product"}],"about":[{"href":"https:\/\/ceoparts.com\/fr\/wp-json\/wp\/v2\/types\/product"}],"wp:featuredmedia":[{"embeddable":true,"href":"https:\/\/ceoparts.com\/fr\/wp-json\/wp\/v2\/media\/18698"}],"wp:attachment":[{"href":"https:\/\/ceoparts.com\/fr\/wp-json\/wp\/v2\/media?parent=18695"}],"wp:term":[{"taxonomy":"product_brand","embeddable":true,"href":"https:\/\/ceoparts.com\/fr\/wp-json\/wp\/v2\/product_brand?post=18695"},{"taxonomy":"product_cat","embeddable":true,"href":"https:\/\/ceoparts.com\/fr\/wp-json\/wp\/v2\/product_cat?post=18695"},{"taxonomy":"product_tag","embeddable":true,"href":"https:\/\/ceoparts.com\/fr\/wp-json\/wp\/v2\/product_tag?post=18695"}],"curies":[{"name":"wp","href":"https:\/\/api.w.org\/{rel}","templated":true}]}}