{"id":18700,"date":"2025-10-16T09:51:42","date_gmt":"2025-10-16T06:51:42","guid":{"rendered":"https:\/\/ceoparts.com\/?post_type=product&#038;p=18700"},"modified":"2026-05-03T04:03:35","modified_gmt":"2026-05-03T01:03:35","slug":"yale-oransal-koruklu-buton-524148522","status":"publish","type":"product","link":"https:\/\/ceoparts.com\/fr\/urun\/yale-oransal-koruklu-buton-524148522\/","title":{"rendered":"Bouton \u00e0 soufflet proportionnel Yale \u2013 524148522"},"content":{"rendered":"<p>Bouton \u00e0 soufflet proportionnel Yale \u2013 524148522<\/p>","protected":false},"excerpt":{"rendered":"<p data-start=\"2904\" data-end=\"3164\">Le <strong data-start=\"2907\" data-end=\"2959\">Bouton \u00e0 Soufflet Proportionnel Yale \u2013 524148522<\/strong> est con\u00e7u pour les chariots \u00e9l\u00e9vateurs Yale afin d\u2019assurer un contr\u00f4le pr\u00e9cis des fonctions de levage, d\u2019abaissement et d\u2019inclinaison. Sa conception \u00e0 soufflet prot\u00e8ge contre la poussi\u00e8re et l\u2019humidit\u00e9.<\/p>\n<p data-start=\"3166\" data-end=\"3190\"><strong data-start=\"3166\" data-end=\"3188\">Caract\u00e9ristiques :<\/strong><\/p>\n<ul data-start=\"3191\" data-end=\"3511\">\n<li data-start=\"3191\" data-end=\"3264\">\n<p data-start=\"3193\" data-end=\"3264\"><strong data-start=\"3193\" data-end=\"3213\">Nom du produit :<\/strong> Bouton \u00e0 Soufflet Proportionnel Yale \u2013 524148522<\/p>\n<\/li>\n<li data-start=\"3265\" data-end=\"3295\">\n<p data-start=\"3267\" data-end=\"3295\"><strong data-start=\"3267\" data-end=\"3283\">Code pi\u00e8ce :<\/strong> 524148522<\/p>\n<\/li>\n<li data-start=\"3296\" data-end=\"3361\">\n<p data-start=\"3298\" data-end=\"3361\"><strong data-start=\"3298\" data-end=\"3312\">Mat\u00e9riau :<\/strong> Plastique industriel avec soufflet en silicone<\/p>\n<\/li>\n<li data-start=\"3362\" data-end=\"3434\">\n<p data-start=\"3364\" data-end=\"3434\"><strong data-start=\"3364\" data-end=\"3381\">Application :<\/strong> Syst\u00e8mes hydrauliques et joystick de chariots Yale<\/p>\n<\/li>\n<li data-start=\"3435\" data-end=\"3511\">\n<p data-start=\"3437\" data-end=\"3511\"><strong data-start=\"3437\" data-end=\"3451\">Avantage :<\/strong> Contr\u00f4le pr\u00e9cis, protection IP65, ergonomie et durabilit\u00e9<\/p>\n<\/li>\n<\/ul>\n","protected":false},"featured_media":18703,"template":"","meta":[],"product_brand":[],"product_cat":[454],"product_tag":[],"class_list":{"0":"post-18700","1":"product","2":"type-product","3":"status-publish","4":"has-post-thumbnail","6":"product_cat-switch-ve-buton","8":"first","9":"instock","10":"taxable","11":"shipping-taxable","12":"purchasable","13":"product-type-simple"},"_links":{"self":[{"href":"https:\/\/ceoparts.com\/fr\/wp-json\/wp\/v2\/product\/18700","targetHints":{"allow":["GET"]}}],"collection":[{"href":"https:\/\/ceoparts.com\/fr\/wp-json\/wp\/v2\/product"}],"about":[{"href":"https:\/\/ceoparts.com\/fr\/wp-json\/wp\/v2\/types\/product"}],"wp:featuredmedia":[{"embeddable":true,"href":"https:\/\/ceoparts.com\/fr\/wp-json\/wp\/v2\/media\/18703"}],"wp:attachment":[{"href":"https:\/\/ceoparts.com\/fr\/wp-json\/wp\/v2\/media?parent=18700"}],"wp:term":[{"taxonomy":"product_brand","embeddable":true,"href":"https:\/\/ceoparts.com\/fr\/wp-json\/wp\/v2\/product_brand?post=18700"},{"taxonomy":"product_cat","embeddable":true,"href":"https:\/\/ceoparts.com\/fr\/wp-json\/wp\/v2\/product_cat?post=18700"},{"taxonomy":"product_tag","embeddable":true,"href":"https:\/\/ceoparts.com\/fr\/wp-json\/wp\/v2\/product_tag?post=18700"}],"curies":[{"name":"wp","href":"https:\/\/api.w.org\/{rel}","templated":true}]}}