{"id":18724,"date":"2025-10-16T13:24:41","date_gmt":"2025-10-16T10:24:41","guid":{"rendered":"https:\/\/ceoparts.com\/?post_type=product&#038;p=18724"},"modified":"2026-05-03T05:59:39","modified_gmt":"2026-05-03T02:59:39","slug":"bt-yay-261916","status":"publish","type":"product","link":"https:\/\/ceoparts.com\/fr\/urun\/bt-yay-261916\/","title":{"rendered":"Ressort BT \u2013 261916"},"content":{"rendered":"<p>Ressort BT \u2013 261916<\/p>\n<p>BT 261916<\/p>\n<p>SWE100<\/p>\n<p>SWE120<\/p>\n<p>SWE140<\/p>\n<p>SWE200<\/p>","protected":false},"excerpt":{"rendered":"<p data-start=\"2440\" data-end=\"2614\">Le <strong data-start=\"2443\" data-end=\"2466\">Ressort BT \u2013 261916<\/strong> est une pi\u00e8ce d\u2019origine utilis\u00e9e dans les syst\u00e8mes m\u00e9caniques et de direction des chariots BT. Il assure la tension et la stabilit\u00e9 du m\u00e9canisme.<\/p>\n<p data-start=\"2616\" data-end=\"2640\"><strong data-start=\"2616\" data-end=\"2638\">Caract\u00e9ristiques :<\/strong><\/p>\n<ul data-start=\"2641\" data-end=\"2892\">\n<li data-start=\"2641\" data-end=\"2685\">\n<p data-start=\"2643\" data-end=\"2685\"><strong data-start=\"2643\" data-end=\"2663\">Nom du produit :<\/strong> Ressort BT \u2013 261916<\/p>\n<\/li>\n<li data-start=\"2686\" data-end=\"2713\">\n<p data-start=\"2688\" data-end=\"2713\"><strong data-start=\"2688\" data-end=\"2704\">Code pi\u00e8ce :<\/strong> 261916<\/p>\n<\/li>\n<li data-start=\"2714\" data-end=\"2769\">\n<p data-start=\"2716\" data-end=\"2769\"><strong data-start=\"2716\" data-end=\"2730\">Mat\u00e9riau :<\/strong> Acier \u00e0 ressort trait\u00e9 thermiquement<\/p>\n<\/li>\n<li data-start=\"2770\" data-end=\"2824\">\n<p data-start=\"2772\" data-end=\"2824\"><strong data-start=\"2772\" data-end=\"2789\">Application :<\/strong> Syst\u00e8mes de direction et p\u00e9dales<\/p>\n<\/li>\n<li data-start=\"2825\" data-end=\"2892\">\n<p data-start=\"2827\" data-end=\"2892\"><strong data-start=\"2827\" data-end=\"2841\">Avantage :<\/strong> R\u00e9sistance \u00e9lev\u00e9e, durabilit\u00e9, compatibilit\u00e9 OEM<\/p>\n<\/li>\n<\/ul>\n","protected":false},"featured_media":18726,"template":"","meta":[],"product_brand":[],"product_cat":[470,251,518],"product_tag":[],"class_list":{"0":"post-18724","1":"product","2":"type-product","3":"status-publish","4":"has-post-thumbnail","6":"product_cat-diger-yedek-parcalar","7":"product_cat-bt","8":"product_cat-yedek-parca-bt","10":"first","11":"instock","12":"taxable","13":"shipping-taxable","14":"purchasable","15":"product-type-simple"},"_links":{"self":[{"href":"https:\/\/ceoparts.com\/fr\/wp-json\/wp\/v2\/product\/18724","targetHints":{"allow":["GET"]}}],"collection":[{"href":"https:\/\/ceoparts.com\/fr\/wp-json\/wp\/v2\/product"}],"about":[{"href":"https:\/\/ceoparts.com\/fr\/wp-json\/wp\/v2\/types\/product"}],"wp:featuredmedia":[{"embeddable":true,"href":"https:\/\/ceoparts.com\/fr\/wp-json\/wp\/v2\/media\/18726"}],"wp:attachment":[{"href":"https:\/\/ceoparts.com\/fr\/wp-json\/wp\/v2\/media?parent=18724"}],"wp:term":[{"taxonomy":"product_brand","embeddable":true,"href":"https:\/\/ceoparts.com\/fr\/wp-json\/wp\/v2\/product_brand?post=18724"},{"taxonomy":"product_cat","embeddable":true,"href":"https:\/\/ceoparts.com\/fr\/wp-json\/wp\/v2\/product_cat?post=18724"},{"taxonomy":"product_tag","embeddable":true,"href":"https:\/\/ceoparts.com\/fr\/wp-json\/wp\/v2\/product_tag?post=18724"}],"curies":[{"name":"wp","href":"https:\/\/api.w.org\/{rel}","templated":true}]}}