{"id":18755,"date":"2025-10-21T09:42:53","date_gmt":"2025-10-21T06:42:53","guid":{"rendered":"https:\/\/ceoparts.com\/?post_type=product&#038;p=18755"},"modified":"2026-05-16T14:33:17","modified_gmt":"2026-05-16T11:33:17","slug":"450-anl-sigorta","status":"publish","type":"product","link":"https:\/\/ceoparts.com\/fr\/urun\/450-anl-sigorta\/","title":{"rendered":"Fusible 450 A ANL"},"content":{"rendered":"<p>Fusible 450 A ANL<\/p>","protected":false},"excerpt":{"rendered":"<p data-start=\"2673\" data-end=\"2860\">Le <strong data-start=\"2676\" data-end=\"2696\">Fusible 450A ANL<\/strong> est con\u00e7u pour prot\u00e9ger les circuits haute intensit\u00e9 des chariots \u00e9l\u00e9vateurs, batteries et syst\u00e8mes solaires. Il coupe rapidement le courant en cas de surcharge.<\/p>\n<p data-start=\"2862\" data-end=\"2886\"><strong data-start=\"2862\" data-end=\"2884\">Caract\u00e9ristiques :<\/strong><\/p>\n<ul data-start=\"2887\" data-end=\"3110\">\n<li data-start=\"2887\" data-end=\"2928\">\n<p data-start=\"2889\" data-end=\"2928\"><strong data-start=\"2889\" data-end=\"2909\">Nom du produit :<\/strong> Fusible 450A ANL<\/p>\n<\/li>\n<li data-start=\"2929\" data-end=\"2963\">\n<p data-start=\"2931\" data-end=\"2963\"><strong data-start=\"2931\" data-end=\"2955\">Intensit\u00e9 nominale :<\/strong> 450 A<\/p>\n<\/li>\n<li data-start=\"2964\" data-end=\"2994\">\n<p data-start=\"2966\" data-end=\"2994\"><strong data-start=\"2966\" data-end=\"2979\">Tension :<\/strong> 32V \/ 80V DC<\/p>\n<\/li>\n<li data-start=\"2995\" data-end=\"3052\">\n<p data-start=\"2997\" data-end=\"3052\"><strong data-start=\"2997\" data-end=\"3011\">Mat\u00e9riau :<\/strong> Bornes en laiton, conducteur en cuivre<\/p>\n<\/li>\n<li data-start=\"3053\" data-end=\"3110\">\n<p data-start=\"3055\" data-end=\"3110\"><strong data-start=\"3055\" data-end=\"3069\">Avantage :<\/strong> S\u00e9curit\u00e9, fiabilit\u00e9, compatibilit\u00e9 OEM<\/p>\n<\/li>\n<\/ul>\n","protected":false},"featured_media":18757,"template":"","meta":[],"product_brand":[],"product_cat":[443],"product_tag":[],"class_list":{"0":"post-18755","1":"product","2":"type-product","3":"status-publish","4":"has-post-thumbnail","6":"product_cat-aku-parcalari","8":"first","9":"instock","10":"taxable","11":"shipping-taxable","12":"purchasable","13":"product-type-simple"},"_links":{"self":[{"href":"https:\/\/ceoparts.com\/fr\/wp-json\/wp\/v2\/product\/18755","targetHints":{"allow":["GET"]}}],"collection":[{"href":"https:\/\/ceoparts.com\/fr\/wp-json\/wp\/v2\/product"}],"about":[{"href":"https:\/\/ceoparts.com\/fr\/wp-json\/wp\/v2\/types\/product"}],"wp:featuredmedia":[{"embeddable":true,"href":"https:\/\/ceoparts.com\/fr\/wp-json\/wp\/v2\/media\/18757"}],"wp:attachment":[{"href":"https:\/\/ceoparts.com\/fr\/wp-json\/wp\/v2\/media?parent=18755"}],"wp:term":[{"taxonomy":"product_brand","embeddable":true,"href":"https:\/\/ceoparts.com\/fr\/wp-json\/wp\/v2\/product_brand?post=18755"},{"taxonomy":"product_cat","embeddable":true,"href":"https:\/\/ceoparts.com\/fr\/wp-json\/wp\/v2\/product_cat?post=18755"},{"taxonomy":"product_tag","embeddable":true,"href":"https:\/\/ceoparts.com\/fr\/wp-json\/wp\/v2\/product_tag?post=18755"}],"curies":[{"name":"wp","href":"https:\/\/api.w.org\/{rel}","templated":true}]}}