{"id":18759,"date":"2025-10-21T09:54:58","date_gmt":"2025-10-21T06:54:58","guid":{"rendered":"https:\/\/ceoparts.com\/?post_type=product&#038;p=18759"},"modified":"2026-05-16T14:59:27","modified_gmt":"2026-05-16T11:59:27","slug":"200-anl-sigorta","status":"publish","type":"product","link":"https:\/\/ceoparts.com\/fr\/urun\/200-anl-sigorta\/","title":{"rendered":"Fusible 200 A ANL"},"content":{"rendered":"<p>Fusible 200 A ANL<\/p>","protected":false},"excerpt":{"rendered":"<p data-start=\"2716\" data-end=\"2895\">Le <strong data-start=\"2719\" data-end=\"2739\">Fusible 200A ANL<\/strong> prot\u00e8ge les syst\u00e8mes \u00e9lectriques haute intensit\u00e9 (chariots \u00e9l\u00e9vateurs, batteries, onduleurs, syst\u00e8mes solaires) contre les surcharges et courts-circuits.<\/p>\n<p data-start=\"2897\" data-end=\"2921\"><strong data-start=\"2897\" data-end=\"2919\">Caract\u00e9ristiques :<\/strong><\/p>\n<ul data-start=\"2922\" data-end=\"3157\">\n<li data-start=\"2922\" data-end=\"2963\">\n<p data-start=\"2924\" data-end=\"2963\"><strong data-start=\"2924\" data-end=\"2944\">Nom du produit :<\/strong> Fusible 200A ANL<\/p>\n<\/li>\n<li data-start=\"2964\" data-end=\"2998\">\n<p data-start=\"2966\" data-end=\"2998\"><strong data-start=\"2966\" data-end=\"2990\">Intensit\u00e9 nominale :<\/strong> 200 A<\/p>\n<\/li>\n<li data-start=\"2999\" data-end=\"3029\">\n<p data-start=\"3001\" data-end=\"3029\"><strong data-start=\"3001\" data-end=\"3014\">Tension :<\/strong> 32V \/ 80V DC<\/p>\n<\/li>\n<li data-start=\"3030\" data-end=\"3087\">\n<p data-start=\"3032\" data-end=\"3087\"><strong data-start=\"3032\" data-end=\"3046\">Mat\u00e9riau :<\/strong> Bornes en laiton, conducteur en cuivre<\/p>\n<\/li>\n<li data-start=\"3088\" data-end=\"3157\">\n<p data-start=\"3090\" data-end=\"3157\"><strong data-start=\"3090\" data-end=\"3104\">Avantage :<\/strong> Protection fiable, compatibilit\u00e9 OEM, longue dur\u00e9e<\/p>\n<\/li>\n<\/ul>\n","protected":false},"featured_media":18761,"template":"","meta":[],"product_brand":[],"product_cat":[443],"product_tag":[],"class_list":{"0":"post-18759","1":"product","2":"type-product","3":"status-publish","4":"has-post-thumbnail","6":"product_cat-aku-parcalari","8":"first","9":"instock","10":"taxable","11":"shipping-taxable","12":"purchasable","13":"product-type-simple"},"_links":{"self":[{"href":"https:\/\/ceoparts.com\/fr\/wp-json\/wp\/v2\/product\/18759","targetHints":{"allow":["GET"]}}],"collection":[{"href":"https:\/\/ceoparts.com\/fr\/wp-json\/wp\/v2\/product"}],"about":[{"href":"https:\/\/ceoparts.com\/fr\/wp-json\/wp\/v2\/types\/product"}],"wp:featuredmedia":[{"embeddable":true,"href":"https:\/\/ceoparts.com\/fr\/wp-json\/wp\/v2\/media\/18761"}],"wp:attachment":[{"href":"https:\/\/ceoparts.com\/fr\/wp-json\/wp\/v2\/media?parent=18759"}],"wp:term":[{"taxonomy":"product_brand","embeddable":true,"href":"https:\/\/ceoparts.com\/fr\/wp-json\/wp\/v2\/product_brand?post=18759"},{"taxonomy":"product_cat","embeddable":true,"href":"https:\/\/ceoparts.com\/fr\/wp-json\/wp\/v2\/product_cat?post=18759"},{"taxonomy":"product_tag","embeddable":true,"href":"https:\/\/ceoparts.com\/fr\/wp-json\/wp\/v2\/product_tag?post=18759"}],"curies":[{"name":"wp","href":"https:\/\/api.w.org\/{rel}","templated":true}]}}