{"id":18855,"date":"2025-10-21T16:27:13","date_gmt":"2025-10-21T13:27:13","guid":{"rendered":"https:\/\/ceoparts.com\/?post_type=product&#038;p=18855"},"modified":"2026-05-16T11:45:48","modified_gmt":"2026-05-16T08:45:48","slug":"125-anl-sigorta","status":"publish","type":"product","link":"https:\/\/ceoparts.com\/fr\/urun\/125-anl-sigorta\/","title":{"rendered":"Fusible 125 A ANL"},"content":{"rendered":"<p>Fusible 125 A ANL<\/p>","protected":false},"excerpt":{"rendered":"<p data-start=\"2682\" data-end=\"2859\">Le <strong data-start=\"2685\" data-end=\"2705\">Fusible 125A ANL<\/strong> est un fusible haute intensit\u00e9 con\u00e7u pour les chariots \u00e9l\u00e9vateurs, batteries et syst\u00e8mes solaires. Il prot\u00e8ge contre les surcharges et courts-circuits.<\/p>\n<p data-start=\"2861\" data-end=\"2885\"><strong data-start=\"2861\" data-end=\"2883\">Caract\u00e9ristiques :<\/strong><\/p>\n<ul data-start=\"2886\" data-end=\"3119\">\n<li data-start=\"2886\" data-end=\"2927\">\n<p data-start=\"2888\" data-end=\"2927\"><strong data-start=\"2888\" data-end=\"2908\">Nom du produit :<\/strong> Fusible 125A ANL<\/p>\n<\/li>\n<li data-start=\"2928\" data-end=\"2962\">\n<p data-start=\"2930\" data-end=\"2962\"><strong data-start=\"2930\" data-end=\"2954\">Intensit\u00e9 nominale :<\/strong> 125 A<\/p>\n<\/li>\n<li data-start=\"2963\" data-end=\"2993\">\n<p data-start=\"2965\" data-end=\"2993\"><strong data-start=\"2965\" data-end=\"2978\">Tension :<\/strong> 32V \/ 80V DC<\/p>\n<\/li>\n<li data-start=\"2994\" data-end=\"3051\">\n<p data-start=\"2996\" data-end=\"3051\"><strong data-start=\"2996\" data-end=\"3010\">Mat\u00e9riau :<\/strong> Bornes en laiton, conducteur en cuivre<\/p>\n<\/li>\n<li data-start=\"3052\" data-end=\"3119\">\n<p data-start=\"3054\" data-end=\"3119\"><strong data-start=\"3054\" data-end=\"3068\">Avantage :<\/strong> R\u00e9activit\u00e9 rapide, durabilit\u00e9, compatibilit\u00e9 OEM<\/p>\n<\/li>\n<\/ul>\n","protected":false},"featured_media":18858,"template":"","meta":[],"product_brand":[],"product_cat":[443],"product_tag":[],"class_list":{"0":"post-18855","1":"product","2":"type-product","3":"status-publish","4":"has-post-thumbnail","6":"product_cat-aku-parcalari","8":"first","9":"instock","10":"taxable","11":"shipping-taxable","12":"purchasable","13":"product-type-simple"},"_links":{"self":[{"href":"https:\/\/ceoparts.com\/fr\/wp-json\/wp\/v2\/product\/18855","targetHints":{"allow":["GET"]}}],"collection":[{"href":"https:\/\/ceoparts.com\/fr\/wp-json\/wp\/v2\/product"}],"about":[{"href":"https:\/\/ceoparts.com\/fr\/wp-json\/wp\/v2\/types\/product"}],"wp:featuredmedia":[{"embeddable":true,"href":"https:\/\/ceoparts.com\/fr\/wp-json\/wp\/v2\/media\/18858"}],"wp:attachment":[{"href":"https:\/\/ceoparts.com\/fr\/wp-json\/wp\/v2\/media?parent=18855"}],"wp:term":[{"taxonomy":"product_brand","embeddable":true,"href":"https:\/\/ceoparts.com\/fr\/wp-json\/wp\/v2\/product_brand?post=18855"},{"taxonomy":"product_cat","embeddable":true,"href":"https:\/\/ceoparts.com\/fr\/wp-json\/wp\/v2\/product_cat?post=18855"},{"taxonomy":"product_tag","embeddable":true,"href":"https:\/\/ceoparts.com\/fr\/wp-json\/wp\/v2\/product_tag?post=18855"}],"curies":[{"name":"wp","href":"https:\/\/api.w.org\/{rel}","templated":true}]}}