{"id":18867,"date":"2025-10-21T17:49:13","date_gmt":"2025-10-21T14:49:13","guid":{"rendered":"https:\/\/ceoparts.com\/?post_type=product&#038;p=18867"},"modified":"2026-05-16T17:35:57","modified_gmt":"2026-05-16T14:35:57","slug":"50-a-anl-sigorta","status":"publish","type":"product","link":"https:\/\/ceoparts.com\/fr\/urun\/50-a-anl-sigorta\/","title":{"rendered":"Fusible ANL 50A"},"content":{"rendered":"<p>Fusible ANL 50A<\/p>","protected":false},"excerpt":{"rendered":"<p data-start=\"2716\" data-end=\"2899\">Le <strong data-start=\"2719\" data-end=\"2738\">Fusible 50A ANL<\/strong> prot\u00e8ge les circuits \u00e9lectriques haute intensit\u00e9 contre les surcharges et courts-circuits. Id\u00e9al pour les chariots \u00e9l\u00e9vateurs, batteries et syst\u00e8mes solaires.<\/p>\n<p data-start=\"2901\" data-end=\"2925\"><strong data-start=\"2901\" data-end=\"2923\">Caract\u00e9ristiques :<\/strong><\/p>\n<ul data-start=\"2926\" data-end=\"3157\">\n<li data-start=\"2926\" data-end=\"2966\">\n<p data-start=\"2928\" data-end=\"2966\"><strong data-start=\"2928\" data-end=\"2948\">Nom du produit :<\/strong> Fusible 50A ANL<\/p>\n<\/li>\n<li data-start=\"2967\" data-end=\"3000\">\n<p data-start=\"2969\" data-end=\"3000\"><strong data-start=\"2969\" data-end=\"2993\">Intensit\u00e9 nominale :<\/strong> 50 A<\/p>\n<\/li>\n<li data-start=\"3001\" data-end=\"3031\">\n<p data-start=\"3003\" data-end=\"3031\"><strong data-start=\"3003\" data-end=\"3016\">Tension :<\/strong> 32V \/ 80V DC<\/p>\n<\/li>\n<li data-start=\"3032\" data-end=\"3089\">\n<p data-start=\"3034\" data-end=\"3089\"><strong data-start=\"3034\" data-end=\"3048\">Mat\u00e9riau :<\/strong> Bornes en laiton, conducteur en cuivre<\/p>\n<\/li>\n<li data-start=\"3090\" data-end=\"3157\">\n<p data-start=\"3092\" data-end=\"3157\"><strong data-start=\"3092\" data-end=\"3106\">Avantage :<\/strong> R\u00e9activit\u00e9 rapide, durabilit\u00e9, compatibilit\u00e9 OEM<\/p>\n<\/li>\n<\/ul>\n","protected":false},"featured_media":18868,"template":"","meta":[],"product_brand":[],"product_cat":[443],"product_tag":[],"class_list":{"0":"post-18867","1":"product","2":"type-product","3":"status-publish","4":"has-post-thumbnail","6":"product_cat-aku-parcalari","8":"first","9":"instock","10":"taxable","11":"shipping-taxable","12":"purchasable","13":"product-type-simple"},"_links":{"self":[{"href":"https:\/\/ceoparts.com\/fr\/wp-json\/wp\/v2\/product\/18867","targetHints":{"allow":["GET"]}}],"collection":[{"href":"https:\/\/ceoparts.com\/fr\/wp-json\/wp\/v2\/product"}],"about":[{"href":"https:\/\/ceoparts.com\/fr\/wp-json\/wp\/v2\/types\/product"}],"wp:featuredmedia":[{"embeddable":true,"href":"https:\/\/ceoparts.com\/fr\/wp-json\/wp\/v2\/media\/18868"}],"wp:attachment":[{"href":"https:\/\/ceoparts.com\/fr\/wp-json\/wp\/v2\/media?parent=18867"}],"wp:term":[{"taxonomy":"product_brand","embeddable":true,"href":"https:\/\/ceoparts.com\/fr\/wp-json\/wp\/v2\/product_brand?post=18867"},{"taxonomy":"product_cat","embeddable":true,"href":"https:\/\/ceoparts.com\/fr\/wp-json\/wp\/v2\/product_cat?post=18867"},{"taxonomy":"product_tag","embeddable":true,"href":"https:\/\/ceoparts.com\/fr\/wp-json\/wp\/v2\/product_tag?post=18867"}],"curies":[{"name":"wp","href":"https:\/\/api.w.org\/{rel}","templated":true}]}}