{"id":19010,"date":"2025-10-24T11:47:41","date_gmt":"2025-10-24T08:47:41","guid":{"rendered":"https:\/\/ceoparts.com\/?post_type=product&#038;p=19010"},"modified":"2026-05-16T17:29:00","modified_gmt":"2026-05-16T14:29:00","slug":"still-fmx-fren-balatasi-yayi-8410512","status":"publish","type":"product","link":"https:\/\/ceoparts.com\/fr\/urun\/still-fmx-fren-balatasi-yayi-8410512\/","title":{"rendered":"Ressort de plaquette de frein Still FMX &#8211; 8410512"},"content":{"rendered":"<p>Ressort de plaquette de frein Still FMX &#8211; 8410512<\/p>","protected":false},"excerpt":{"rendered":"<p data-start=\"2717\" data-end=\"2881\">Le <strong data-start=\"2720\" data-end=\"2773\">Ressort de Plaquette de Frein Still FMX \u2013 8410512<\/strong> maintient les plaquettes en position et assure la bonne pression de freinage dans les chariots Still FMX.<\/p>\n<p data-start=\"2883\" data-end=\"2907\"><strong data-start=\"2883\" data-end=\"2905\">Caract\u00e9ristiques :<\/strong><\/p>\n<ul data-start=\"2908\" data-end=\"3203\">\n<li data-start=\"2908\" data-end=\"2982\">\n<p data-start=\"2910\" data-end=\"2982\"><strong data-start=\"2910\" data-end=\"2930\">Nom du produit :<\/strong> Ressort de Plaquette de Frein Still FMX \u2013 8410512<\/p>\n<\/li>\n<li data-start=\"2983\" data-end=\"3011\">\n<p data-start=\"2985\" data-end=\"3011\"><strong data-start=\"2985\" data-end=\"3001\">Code pi\u00e8ce :<\/strong> 8410512<\/p>\n<\/li>\n<li data-start=\"3012\" data-end=\"3063\">\n<p data-start=\"3014\" data-end=\"3063\"><strong data-start=\"3014\" data-end=\"3028\">Mat\u00e9riau :<\/strong> Acier \u00e0 ressort haute r\u00e9sistance<\/p>\n<\/li>\n<li data-start=\"3064\" data-end=\"3128\">\n<p data-start=\"3066\" data-end=\"3128\"><strong data-start=\"3066\" data-end=\"3083\">Application :<\/strong> Syst\u00e8me de freinage des chariots Still FMX<\/p>\n<\/li>\n<li data-start=\"3129\" data-end=\"3203\">\n<p data-start=\"3131\" data-end=\"3203\"><strong data-start=\"3131\" data-end=\"3145\">Avantage :<\/strong> Fiabilit\u00e9, r\u00e9sistance \u00e0 la chaleur, longue dur\u00e9e de vie<\/p>\n<\/li>\n<\/ul>\n","protected":false},"featured_media":19014,"template":"","meta":[],"product_brand":[],"product_cat":[470,241,524],"product_tag":[],"class_list":{"0":"post-19010","1":"product","2":"type-product","3":"status-publish","4":"has-post-thumbnail","6":"product_cat-diger-yedek-parcalar","7":"product_cat-still","8":"product_cat-yedek-parca-still","10":"first","11":"instock","12":"taxable","13":"shipping-taxable","14":"purchasable","15":"product-type-simple"},"_links":{"self":[{"href":"https:\/\/ceoparts.com\/fr\/wp-json\/wp\/v2\/product\/19010","targetHints":{"allow":["GET"]}}],"collection":[{"href":"https:\/\/ceoparts.com\/fr\/wp-json\/wp\/v2\/product"}],"about":[{"href":"https:\/\/ceoparts.com\/fr\/wp-json\/wp\/v2\/types\/product"}],"wp:featuredmedia":[{"embeddable":true,"href":"https:\/\/ceoparts.com\/fr\/wp-json\/wp\/v2\/media\/19014"}],"wp:attachment":[{"href":"https:\/\/ceoparts.com\/fr\/wp-json\/wp\/v2\/media?parent=19010"}],"wp:term":[{"taxonomy":"product_brand","embeddable":true,"href":"https:\/\/ceoparts.com\/fr\/wp-json\/wp\/v2\/product_brand?post=19010"},{"taxonomy":"product_cat","embeddable":true,"href":"https:\/\/ceoparts.com\/fr\/wp-json\/wp\/v2\/product_cat?post=19010"},{"taxonomy":"product_tag","embeddable":true,"href":"https:\/\/ceoparts.com\/fr\/wp-json\/wp\/v2\/product_tag?post=19010"}],"curies":[{"name":"wp","href":"https:\/\/api.w.org\/{rel}","templated":true}]}}