{"id":19027,"date":"2025-10-24T13:58:21","date_gmt":"2025-10-24T10:58:21","guid":{"rendered":"https:\/\/ceoparts.com\/?post_type=product&#038;p=19027"},"modified":"2026-05-02T20:48:27","modified_gmt":"2026-05-02T17:48:27","slug":"leb-korna-48v-7871851","status":"publish","type":"product","link":"https:\/\/ceoparts.com\/fr\/urun\/leb-korna-48v-7871851\/","title":{"rendered":"Klaxon LEB 48V \u2013 7871851"},"content":{"rendered":"<p>Klaxon LEB 48V \u2013 7871851<\/p>","protected":false},"excerpt":{"rendered":"<p data-start=\"2752\" data-end=\"2941\">L\u2019<strong data-start=\"2754\" data-end=\"2794\">Avertisseur Sonore LEB 48V \u2013 7871851<\/strong> est con\u00e7u pour les chariots \u00e9l\u00e9vateurs et les v\u00e9hicules industriels. Il \u00e9met un signal sonore puissant pour garantir la s\u00e9curit\u00e9 des op\u00e9rateurs.<\/p>\n<p data-start=\"2943\" data-end=\"2967\"><strong data-start=\"2943\" data-end=\"2965\">Caract\u00e9ristiques :<\/strong><\/p>\n<ul data-start=\"2968\" data-end=\"3231\">\n<li data-start=\"2968\" data-end=\"3019\">\n<p data-start=\"2970\" data-end=\"3019\"><strong data-start=\"2970\" data-end=\"2990\">Nom du produit :<\/strong> Avertisseur Sonore LEB 48V<\/p>\n<\/li>\n<li data-start=\"3020\" data-end=\"3048\">\n<p data-start=\"3022\" data-end=\"3048\"><strong data-start=\"3022\" data-end=\"3038\">Code pi\u00e8ce :<\/strong> 7871851<\/p>\n<\/li>\n<li data-start=\"3049\" data-end=\"3073\">\n<p data-start=\"3051\" data-end=\"3073\"><strong data-start=\"3051\" data-end=\"3064\">Tension :<\/strong> 48V DC<\/p>\n<\/li>\n<li data-start=\"3074\" data-end=\"3108\">\n<p data-start=\"3076\" data-end=\"3108\"><strong data-start=\"3076\" data-end=\"3095\">Niveau sonore :<\/strong> 100\u2013110 dB<\/p>\n<\/li>\n<li data-start=\"3109\" data-end=\"3168\">\n<p data-start=\"3111\" data-end=\"3168\"><strong data-start=\"3111\" data-end=\"3125\">Mat\u00e9riau :<\/strong> Corps en m\u00e9tal, rev\u00eatement anticorrosion<\/p>\n<\/li>\n<li data-start=\"3169\" data-end=\"3231\">\n<p data-start=\"3171\" data-end=\"3231\"><strong data-start=\"3171\" data-end=\"3185\">Avantage :<\/strong> Signal fort, fiabilit\u00e9, longue dur\u00e9e de vie<\/p>\n<\/li>\n<\/ul>\n","protected":false},"featured_media":19030,"template":"","meta":[],"product_brand":[],"product_cat":[455],"product_tag":[],"class_list":{"0":"post-19027","1":"product","2":"type-product","3":"status-publish","4":"has-post-thumbnail","6":"product_cat-kornalar","8":"first","9":"instock","10":"taxable","11":"shipping-taxable","12":"purchasable","13":"product-type-simple"},"_links":{"self":[{"href":"https:\/\/ceoparts.com\/fr\/wp-json\/wp\/v2\/product\/19027","targetHints":{"allow":["GET"]}}],"collection":[{"href":"https:\/\/ceoparts.com\/fr\/wp-json\/wp\/v2\/product"}],"about":[{"href":"https:\/\/ceoparts.com\/fr\/wp-json\/wp\/v2\/types\/product"}],"wp:featuredmedia":[{"embeddable":true,"href":"https:\/\/ceoparts.com\/fr\/wp-json\/wp\/v2\/media\/19030"}],"wp:attachment":[{"href":"https:\/\/ceoparts.com\/fr\/wp-json\/wp\/v2\/media?parent=19027"}],"wp:term":[{"taxonomy":"product_brand","embeddable":true,"href":"https:\/\/ceoparts.com\/fr\/wp-json\/wp\/v2\/product_brand?post=19027"},{"taxonomy":"product_cat","embeddable":true,"href":"https:\/\/ceoparts.com\/fr\/wp-json\/wp\/v2\/product_cat?post=19027"},{"taxonomy":"product_tag","embeddable":true,"href":"https:\/\/ceoparts.com\/fr\/wp-json\/wp\/v2\/product_tag?post=19027"}],"curies":[{"name":"wp","href":"https:\/\/api.w.org\/{rel}","templated":true}]}}