{"id":19034,"date":"2025-10-24T14:25:18","date_gmt":"2025-10-24T11:25:18","guid":{"rendered":"https:\/\/ceoparts.com\/?post_type=product&#038;p=19034"},"modified":"2026-05-02T20:26:42","modified_gmt":"2026-05-02T17:26:42","slug":"bt-lpe-catal-kelebegi","status":"publish","type":"product","link":"https:\/\/ceoparts.com\/fr\/urun\/bt-lpe-catal-kelebegi\/","title":{"rendered":"Charni\u00e8re de fourche BT \/ LPE"},"content":{"rendered":"<p>Charni\u00e8re de fourche BT \/ LPE<\/p>","protected":false},"excerpt":{"rendered":"<p data-start=\"2668\" data-end=\"2843\">Le <strong data-start=\"2671\" data-end=\"2710\">Levier de Pivot de Fourche BT \/ LPE<\/strong> est une pi\u00e8ce d\u2019origine utilis\u00e9e dans les chariots BT et LPE. Il permet un contr\u00f4le fluide et \u00e9quilibr\u00e9 du mouvement des fourches.<\/p>\n<p data-start=\"2845\" data-end=\"2869\"><strong data-start=\"2845\" data-end=\"2867\">Caract\u00e9ristiques :<\/strong><\/p>\n<ul data-start=\"2870\" data-end=\"3094\">\n<li data-start=\"2870\" data-end=\"2930\">\n<p data-start=\"2872\" data-end=\"2930\"><strong data-start=\"2872\" data-end=\"2892\">Nom du produit :<\/strong> Levier de Pivot de Fourche BT \/ LPE<\/p>\n<\/li>\n<li data-start=\"2931\" data-end=\"2987\">\n<p data-start=\"2933\" data-end=\"2987\"><strong data-start=\"2933\" data-end=\"2950\">Application :<\/strong> Chariots et transpalettes BT \/ LPE<\/p>\n<\/li>\n<li data-start=\"2988\" data-end=\"3035\">\n<p data-start=\"2990\" data-end=\"3035\"><strong data-start=\"2990\" data-end=\"3004\">Mat\u00e9riau :<\/strong> Acier moul\u00e9 haute r\u00e9sistance<\/p>\n<\/li>\n<li data-start=\"3036\" data-end=\"3094\">\n<p data-start=\"3038\" data-end=\"3094\"><strong data-start=\"3038\" data-end=\"3052\">Avantage :<\/strong> Pr\u00e9cision, stabilit\u00e9, compatibilit\u00e9 OEM<\/p>\n<\/li>\n<\/ul>\n","protected":false},"featured_media":19037,"template":"","meta":[],"product_brand":[],"product_cat":[406,251],"product_tag":[],"class_list":{"0":"post-19034","1":"product","2":"type-product","3":"status-publish","4":"has-post-thumbnail","6":"product_cat-catal-mekanizma","7":"product_cat-bt","9":"first","10":"instock","11":"taxable","12":"shipping-taxable","13":"purchasable","14":"product-type-simple"},"_links":{"self":[{"href":"https:\/\/ceoparts.com\/fr\/wp-json\/wp\/v2\/product\/19034","targetHints":{"allow":["GET"]}}],"collection":[{"href":"https:\/\/ceoparts.com\/fr\/wp-json\/wp\/v2\/product"}],"about":[{"href":"https:\/\/ceoparts.com\/fr\/wp-json\/wp\/v2\/types\/product"}],"wp:featuredmedia":[{"embeddable":true,"href":"https:\/\/ceoparts.com\/fr\/wp-json\/wp\/v2\/media\/19037"}],"wp:attachment":[{"href":"https:\/\/ceoparts.com\/fr\/wp-json\/wp\/v2\/media?parent=19034"}],"wp:term":[{"taxonomy":"product_brand","embeddable":true,"href":"https:\/\/ceoparts.com\/fr\/wp-json\/wp\/v2\/product_brand?post=19034"},{"taxonomy":"product_cat","embeddable":true,"href":"https:\/\/ceoparts.com\/fr\/wp-json\/wp\/v2\/product_cat?post=19034"},{"taxonomy":"product_tag","embeddable":true,"href":"https:\/\/ceoparts.com\/fr\/wp-json\/wp\/v2\/product_tag?post=19034"}],"curies":[{"name":"wp","href":"https:\/\/api.w.org\/{rel}","templated":true}]}}