{"id":19041,"date":"2025-10-24T14:44:43","date_gmt":"2025-10-24T11:44:43","guid":{"rendered":"https:\/\/ceoparts.com\/?post_type=product&#038;p=19041"},"modified":"2026-05-02T20:08:50","modified_gmt":"2026-05-02T17:08:50","slug":"20x243-mm-jungheinrich-mil-50147927","status":"publish","type":"product","link":"https:\/\/ceoparts.com\/fr\/urun\/20x243-mm-jungheinrich-mil-50147927\/","title":{"rendered":"Arbre Jungheinrich 20\u00d7243 mm \u2013 50147927"},"content":{"rendered":"<p>Arbre Jungheinrich 20\u00d7243 mm \u2013 50147927<\/p>","protected":false},"excerpt":{"rendered":"<p data-start=\"2758\" data-end=\"2972\">L\u2019<strong data-start=\"2760\" data-end=\"2801\">Axe Jungheinrich 20\u00d7243 mm \u2013 50147927<\/strong> est une pi\u00e8ce d\u2019origine utilis\u00e9e dans les m\u00e9canismes de levage et de fourche des chariots Jungheinrich. Fabriqu\u00e9 en acier tremp\u00e9 et chrom\u00e9 pour une r\u00e9sistance maximale.<\/p>\n<p data-start=\"2974\" data-end=\"2998\"><strong data-start=\"2974\" data-end=\"2996\">Caract\u00e9ristiques :<\/strong><\/p>\n<ul data-start=\"2999\" data-end=\"3212\">\n<li data-start=\"2999\" data-end=\"3050\">\n<p data-start=\"3001\" data-end=\"3050\"><strong data-start=\"3001\" data-end=\"3021\">Nom du produit :<\/strong> Axe Jungheinrich 20\u00d7243 mm<\/p>\n<\/li>\n<li data-start=\"3051\" data-end=\"3080\">\n<p data-start=\"3053\" data-end=\"3080\"><strong data-start=\"3053\" data-end=\"3069\">Code pi\u00e8ce :<\/strong> 50147927<\/p>\n<\/li>\n<li data-start=\"3081\" data-end=\"3114\">\n<p data-start=\"3083\" data-end=\"3114\"><strong data-start=\"3083\" data-end=\"3099\">Dimensions :<\/strong> \u00d820 \u00d7 243 mm<\/p>\n<\/li>\n<li data-start=\"3115\" data-end=\"3153\">\n<p data-start=\"3117\" data-end=\"3153\"><strong data-start=\"3117\" data-end=\"3131\">Mat\u00e9riau :<\/strong> Acier tremp\u00e9 chrom\u00e9<\/p>\n<\/li>\n<li data-start=\"3154\" data-end=\"3212\">\n<p data-start=\"3156\" data-end=\"3212\"><strong data-start=\"3156\" data-end=\"3170\">Avantage :<\/strong> Solidit\u00e9, durabilit\u00e9, compatibilit\u00e9 OEM<\/p>\n<\/li>\n<\/ul>\n","protected":false},"featured_media":19044,"template":"","meta":[],"product_brand":[],"product_cat":[467,236,522],"product_tag":[],"class_list":{"0":"post-19041","1":"product","2":"type-product","3":"status-publish","4":"has-post-thumbnail","6":"product_cat-mil-grubu","7":"product_cat-jungheinrich","8":"product_cat-yedek-parca-jungheinrich","10":"first","11":"instock","12":"taxable","13":"shipping-taxable","14":"purchasable","15":"product-type-simple"},"_links":{"self":[{"href":"https:\/\/ceoparts.com\/fr\/wp-json\/wp\/v2\/product\/19041","targetHints":{"allow":["GET"]}}],"collection":[{"href":"https:\/\/ceoparts.com\/fr\/wp-json\/wp\/v2\/product"}],"about":[{"href":"https:\/\/ceoparts.com\/fr\/wp-json\/wp\/v2\/types\/product"}],"wp:featuredmedia":[{"embeddable":true,"href":"https:\/\/ceoparts.com\/fr\/wp-json\/wp\/v2\/media\/19044"}],"wp:attachment":[{"href":"https:\/\/ceoparts.com\/fr\/wp-json\/wp\/v2\/media?parent=19041"}],"wp:term":[{"taxonomy":"product_brand","embeddable":true,"href":"https:\/\/ceoparts.com\/fr\/wp-json\/wp\/v2\/product_brand?post=19041"},{"taxonomy":"product_cat","embeddable":true,"href":"https:\/\/ceoparts.com\/fr\/wp-json\/wp\/v2\/product_cat?post=19041"},{"taxonomy":"product_tag","embeddable":true,"href":"https:\/\/ceoparts.com\/fr\/wp-json\/wp\/v2\/product_tag?post=19041"}],"curies":[{"name":"wp","href":"https:\/\/api.w.org\/{rel}","templated":true}]}}