{"id":19045,"date":"2025-10-24T15:05:31","date_gmt":"2025-10-24T12:05:31","guid":{"rendered":"https:\/\/ceoparts.com\/?post_type=product&#038;p=19045"},"modified":"2026-05-02T19:46:22","modified_gmt":"2026-05-02T16:46:22","slug":"jungheinrich-ere-kelebek-51173971","status":"publish","type":"product","link":"https:\/\/ceoparts.com\/fr\/urun\/jungheinrich-ere-kelebek-51173971\/","title":{"rendered":"Levier d\u2019acc\u00e9l\u00e9rateur Jungheinrich ERE \u2013 51173971"},"content":{"rendered":"<p>Levier d\u2019acc\u00e9l\u00e9rateur Jungheinrich ERE \u2013 51173971<\/p>","protected":false},"excerpt":{"rendered":"<p data-start=\"2810\" data-end=\"3007\">Le <strong data-start=\"2813\" data-end=\"2863\">Support de Fourche Jungheinrich ERE \u2013 51173971<\/strong> est une pi\u00e8ce d\u2019origine utilis\u00e9e dans les transpalettes ERE. Il permet une r\u00e9partition \u00e9quilibr\u00e9e de la charge et assure un mouvement fluide.<\/p>\n<p data-start=\"3009\" data-end=\"3033\"><strong data-start=\"3009\" data-end=\"3031\">Caract\u00e9ristiques :<\/strong><\/p>\n<ul data-start=\"3034\" data-end=\"3286\">\n<li data-start=\"3034\" data-end=\"3094\">\n<p data-start=\"3036\" data-end=\"3094\"><strong data-start=\"3036\" data-end=\"3056\">Nom du produit :<\/strong> Support de Fourche Jungheinrich ERE<\/p>\n<\/li>\n<li data-start=\"3095\" data-end=\"3124\">\n<p data-start=\"3097\" data-end=\"3124\"><strong data-start=\"3097\" data-end=\"3113\">Code pi\u00e8ce :<\/strong> 51173971<\/p>\n<\/li>\n<li data-start=\"3125\" data-end=\"3177\">\n<p data-start=\"3127\" data-end=\"3177\"><strong data-start=\"3127\" data-end=\"3152\">Mod\u00e8les compatibles :<\/strong> S\u00e9rie Jungheinrich ERE<\/p>\n<\/li>\n<li data-start=\"3178\" data-end=\"3225\">\n<p data-start=\"3180\" data-end=\"3225\"><strong data-start=\"3180\" data-end=\"3194\">Mat\u00e9riau :<\/strong> Acier moul\u00e9 haute r\u00e9sistance<\/p>\n<\/li>\n<li data-start=\"3226\" data-end=\"3286\">\n<p data-start=\"3228\" data-end=\"3286\"><strong data-start=\"3228\" data-end=\"3242\">Avantage :<\/strong> Fiabilit\u00e9, stabilit\u00e9, longue dur\u00e9e de vie<\/p>\n<\/li>\n<\/ul>\n","protected":false},"featured_media":19048,"template":"","meta":[],"product_brand":[],"product_cat":[406,236,522],"product_tag":[],"class_list":{"0":"post-19045","1":"product","2":"type-product","3":"status-publish","4":"has-post-thumbnail","6":"product_cat-catal-mekanizma","7":"product_cat-jungheinrich","8":"product_cat-yedek-parca-jungheinrich","10":"first","11":"instock","12":"taxable","13":"shipping-taxable","14":"purchasable","15":"product-type-simple"},"_links":{"self":[{"href":"https:\/\/ceoparts.com\/fr\/wp-json\/wp\/v2\/product\/19045","targetHints":{"allow":["GET"]}}],"collection":[{"href":"https:\/\/ceoparts.com\/fr\/wp-json\/wp\/v2\/product"}],"about":[{"href":"https:\/\/ceoparts.com\/fr\/wp-json\/wp\/v2\/types\/product"}],"wp:featuredmedia":[{"embeddable":true,"href":"https:\/\/ceoparts.com\/fr\/wp-json\/wp\/v2\/media\/19048"}],"wp:attachment":[{"href":"https:\/\/ceoparts.com\/fr\/wp-json\/wp\/v2\/media?parent=19045"}],"wp:term":[{"taxonomy":"product_brand","embeddable":true,"href":"https:\/\/ceoparts.com\/fr\/wp-json\/wp\/v2\/product_brand?post=19045"},{"taxonomy":"product_cat","embeddable":true,"href":"https:\/\/ceoparts.com\/fr\/wp-json\/wp\/v2\/product_cat?post=19045"},{"taxonomy":"product_tag","embeddable":true,"href":"https:\/\/ceoparts.com\/fr\/wp-json\/wp\/v2\/product_tag?post=19045"}],"curies":[{"name":"wp","href":"https:\/\/api.w.org\/{rel}","templated":true}]}}